{"id":285,"date":"2017-08-22T08:18:30","date_gmt":"2017-08-22T06:18:30","guid":{"rendered":"http:\/\/www.pars.se\/services\/bending\/"},"modified":"2017-08-22T08:18:38","modified_gmt":"2017-08-22T06:18:38","slug":"bending","status":"publish","type":"page","link":"https:\/\/pars.se\/en\/services\/bending\/","title":{"rendered":"Bending"},"content":{"rendered":"<h2><img decoding=\"async\" class=\"alignright size-full wp-image-19\" src=\"http:\/\/www.pars.se\/wp-content\/uploads\/bockning.jpg\" alt=\"\" width=\"215\" height=\"172\" data-mce-src=\"http:\/\/www.pars.se\/wp-content\/uploads\/bockning.jpg\" srcset=\"https:\/\/pars.se\/wp-content\/uploads\/bockning-177x142.jpg 177w, https:\/\/pars.se\/wp-content\/uploads\/bockning-200x160.jpg 200w, https:\/\/pars.se\/wp-content\/uploads\/bockning.jpg 215w\" sizes=\"(max-width: 215px) 100vw, 215px\" \/>Bending<\/h2>\n<p><span class=\"hps\">Bystronic<\/span>&nbsp;<span class=\"hps\">Beyler<\/span>&nbsp;<span class=\"hps\">with ABB<\/span>&nbsp;<span class=\"hps\">picking robot<\/span>.&nbsp;<span class=\"hps\">160 kg<\/span>&nbsp;<span class=\"hps\">lift capacity.<\/span>&nbsp;<span class=\"hps\">3000 mm<\/span><span class=\"hps\">length.<\/span>&nbsp;<span class=\"hps\">4 pcs<\/span>&nbsp;<span class=\"hps\">CNC<\/span>&nbsp;<span class=\"hps\">Amada<\/span>&nbsp;<span class=\"hps\">press brakes<\/span>&nbsp;<span class=\"hps\">80-170<\/span>&nbsp;<span class=\"hps\">tonnes.<\/span>&nbsp;<span class=\"hps\">Press brake<\/span><span class=\"hps\">Ursviken<\/span>&nbsp;<span class=\"hps\">500 tonnes.<\/span>&nbsp;<span class=\"hps\">Press brake<\/span>&nbsp;<span class=\"hps\">Ursviken<\/span>&nbsp;<span class=\"hps\">320<\/span>&nbsp;<span class=\"hps\">tonnes.<\/span>&nbsp;<span class=\"hps\">Hydraulic<\/span>&nbsp;<span class=\"hps\">\/<\/span>&nbsp;<span class=\"hps\">rich<\/span><span class=\"hps\">press<\/span>&nbsp;<span class=\"hps\">400<\/span>&nbsp;<span class=\"hps\">tons.<\/span><\/p>\n","protected":false},"excerpt":{"rendered":"<p>Bending Bystronic&nbsp;Beyler&nbsp;with ABB&nbsp;picking robot.&nbsp;160 kg&nbsp;lift capacity.&nbsp;3000 mmlength.&nbsp;4 pcs&nbsp;CNC&nbsp;Amada&nbsp;press brakes&nbsp;80-170&nbsp;tonnes.&nbsp;Press brakeUrsviken&nbsp;500 tonnes.&nbsp;Press brake&nbsp;Ursviken&nbsp;320&nbsp;tonnes.&nbsp;Hydraulic&nbsp;\/&nbsp;richpress&nbsp;400&nbsp;tons.<\/p>\n","protected":false},"author":1,"featured_media":0,"parent":283,"menu_order":0,"comment_status":"closed","ping_status":"closed","template":"","meta":{"footnotes":""},"class_list":["post-285","page","type-page","status-publish","hentry"],"yoast_head":"<!-- This site is optimized with the Yoast SEO plugin v27.3 - https:\/\/yoast.com\/product\/yoast-seo-wordpress\/ -->\n<title>Bending - V\u00e4lkommen till Pars Pl\u00e5tgruppen AB<\/title>\n<meta name=\"robots\" content=\"index, follow, max-snippet:-1, max-image-preview:large, max-video-preview:-1\" \/>\n<link rel=\"canonical\" href=\"https:\/\/pars.se\/en\/services\/bending\/\" \/>\n<meta property=\"og:locale\" content=\"en_US\" \/>\n<meta property=\"og:type\" content=\"article\" \/>\n<meta property=\"og:title\" content=\"Bending - V\u00e4lkommen till Pars Pl\u00e5tgruppen AB\" \/>\n<meta property=\"og:description\" content=\"Bending Bystronic&nbsp;Beyler&nbsp;with ABB&nbsp;picking robot.&nbsp;160 kg&nbsp;lift capacity.&nbsp;3000 mmlength.&nbsp;4 pcs&nbsp;CNC&nbsp;Amada&nbsp;press brakes&nbsp;80-170&nbsp;tonnes.&nbsp;Press brakeUrsviken&nbsp;500 tonnes.&nbsp;Press brake&nbsp;Ursviken&nbsp;320&nbsp;tonnes.&nbsp;Hydraulic&nbsp;\/&nbsp;richpress&nbsp;400&nbsp;tons.\" \/>\n<meta property=\"og:url\" content=\"https:\/\/pars.se\/en\/services\/bending\/\" \/>\n<meta property=\"og:site_name\" content=\"V\u00e4lkommen till Pars Pl\u00e5tgruppen AB\" \/>\n<meta property=\"article:publisher\" content=\"https:\/\/www.facebook.com\/Parsplatgruppen\" \/>\n<meta property=\"article:modified_time\" content=\"2017-08-22T06:18:38+00:00\" \/>\n<meta property=\"og:image\" content=\"http:\/\/www.pars.se\/wp-content\/uploads\/bockning.jpg\" \/>\n<meta name=\"twitter:card\" content=\"summary_large_image\" \/>\n<script type=\"application\/ld+json\" class=\"yoast-schema-graph\">{\"@context\":\"https:\\\/\\\/schema.org\",\"@graph\":[{\"@type\":\"WebPage\",\"@id\":\"https:\\\/\\\/pars.se\\\/en\\\/services\\\/bending\\\/\",\"url\":\"https:\\\/\\\/pars.se\\\/en\\\/services\\\/bending\\\/\",\"name\":\"Bending - V\u00e4lkommen till Pars Pl\u00e5tgruppen AB\",\"isPartOf\":{\"@id\":\"https:\\\/\\\/pars.se\\\/#website\"},\"primaryImageOfPage\":{\"@id\":\"https:\\\/\\\/pars.se\\\/en\\\/services\\\/bending\\\/#primaryimage\"},\"image\":{\"@id\":\"https:\\\/\\\/pars.se\\\/en\\\/services\\\/bending\\\/#primaryimage\"},\"thumbnailUrl\":\"http:\\\/\\\/www.pars.se\\\/wp-content\\\/uploads\\\/bockning.jpg\",\"datePublished\":\"2017-08-22T06:18:30+00:00\",\"dateModified\":\"2017-08-22T06:18:38+00:00\",\"breadcrumb\":{\"@id\":\"https:\\\/\\\/pars.se\\\/en\\\/services\\\/bending\\\/#breadcrumb\"},\"inLanguage\":\"en-US\",\"potentialAction\":[{\"@type\":\"ReadAction\",\"target\":[\"https:\\\/\\\/pars.se\\\/en\\\/services\\\/bending\\\/\"]}]},{\"@type\":\"ImageObject\",\"inLanguage\":\"en-US\",\"@id\":\"https:\\\/\\\/pars.se\\\/en\\\/services\\\/bending\\\/#primaryimage\",\"url\":\"http:\\\/\\\/www.pars.se\\\/wp-content\\\/uploads\\\/bockning.jpg\",\"contentUrl\":\"http:\\\/\\\/www.pars.se\\\/wp-content\\\/uploads\\\/bockning.jpg\"},{\"@type\":\"BreadcrumbList\",\"@id\":\"https:\\\/\\\/pars.se\\\/en\\\/services\\\/bending\\\/#breadcrumb\",\"itemListElement\":[{\"@type\":\"ListItem\",\"position\":1,\"name\":\"Hem\",\"item\":\"https:\\\/\\\/pars.se\\\/en\\\/\"},{\"@type\":\"ListItem\",\"position\":2,\"name\":\"Services\",\"item\":\"https:\\\/\\\/pars.se\\\/en\\\/services\\\/\"},{\"@type\":\"ListItem\",\"position\":3,\"name\":\"Bending\"}]},{\"@type\":\"WebSite\",\"@id\":\"https:\\\/\\\/pars.se\\\/#website\",\"url\":\"https:\\\/\\\/pars.se\\\/\",\"name\":\"V\u00e4lkommen till Pars Pl\u00e5tgruppen AB\",\"description\":\"&quot;fr\u00e5n ide till f\u00e4rdig produkt&quot;\",\"publisher\":{\"@id\":\"https:\\\/\\\/pars.se\\\/#organization\"},\"potentialAction\":[{\"@type\":\"SearchAction\",\"target\":{\"@type\":\"EntryPoint\",\"urlTemplate\":\"https:\\\/\\\/pars.se\\\/?s={search_term_string}\"},\"query-input\":{\"@type\":\"PropertyValueSpecification\",\"valueRequired\":true,\"valueName\":\"search_term_string\"}}],\"inLanguage\":\"en-US\"},{\"@type\":\"Organization\",\"@id\":\"https:\\\/\\\/pars.se\\\/#organization\",\"name\":\"Pars Pl\u00e5tgruppen AB\",\"url\":\"https:\\\/\\\/pars.se\\\/\",\"logo\":{\"@type\":\"ImageObject\",\"inLanguage\":\"en-US\",\"@id\":\"https:\\\/\\\/pars.se\\\/#\\\/schema\\\/logo\\\/image\\\/\",\"url\":\"https:\\\/\\\/pars.se\\\/wp-content\\\/uploads\\\/parsred.png\",\"contentUrl\":\"https:\\\/\\\/pars.se\\\/wp-content\\\/uploads\\\/parsred.png\",\"width\":262,\"height\":136,\"caption\":\"Pars Pl\u00e5tgruppen AB\"},\"image\":{\"@id\":\"https:\\\/\\\/pars.se\\\/#\\\/schema\\\/logo\\\/image\\\/\"},\"sameAs\":[\"https:\\\/\\\/www.facebook.com\\\/Parsplatgruppen\",\"https:\\\/\\\/www.linkedin.com\\\/in\\\/pars-pl\u00e5tgruppen-ab-06762114b\\\/\",\"https:\\\/\\\/www.youtube.com\\\/channel\\\/UCZDn5IzDv1xIcAdG5_dN1eg\"]}]}<\/script>\n<!-- \/ Yoast SEO plugin. -->","yoast_head_json":{"title":"Bending - V\u00e4lkommen till Pars Pl\u00e5tgruppen AB","robots":{"index":"index","follow":"follow","max-snippet":"max-snippet:-1","max-image-preview":"max-image-preview:large","max-video-preview":"max-video-preview:-1"},"canonical":"https:\/\/pars.se\/en\/services\/bending\/","og_locale":"en_US","og_type":"article","og_title":"Bending - V\u00e4lkommen till Pars Pl\u00e5tgruppen AB","og_description":"Bending Bystronic&nbsp;Beyler&nbsp;with ABB&nbsp;picking robot.&nbsp;160 kg&nbsp;lift capacity.&nbsp;3000 mmlength.&nbsp;4 pcs&nbsp;CNC&nbsp;Amada&nbsp;press brakes&nbsp;80-170&nbsp;tonnes.&nbsp;Press brakeUrsviken&nbsp;500 tonnes.&nbsp;Press brake&nbsp;Ursviken&nbsp;320&nbsp;tonnes.&nbsp;Hydraulic&nbsp;\/&nbsp;richpress&nbsp;400&nbsp;tons.","og_url":"https:\/\/pars.se\/en\/services\/bending\/","og_site_name":"V\u00e4lkommen till Pars Pl\u00e5tgruppen AB","article_publisher":"https:\/\/www.facebook.com\/Parsplatgruppen","article_modified_time":"2017-08-22T06:18:38+00:00","og_image":[{"url":"http:\/\/www.pars.se\/wp-content\/uploads\/bockning.jpg","type":"","width":"","height":""}],"twitter_card":"summary_large_image","schema":{"@context":"https:\/\/schema.org","@graph":[{"@type":"WebPage","@id":"https:\/\/pars.se\/en\/services\/bending\/","url":"https:\/\/pars.se\/en\/services\/bending\/","name":"Bending - V\u00e4lkommen till Pars Pl\u00e5tgruppen AB","isPartOf":{"@id":"https:\/\/pars.se\/#website"},"primaryImageOfPage":{"@id":"https:\/\/pars.se\/en\/services\/bending\/#primaryimage"},"image":{"@id":"https:\/\/pars.se\/en\/services\/bending\/#primaryimage"},"thumbnailUrl":"http:\/\/www.pars.se\/wp-content\/uploads\/bockning.jpg","datePublished":"2017-08-22T06:18:30+00:00","dateModified":"2017-08-22T06:18:38+00:00","breadcrumb":{"@id":"https:\/\/pars.se\/en\/services\/bending\/#breadcrumb"},"inLanguage":"en-US","potentialAction":[{"@type":"ReadAction","target":["https:\/\/pars.se\/en\/services\/bending\/"]}]},{"@type":"ImageObject","inLanguage":"en-US","@id":"https:\/\/pars.se\/en\/services\/bending\/#primaryimage","url":"http:\/\/www.pars.se\/wp-content\/uploads\/bockning.jpg","contentUrl":"http:\/\/www.pars.se\/wp-content\/uploads\/bockning.jpg"},{"@type":"BreadcrumbList","@id":"https:\/\/pars.se\/en\/services\/bending\/#breadcrumb","itemListElement":[{"@type":"ListItem","position":1,"name":"Hem","item":"https:\/\/pars.se\/en\/"},{"@type":"ListItem","position":2,"name":"Services","item":"https:\/\/pars.se\/en\/services\/"},{"@type":"ListItem","position":3,"name":"Bending"}]},{"@type":"WebSite","@id":"https:\/\/pars.se\/#website","url":"https:\/\/pars.se\/","name":"V\u00e4lkommen till Pars Pl\u00e5tgruppen AB","description":"&quot;fr\u00e5n ide till f\u00e4rdig produkt&quot;","publisher":{"@id":"https:\/\/pars.se\/#organization"},"potentialAction":[{"@type":"SearchAction","target":{"@type":"EntryPoint","urlTemplate":"https:\/\/pars.se\/?s={search_term_string}"},"query-input":{"@type":"PropertyValueSpecification","valueRequired":true,"valueName":"search_term_string"}}],"inLanguage":"en-US"},{"@type":"Organization","@id":"https:\/\/pars.se\/#organization","name":"Pars Pl\u00e5tgruppen AB","url":"https:\/\/pars.se\/","logo":{"@type":"ImageObject","inLanguage":"en-US","@id":"https:\/\/pars.se\/#\/schema\/logo\/image\/","url":"https:\/\/pars.se\/wp-content\/uploads\/parsred.png","contentUrl":"https:\/\/pars.se\/wp-content\/uploads\/parsred.png","width":262,"height":136,"caption":"Pars Pl\u00e5tgruppen AB"},"image":{"@id":"https:\/\/pars.se\/#\/schema\/logo\/image\/"},"sameAs":["https:\/\/www.facebook.com\/Parsplatgruppen","https:\/\/www.linkedin.com\/in\/pars-pl\u00e5tgruppen-ab-06762114b\/","https:\/\/www.youtube.com\/channel\/UCZDn5IzDv1xIcAdG5_dN1eg"]}]}},"publishpress_future_action":{"enabled":false,"date":"2026-04-11 16:19:40","action":"change-status","newStatus":"draft","terms":[],"taxonomy":"translation_priority","extraData":[]},"publishpress_future_workflow_manual_trigger":{"enabledWorkflows":[]},"_links":{"self":[{"href":"https:\/\/pars.se\/en\/wp-json\/wp\/v2\/pages\/285","targetHints":{"allow":["GET"]}}],"collection":[{"href":"https:\/\/pars.se\/en\/wp-json\/wp\/v2\/pages"}],"about":[{"href":"https:\/\/pars.se\/en\/wp-json\/wp\/v2\/types\/page"}],"author":[{"embeddable":true,"href":"https:\/\/pars.se\/en\/wp-json\/wp\/v2\/users\/1"}],"replies":[{"embeddable":true,"href":"https:\/\/pars.se\/en\/wp-json\/wp\/v2\/comments?post=285"}],"version-history":[{"count":1,"href":"https:\/\/pars.se\/en\/wp-json\/wp\/v2\/pages\/285\/revisions"}],"predecessor-version":[{"id":286,"href":"https:\/\/pars.se\/en\/wp-json\/wp\/v2\/pages\/285\/revisions\/286"}],"up":[{"embeddable":true,"href":"https:\/\/pars.se\/en\/wp-json\/wp\/v2\/pages\/283"}],"wp:attachment":[{"href":"https:\/\/pars.se\/en\/wp-json\/wp\/v2\/media?parent=285"}],"curies":[{"name":"wp","href":"https:\/\/api.w.org\/{rel}","templated":true}]}}