{"id":288,"date":"2017-08-22T08:20:07","date_gmt":"2017-08-22T06:20:07","guid":{"rendered":"http:\/\/www.pars.se\/services\/lasercutting\/"},"modified":"2017-08-22T08:20:07","modified_gmt":"2017-08-22T06:20:07","slug":"lasercutting","status":"publish","type":"page","link":"https:\/\/pars.se\/en\/services\/lasercutting\/","title":{"rendered":"Lasercutting"},"content":{"rendered":"<h2><img decoding=\"async\" class=\"alignright size-medium wp-image-22\" src=\"http:\/\/www.pars.se\/wp-content\/uploads\/laserskarning-300x198.jpg\" alt=\"\" width=\"300\" height=\"198\" srcset=\"https:\/\/pars.se\/wp-content\/uploads\/laserskarning-200x132.jpg 200w, https:\/\/pars.se\/wp-content\/uploads\/laserskarning-300x198.jpg 300w, https:\/\/pars.se\/wp-content\/uploads\/laserskarning-400x264.jpg 400w, https:\/\/pars.se\/wp-content\/uploads\/laserskarning.jpg 568w\" sizes=\"(max-width: 300px) 100vw, 300px\" \/>Lasercutting<\/h2>\n<p><span class=\"hps\">Bystronic<\/span>\u00a0<span class=\"hps\">4200W, 3000W<\/span>\u00a0<span class=\"hps\">with fully automatic<\/span>\u00a0<span class=\"hps\">charging<\/span>\u00a0<span class=\"hps\">and<\/span>\u00a0<span class=\"hps\">discharging<\/span><span class=\"hps\">device<\/span>\u00a0<span class=\"hps\">+<\/span>\u00a0<span class=\"hps\">dual<\/span>\u00a0<span class=\"hps\">warehouse<\/span>.\u00a0<span class=\"hps\">Tray sizes<\/span>\u00a0<span class=\"hps\">up to 3000<\/span>\u00a0<span class=\"hps\">* 1500<\/span>\u00a0<span class=\"hps\">mm \/<\/span>\u00a0<span class=\"hps\">tj<\/span>.\u00a0<span class=\"hps atn\">1-<\/span>15mm<span class=\"hps\">can be handled<\/span>\u00a0<span class=\"hps\">in these two<\/span>\u00a0<span class=\"hps\">cells.<\/span>\u00a0<span class=\"hps\">New 2012<\/span>\u00a0<span class=\"hps\">Trumpf<\/span>\u00a0<span class=\"hps\">TruLaser 3030<\/span><span class=\"hps\">5000W<\/span>\u00a0<span class=\"hps\">Fully Automatic<\/span>\u00a0<span class=\"hps\">5<\/span>\u00a0<span class=\"hps\">cell<\/span>\u00a0<span class=\"hps\">warehouse<\/span>\u00a0<span class=\"hps\">cutting<\/span>\u00a0<span class=\"hps atn\">1-<\/span>25mm.<\/p>\n","protected":false},"excerpt":{"rendered":"<p>Lasercutting Bystronic\u00a04200W, 3000W\u00a0with fully automatic\u00a0charging\u00a0and\u00a0dischargingdevice\u00a0+\u00a0dual\u00a0warehouse.\u00a0Tray sizes\u00a0up to 3000\u00a0* 1500\u00a0mm \/\u00a0tj.\u00a01-15mmcan be handled\u00a0in these two\u00a0cells.\u00a0New 2012\u00a0Trumpf\u00a0TruLaser 30305000W\u00a0Fully Automatic\u00a05\u00a0cell\u00a0warehouse\u00a0cutting\u00a01-25mm.<\/p>\n","protected":false},"author":1,"featured_media":0,"parent":283,"menu_order":0,"comment_status":"closed","ping_status":"closed","template":"","meta":{"footnotes":""},"class_list":["post-288","page","type-page","status-publish","hentry"],"yoast_head":"<!-- This site is optimized with the Yoast SEO plugin v27.3 - https:\/\/yoast.com\/product\/yoast-seo-wordpress\/ -->\n<title>Lasercutting - V\u00e4lkommen till Pars Pl\u00e5tgruppen AB<\/title>\n<meta name=\"robots\" content=\"index, follow, max-snippet:-1, max-image-preview:large, max-video-preview:-1\" \/>\n<link rel=\"canonical\" href=\"https:\/\/pars.se\/en\/services\/lasercutting\/\" \/>\n<meta property=\"og:locale\" content=\"en_US\" \/>\n<meta property=\"og:type\" content=\"article\" \/>\n<meta property=\"og:title\" content=\"Lasercutting - V\u00e4lkommen till Pars Pl\u00e5tgruppen AB\" \/>\n<meta property=\"og:description\" content=\"Lasercutting Bystronic\u00a04200W, 3000W\u00a0with fully automatic\u00a0charging\u00a0and\u00a0dischargingdevice\u00a0+\u00a0dual\u00a0warehouse.\u00a0Tray sizes\u00a0up to 3000\u00a0* 1500\u00a0mm \/\u00a0tj.\u00a01-15mmcan be handled\u00a0in these two\u00a0cells.\u00a0New 2012\u00a0Trumpf\u00a0TruLaser 30305000W\u00a0Fully Automatic\u00a05\u00a0cell\u00a0warehouse\u00a0cutting\u00a01-25mm.\" \/>\n<meta property=\"og:url\" content=\"https:\/\/pars.se\/en\/services\/lasercutting\/\" \/>\n<meta property=\"og:site_name\" content=\"V\u00e4lkommen till Pars Pl\u00e5tgruppen AB\" \/>\n<meta property=\"article:publisher\" content=\"https:\/\/www.facebook.com\/Parsplatgruppen\" \/>\n<meta property=\"og:image\" content=\"http:\/\/www.pars.se\/wp-content\/uploads\/laserskarning-300x198.jpg\" \/>\n<meta name=\"twitter:card\" content=\"summary_large_image\" \/>\n<script type=\"application\/ld+json\" class=\"yoast-schema-graph\">{\"@context\":\"https:\\\/\\\/schema.org\",\"@graph\":[{\"@type\":\"WebPage\",\"@id\":\"https:\\\/\\\/pars.se\\\/en\\\/services\\\/lasercutting\\\/\",\"url\":\"https:\\\/\\\/pars.se\\\/en\\\/services\\\/lasercutting\\\/\",\"name\":\"Lasercutting - V\u00e4lkommen till Pars Pl\u00e5tgruppen AB\",\"isPartOf\":{\"@id\":\"https:\\\/\\\/pars.se\\\/#website\"},\"primaryImageOfPage\":{\"@id\":\"https:\\\/\\\/pars.se\\\/en\\\/services\\\/lasercutting\\\/#primaryimage\"},\"image\":{\"@id\":\"https:\\\/\\\/pars.se\\\/en\\\/services\\\/lasercutting\\\/#primaryimage\"},\"thumbnailUrl\":\"http:\\\/\\\/www.pars.se\\\/wp-content\\\/uploads\\\/laserskarning-300x198.jpg\",\"datePublished\":\"2017-08-22T06:20:07+00:00\",\"breadcrumb\":{\"@id\":\"https:\\\/\\\/pars.se\\\/en\\\/services\\\/lasercutting\\\/#breadcrumb\"},\"inLanguage\":\"en-US\",\"potentialAction\":[{\"@type\":\"ReadAction\",\"target\":[\"https:\\\/\\\/pars.se\\\/en\\\/services\\\/lasercutting\\\/\"]}]},{\"@type\":\"ImageObject\",\"inLanguage\":\"en-US\",\"@id\":\"https:\\\/\\\/pars.se\\\/en\\\/services\\\/lasercutting\\\/#primaryimage\",\"url\":\"http:\\\/\\\/www.pars.se\\\/wp-content\\\/uploads\\\/laserskarning-300x198.jpg\",\"contentUrl\":\"http:\\\/\\\/www.pars.se\\\/wp-content\\\/uploads\\\/laserskarning-300x198.jpg\"},{\"@type\":\"BreadcrumbList\",\"@id\":\"https:\\\/\\\/pars.se\\\/en\\\/services\\\/lasercutting\\\/#breadcrumb\",\"itemListElement\":[{\"@type\":\"ListItem\",\"position\":1,\"name\":\"Hem\",\"item\":\"https:\\\/\\\/pars.se\\\/en\\\/\"},{\"@type\":\"ListItem\",\"position\":2,\"name\":\"Services\",\"item\":\"https:\\\/\\\/pars.se\\\/en\\\/services\\\/\"},{\"@type\":\"ListItem\",\"position\":3,\"name\":\"Lasercutting\"}]},{\"@type\":\"WebSite\",\"@id\":\"https:\\\/\\\/pars.se\\\/#website\",\"url\":\"https:\\\/\\\/pars.se\\\/\",\"name\":\"V\u00e4lkommen till Pars Pl\u00e5tgruppen AB\",\"description\":\"&quot;fr\u00e5n ide till f\u00e4rdig produkt&quot;\",\"publisher\":{\"@id\":\"https:\\\/\\\/pars.se\\\/#organization\"},\"potentialAction\":[{\"@type\":\"SearchAction\",\"target\":{\"@type\":\"EntryPoint\",\"urlTemplate\":\"https:\\\/\\\/pars.se\\\/?s={search_term_string}\"},\"query-input\":{\"@type\":\"PropertyValueSpecification\",\"valueRequired\":true,\"valueName\":\"search_term_string\"}}],\"inLanguage\":\"en-US\"},{\"@type\":\"Organization\",\"@id\":\"https:\\\/\\\/pars.se\\\/#organization\",\"name\":\"Pars Pl\u00e5tgruppen AB\",\"url\":\"https:\\\/\\\/pars.se\\\/\",\"logo\":{\"@type\":\"ImageObject\",\"inLanguage\":\"en-US\",\"@id\":\"https:\\\/\\\/pars.se\\\/#\\\/schema\\\/logo\\\/image\\\/\",\"url\":\"https:\\\/\\\/pars.se\\\/wp-content\\\/uploads\\\/parsred.png\",\"contentUrl\":\"https:\\\/\\\/pars.se\\\/wp-content\\\/uploads\\\/parsred.png\",\"width\":262,\"height\":136,\"caption\":\"Pars Pl\u00e5tgruppen AB\"},\"image\":{\"@id\":\"https:\\\/\\\/pars.se\\\/#\\\/schema\\\/logo\\\/image\\\/\"},\"sameAs\":[\"https:\\\/\\\/www.facebook.com\\\/Parsplatgruppen\",\"https:\\\/\\\/www.linkedin.com\\\/in\\\/pars-pl\u00e5tgruppen-ab-06762114b\\\/\",\"https:\\\/\\\/www.youtube.com\\\/channel\\\/UCZDn5IzDv1xIcAdG5_dN1eg\"]}]}<\/script>\n<!-- \/ Yoast SEO plugin. -->","yoast_head_json":{"title":"Lasercutting - V\u00e4lkommen till Pars Pl\u00e5tgruppen AB","robots":{"index":"index","follow":"follow","max-snippet":"max-snippet:-1","max-image-preview":"max-image-preview:large","max-video-preview":"max-video-preview:-1"},"canonical":"https:\/\/pars.se\/en\/services\/lasercutting\/","og_locale":"en_US","og_type":"article","og_title":"Lasercutting - V\u00e4lkommen till Pars Pl\u00e5tgruppen AB","og_description":"Lasercutting Bystronic\u00a04200W, 3000W\u00a0with fully automatic\u00a0charging\u00a0and\u00a0dischargingdevice\u00a0+\u00a0dual\u00a0warehouse.\u00a0Tray sizes\u00a0up to 3000\u00a0* 1500\u00a0mm \/\u00a0tj.\u00a01-15mmcan be handled\u00a0in these two\u00a0cells.\u00a0New 2012\u00a0Trumpf\u00a0TruLaser 30305000W\u00a0Fully Automatic\u00a05\u00a0cell\u00a0warehouse\u00a0cutting\u00a01-25mm.","og_url":"https:\/\/pars.se\/en\/services\/lasercutting\/","og_site_name":"V\u00e4lkommen till Pars Pl\u00e5tgruppen AB","article_publisher":"https:\/\/www.facebook.com\/Parsplatgruppen","og_image":[{"url":"http:\/\/www.pars.se\/wp-content\/uploads\/laserskarning-300x198.jpg","type":"","width":"","height":""}],"twitter_card":"summary_large_image","schema":{"@context":"https:\/\/schema.org","@graph":[{"@type":"WebPage","@id":"https:\/\/pars.se\/en\/services\/lasercutting\/","url":"https:\/\/pars.se\/en\/services\/lasercutting\/","name":"Lasercutting - V\u00e4lkommen till Pars Pl\u00e5tgruppen AB","isPartOf":{"@id":"https:\/\/pars.se\/#website"},"primaryImageOfPage":{"@id":"https:\/\/pars.se\/en\/services\/lasercutting\/#primaryimage"},"image":{"@id":"https:\/\/pars.se\/en\/services\/lasercutting\/#primaryimage"},"thumbnailUrl":"http:\/\/www.pars.se\/wp-content\/uploads\/laserskarning-300x198.jpg","datePublished":"2017-08-22T06:20:07+00:00","breadcrumb":{"@id":"https:\/\/pars.se\/en\/services\/lasercutting\/#breadcrumb"},"inLanguage":"en-US","potentialAction":[{"@type":"ReadAction","target":["https:\/\/pars.se\/en\/services\/lasercutting\/"]}]},{"@type":"ImageObject","inLanguage":"en-US","@id":"https:\/\/pars.se\/en\/services\/lasercutting\/#primaryimage","url":"http:\/\/www.pars.se\/wp-content\/uploads\/laserskarning-300x198.jpg","contentUrl":"http:\/\/www.pars.se\/wp-content\/uploads\/laserskarning-300x198.jpg"},{"@type":"BreadcrumbList","@id":"https:\/\/pars.se\/en\/services\/lasercutting\/#breadcrumb","itemListElement":[{"@type":"ListItem","position":1,"name":"Hem","item":"https:\/\/pars.se\/en\/"},{"@type":"ListItem","position":2,"name":"Services","item":"https:\/\/pars.se\/en\/services\/"},{"@type":"ListItem","position":3,"name":"Lasercutting"}]},{"@type":"WebSite","@id":"https:\/\/pars.se\/#website","url":"https:\/\/pars.se\/","name":"V\u00e4lkommen till Pars Pl\u00e5tgruppen AB","description":"&quot;fr\u00e5n ide till f\u00e4rdig produkt&quot;","publisher":{"@id":"https:\/\/pars.se\/#organization"},"potentialAction":[{"@type":"SearchAction","target":{"@type":"EntryPoint","urlTemplate":"https:\/\/pars.se\/?s={search_term_string}"},"query-input":{"@type":"PropertyValueSpecification","valueRequired":true,"valueName":"search_term_string"}}],"inLanguage":"en-US"},{"@type":"Organization","@id":"https:\/\/pars.se\/#organization","name":"Pars Pl\u00e5tgruppen AB","url":"https:\/\/pars.se\/","logo":{"@type":"ImageObject","inLanguage":"en-US","@id":"https:\/\/pars.se\/#\/schema\/logo\/image\/","url":"https:\/\/pars.se\/wp-content\/uploads\/parsred.png","contentUrl":"https:\/\/pars.se\/wp-content\/uploads\/parsred.png","width":262,"height":136,"caption":"Pars Pl\u00e5tgruppen AB"},"image":{"@id":"https:\/\/pars.se\/#\/schema\/logo\/image\/"},"sameAs":["https:\/\/www.facebook.com\/Parsplatgruppen","https:\/\/www.linkedin.com\/in\/pars-pl\u00e5tgruppen-ab-06762114b\/","https:\/\/www.youtube.com\/channel\/UCZDn5IzDv1xIcAdG5_dN1eg"]}]}},"publishpress_future_action":{"enabled":false,"date":"2026-04-20 06:22:12","action":"change-status","newStatus":"draft","terms":[],"taxonomy":"translation_priority","extraData":[]},"publishpress_future_workflow_manual_trigger":{"enabledWorkflows":[]},"_links":{"self":[{"href":"https:\/\/pars.se\/en\/wp-json\/wp\/v2\/pages\/288","targetHints":{"allow":["GET"]}}],"collection":[{"href":"https:\/\/pars.se\/en\/wp-json\/wp\/v2\/pages"}],"about":[{"href":"https:\/\/pars.se\/en\/wp-json\/wp\/v2\/types\/page"}],"author":[{"embeddable":true,"href":"https:\/\/pars.se\/en\/wp-json\/wp\/v2\/users\/1"}],"replies":[{"embeddable":true,"href":"https:\/\/pars.se\/en\/wp-json\/wp\/v2\/comments?post=288"}],"version-history":[{"count":0,"href":"https:\/\/pars.se\/en\/wp-json\/wp\/v2\/pages\/288\/revisions"}],"up":[{"embeddable":true,"href":"https:\/\/pars.se\/en\/wp-json\/wp\/v2\/pages\/283"}],"wp:attachment":[{"href":"https:\/\/pars.se\/en\/wp-json\/wp\/v2\/media?parent=288"}],"curies":[{"name":"wp","href":"https:\/\/api.w.org\/{rel}","templated":true}]}}