{"id":294,"date":"2017-08-22T08:28:16","date_gmt":"2017-08-22T06:28:16","guid":{"rendered":"http:\/\/www.pars.se\/services\/surface-treatment\/"},"modified":"2017-08-22T08:28:16","modified_gmt":"2017-08-22T06:28:16","slug":"surface-treatment","status":"publish","type":"page","link":"https:\/\/pars.se\/en\/services\/surface-treatment\/","title":{"rendered":"Surface treatment"},"content":{"rendered":"<h2><img decoding=\"async\" class=\"alignright size-full wp-image-34\" src=\"http:\/\/www.pars.se\/wp-content\/uploads\/ytbehandling.jpg\" alt=\"\" width=\"550\" height=\"283\" srcset=\"https:\/\/pars.se\/wp-content\/uploads\/ytbehandling-200x103.jpg 200w, https:\/\/pars.se\/wp-content\/uploads\/ytbehandling-300x154.jpg 300w, https:\/\/pars.se\/wp-content\/uploads\/ytbehandling-400x206.jpg 400w, https:\/\/pars.se\/wp-content\/uploads\/ytbehandling.jpg 550w\" sizes=\"(max-width: 550px) 100vw, 550px\" \/>Surface treatment<\/h2>\n<p><span class=\"hps\">Blasting<\/span>\u00a0<span class=\"hps\">&#8211;<\/span>\u00a0<span class=\"hps\">Slungrens<\/span>\u00a0<span class=\"hps\">blast<\/span>,\u00a0<span class=\"hps\">Pulverackering<\/span>\u00a0<span class=\"hps\">&#8211; Fully automatic<\/span>\u00a0<span class=\"hps\">electrostatic<\/span><span class=\"hps\">pulverbox<\/span>\u00a0<span class=\"hps\">brand<\/span>\u00a0<span class=\"hps\">Wagner.<\/span>\u00a0<span class=\"hps\">Five stage<\/span>\u00a0<span class=\"hps\">washing with<\/span>\u00a0<span class=\"hps\">passivation<\/span>\u00a0<span class=\"hps\">and<\/span><span class=\"hps\">rinsing.<\/span>\u00a0<span class=\"hps\">Goodies<\/span>\u00a0<span class=\"hps\">Size<\/span>\u00a0<span class=\"hps\">900<\/span>\u00a0<span class=\"hps\">*<\/span>\u00a0<span class=\"hps\">1400mm<\/span>.\u00a0<span class=\"hps\">New<\/span>\u00a0<span class=\"hps\">PLC<\/span><span class=\"atn\">&#8211;<\/span>operated\u00a0<span class=\"hps\">laundry with<\/span><span class=\"hps atn\">plc-<\/span>controlled\u00a0<span class=\"hps\">curing oven<\/span>.<\/p>\n","protected":false},"excerpt":{"rendered":"<p>Surface treatment Blasting\u00a0&#8211;\u00a0Slungrens\u00a0blast,\u00a0Pulverackering\u00a0&#8211; Fully automatic\u00a0electrostaticpulverbox\u00a0brand\u00a0Wagner.\u00a0Five stage\u00a0washing with\u00a0passivation\u00a0andrinsing.\u00a0Goodies\u00a0Size\u00a0900\u00a0*\u00a01400mm.\u00a0New\u00a0PLC&#8211;operated\u00a0laundry withplc-controlled\u00a0curing oven.<\/p>\n","protected":false},"author":1,"featured_media":0,"parent":283,"menu_order":0,"comment_status":"closed","ping_status":"closed","template":"","meta":{"footnotes":""},"class_list":["post-294","page","type-page","status-publish","hentry"],"yoast_head":"<!-- This site is optimized with the Yoast SEO plugin v27.3 - https:\/\/yoast.com\/product\/yoast-seo-wordpress\/ -->\n<title>Surface treatment - V\u00e4lkommen till Pars Pl\u00e5tgruppen AB<\/title>\n<meta name=\"robots\" content=\"index, follow, max-snippet:-1, max-image-preview:large, max-video-preview:-1\" \/>\n<link rel=\"canonical\" href=\"https:\/\/pars.se\/en\/services\/surface-treatment\/\" \/>\n<meta property=\"og:locale\" content=\"en_US\" \/>\n<meta property=\"og:type\" content=\"article\" \/>\n<meta property=\"og:title\" content=\"Surface treatment - V\u00e4lkommen till Pars Pl\u00e5tgruppen AB\" \/>\n<meta property=\"og:description\" content=\"Surface treatment Blasting\u00a0&#8211;\u00a0Slungrens\u00a0blast,\u00a0Pulverackering\u00a0&#8211; Fully automatic\u00a0electrostaticpulverbox\u00a0brand\u00a0Wagner.\u00a0Five stage\u00a0washing with\u00a0passivation\u00a0andrinsing.\u00a0Goodies\u00a0Size\u00a0900\u00a0*\u00a01400mm.\u00a0New\u00a0PLC&#8211;operated\u00a0laundry withplc-controlled\u00a0curing oven.\" \/>\n<meta property=\"og:url\" content=\"https:\/\/pars.se\/en\/services\/surface-treatment\/\" \/>\n<meta property=\"og:site_name\" content=\"V\u00e4lkommen till Pars Pl\u00e5tgruppen AB\" \/>\n<meta property=\"article:publisher\" content=\"https:\/\/www.facebook.com\/Parsplatgruppen\" \/>\n<meta property=\"og:image\" content=\"http:\/\/www.pars.se\/wp-content\/uploads\/ytbehandling.jpg\" \/>\n<meta name=\"twitter:card\" content=\"summary_large_image\" \/>\n<script type=\"application\/ld+json\" class=\"yoast-schema-graph\">{\"@context\":\"https:\\\/\\\/schema.org\",\"@graph\":[{\"@type\":\"WebPage\",\"@id\":\"https:\\\/\\\/pars.se\\\/en\\\/services\\\/surface-treatment\\\/\",\"url\":\"https:\\\/\\\/pars.se\\\/en\\\/services\\\/surface-treatment\\\/\",\"name\":\"Surface treatment - V\u00e4lkommen till Pars Pl\u00e5tgruppen AB\",\"isPartOf\":{\"@id\":\"https:\\\/\\\/pars.se\\\/#website\"},\"primaryImageOfPage\":{\"@id\":\"https:\\\/\\\/pars.se\\\/en\\\/services\\\/surface-treatment\\\/#primaryimage\"},\"image\":{\"@id\":\"https:\\\/\\\/pars.se\\\/en\\\/services\\\/surface-treatment\\\/#primaryimage\"},\"thumbnailUrl\":\"http:\\\/\\\/www.pars.se\\\/wp-content\\\/uploads\\\/ytbehandling.jpg\",\"datePublished\":\"2017-08-22T06:28:16+00:00\",\"breadcrumb\":{\"@id\":\"https:\\\/\\\/pars.se\\\/en\\\/services\\\/surface-treatment\\\/#breadcrumb\"},\"inLanguage\":\"en-US\",\"potentialAction\":[{\"@type\":\"ReadAction\",\"target\":[\"https:\\\/\\\/pars.se\\\/en\\\/services\\\/surface-treatment\\\/\"]}]},{\"@type\":\"ImageObject\",\"inLanguage\":\"en-US\",\"@id\":\"https:\\\/\\\/pars.se\\\/en\\\/services\\\/surface-treatment\\\/#primaryimage\",\"url\":\"http:\\\/\\\/www.pars.se\\\/wp-content\\\/uploads\\\/ytbehandling.jpg\",\"contentUrl\":\"http:\\\/\\\/www.pars.se\\\/wp-content\\\/uploads\\\/ytbehandling.jpg\"},{\"@type\":\"BreadcrumbList\",\"@id\":\"https:\\\/\\\/pars.se\\\/en\\\/services\\\/surface-treatment\\\/#breadcrumb\",\"itemListElement\":[{\"@type\":\"ListItem\",\"position\":1,\"name\":\"Hem\",\"item\":\"https:\\\/\\\/pars.se\\\/en\\\/\"},{\"@type\":\"ListItem\",\"position\":2,\"name\":\"Services\",\"item\":\"https:\\\/\\\/pars.se\\\/en\\\/services\\\/\"},{\"@type\":\"ListItem\",\"position\":3,\"name\":\"Surface treatment\"}]},{\"@type\":\"WebSite\",\"@id\":\"https:\\\/\\\/pars.se\\\/#website\",\"url\":\"https:\\\/\\\/pars.se\\\/\",\"name\":\"V\u00e4lkommen till Pars Pl\u00e5tgruppen AB\",\"description\":\"&quot;fr\u00e5n ide till f\u00e4rdig produkt&quot;\",\"publisher\":{\"@id\":\"https:\\\/\\\/pars.se\\\/#organization\"},\"potentialAction\":[{\"@type\":\"SearchAction\",\"target\":{\"@type\":\"EntryPoint\",\"urlTemplate\":\"https:\\\/\\\/pars.se\\\/?s={search_term_string}\"},\"query-input\":{\"@type\":\"PropertyValueSpecification\",\"valueRequired\":true,\"valueName\":\"search_term_string\"}}],\"inLanguage\":\"en-US\"},{\"@type\":\"Organization\",\"@id\":\"https:\\\/\\\/pars.se\\\/#organization\",\"name\":\"Pars Pl\u00e5tgruppen AB\",\"url\":\"https:\\\/\\\/pars.se\\\/\",\"logo\":{\"@type\":\"ImageObject\",\"inLanguage\":\"en-US\",\"@id\":\"https:\\\/\\\/pars.se\\\/#\\\/schema\\\/logo\\\/image\\\/\",\"url\":\"https:\\\/\\\/pars.se\\\/wp-content\\\/uploads\\\/parsred.png\",\"contentUrl\":\"https:\\\/\\\/pars.se\\\/wp-content\\\/uploads\\\/parsred.png\",\"width\":262,\"height\":136,\"caption\":\"Pars Pl\u00e5tgruppen AB\"},\"image\":{\"@id\":\"https:\\\/\\\/pars.se\\\/#\\\/schema\\\/logo\\\/image\\\/\"},\"sameAs\":[\"https:\\\/\\\/www.facebook.com\\\/Parsplatgruppen\",\"https:\\\/\\\/www.linkedin.com\\\/in\\\/pars-pl\u00e5tgruppen-ab-06762114b\\\/\",\"https:\\\/\\\/www.youtube.com\\\/channel\\\/UCZDn5IzDv1xIcAdG5_dN1eg\"]}]}<\/script>\n<!-- \/ Yoast SEO plugin. -->","yoast_head_json":{"title":"Surface treatment - V\u00e4lkommen till Pars Pl\u00e5tgruppen AB","robots":{"index":"index","follow":"follow","max-snippet":"max-snippet:-1","max-image-preview":"max-image-preview:large","max-video-preview":"max-video-preview:-1"},"canonical":"https:\/\/pars.se\/en\/services\/surface-treatment\/","og_locale":"en_US","og_type":"article","og_title":"Surface treatment - V\u00e4lkommen till Pars Pl\u00e5tgruppen AB","og_description":"Surface treatment Blasting\u00a0&#8211;\u00a0Slungrens\u00a0blast,\u00a0Pulverackering\u00a0&#8211; Fully automatic\u00a0electrostaticpulverbox\u00a0brand\u00a0Wagner.\u00a0Five stage\u00a0washing with\u00a0passivation\u00a0andrinsing.\u00a0Goodies\u00a0Size\u00a0900\u00a0*\u00a01400mm.\u00a0New\u00a0PLC&#8211;operated\u00a0laundry withplc-controlled\u00a0curing oven.","og_url":"https:\/\/pars.se\/en\/services\/surface-treatment\/","og_site_name":"V\u00e4lkommen till Pars Pl\u00e5tgruppen AB","article_publisher":"https:\/\/www.facebook.com\/Parsplatgruppen","og_image":[{"url":"http:\/\/www.pars.se\/wp-content\/uploads\/ytbehandling.jpg","type":"","width":"","height":""}],"twitter_card":"summary_large_image","schema":{"@context":"https:\/\/schema.org","@graph":[{"@type":"WebPage","@id":"https:\/\/pars.se\/en\/services\/surface-treatment\/","url":"https:\/\/pars.se\/en\/services\/surface-treatment\/","name":"Surface treatment - V\u00e4lkommen till Pars Pl\u00e5tgruppen AB","isPartOf":{"@id":"https:\/\/pars.se\/#website"},"primaryImageOfPage":{"@id":"https:\/\/pars.se\/en\/services\/surface-treatment\/#primaryimage"},"image":{"@id":"https:\/\/pars.se\/en\/services\/surface-treatment\/#primaryimage"},"thumbnailUrl":"http:\/\/www.pars.se\/wp-content\/uploads\/ytbehandling.jpg","datePublished":"2017-08-22T06:28:16+00:00","breadcrumb":{"@id":"https:\/\/pars.se\/en\/services\/surface-treatment\/#breadcrumb"},"inLanguage":"en-US","potentialAction":[{"@type":"ReadAction","target":["https:\/\/pars.se\/en\/services\/surface-treatment\/"]}]},{"@type":"ImageObject","inLanguage":"en-US","@id":"https:\/\/pars.se\/en\/services\/surface-treatment\/#primaryimage","url":"http:\/\/www.pars.se\/wp-content\/uploads\/ytbehandling.jpg","contentUrl":"http:\/\/www.pars.se\/wp-content\/uploads\/ytbehandling.jpg"},{"@type":"BreadcrumbList","@id":"https:\/\/pars.se\/en\/services\/surface-treatment\/#breadcrumb","itemListElement":[{"@type":"ListItem","position":1,"name":"Hem","item":"https:\/\/pars.se\/en\/"},{"@type":"ListItem","position":2,"name":"Services","item":"https:\/\/pars.se\/en\/services\/"},{"@type":"ListItem","position":3,"name":"Surface treatment"}]},{"@type":"WebSite","@id":"https:\/\/pars.se\/#website","url":"https:\/\/pars.se\/","name":"V\u00e4lkommen till Pars Pl\u00e5tgruppen AB","description":"&quot;fr\u00e5n ide till f\u00e4rdig produkt&quot;","publisher":{"@id":"https:\/\/pars.se\/#organization"},"potentialAction":[{"@type":"SearchAction","target":{"@type":"EntryPoint","urlTemplate":"https:\/\/pars.se\/?s={search_term_string}"},"query-input":{"@type":"PropertyValueSpecification","valueRequired":true,"valueName":"search_term_string"}}],"inLanguage":"en-US"},{"@type":"Organization","@id":"https:\/\/pars.se\/#organization","name":"Pars Pl\u00e5tgruppen AB","url":"https:\/\/pars.se\/","logo":{"@type":"ImageObject","inLanguage":"en-US","@id":"https:\/\/pars.se\/#\/schema\/logo\/image\/","url":"https:\/\/pars.se\/wp-content\/uploads\/parsred.png","contentUrl":"https:\/\/pars.se\/wp-content\/uploads\/parsred.png","width":262,"height":136,"caption":"Pars Pl\u00e5tgruppen AB"},"image":{"@id":"https:\/\/pars.se\/#\/schema\/logo\/image\/"},"sameAs":["https:\/\/www.facebook.com\/Parsplatgruppen","https:\/\/www.linkedin.com\/in\/pars-pl\u00e5tgruppen-ab-06762114b\/","https:\/\/www.youtube.com\/channel\/UCZDn5IzDv1xIcAdG5_dN1eg"]}]}},"publishpress_future_action":{"enabled":false,"date":"2026-04-11 14:28:55","action":"change-status","newStatus":"draft","terms":[],"taxonomy":"translation_priority","extraData":[]},"publishpress_future_workflow_manual_trigger":{"enabledWorkflows":[]},"_links":{"self":[{"href":"https:\/\/pars.se\/en\/wp-json\/wp\/v2\/pages\/294","targetHints":{"allow":["GET"]}}],"collection":[{"href":"https:\/\/pars.se\/en\/wp-json\/wp\/v2\/pages"}],"about":[{"href":"https:\/\/pars.se\/en\/wp-json\/wp\/v2\/types\/page"}],"author":[{"embeddable":true,"href":"https:\/\/pars.se\/en\/wp-json\/wp\/v2\/users\/1"}],"replies":[{"embeddable":true,"href":"https:\/\/pars.se\/en\/wp-json\/wp\/v2\/comments?post=294"}],"version-history":[{"count":0,"href":"https:\/\/pars.se\/en\/wp-json\/wp\/v2\/pages\/294\/revisions"}],"up":[{"embeddable":true,"href":"https:\/\/pars.se\/en\/wp-json\/wp\/v2\/pages\/283"}],"wp:attachment":[{"href":"https:\/\/pars.se\/en\/wp-json\/wp\/v2\/media?parent=294"}],"curies":[{"name":"wp","href":"https:\/\/api.w.org\/{rel}","templated":true}]}}