{"id":300,"date":"2017-08-22T08:32:22","date_gmt":"2017-08-22T06:32:22","guid":{"rendered":"http:\/\/www.pars.se\/where-we-are\/"},"modified":"2017-09-01T08:26:35","modified_gmt":"2017-09-01T06:26:35","slug":"where-we-are","status":"publish","type":"page","link":"https:\/\/pars.se\/en\/contact\/where-we-are\/","title":{"rendered":"Where we are"},"content":{"rendered":"<p><img decoding=\"async\" class=\"aligncenter size-full wp-image-115\" src=\"http:\/\/www.pars.se\/wp-content\/uploads\/karta.jpg\" alt=\"\" width=\"630\" height=\"492\" srcset=\"https:\/\/pars.se\/wp-content\/uploads\/karta-200x156.jpg 200w, https:\/\/pars.se\/wp-content\/uploads\/karta-300x234.jpg 300w, https:\/\/pars.se\/wp-content\/uploads\/karta-400x312.jpg 400w, https:\/\/pars.se\/wp-content\/uploads\/karta-600x469.jpg 600w, https:\/\/pars.se\/wp-content\/uploads\/karta.jpg 630w\" sizes=\"(max-width: 630px) 100vw, 630px\" \/><\/p>\n<div class=\"row\">\n<div class=\"col-md-6\">\n<div class=\"col-md-3\">\n<img decoding=\"async\" class=\"img-responsive\" src=\"http:\/\/www.pars.se\/wp-content\/uploads\/pars.jpg\" alt=\"Parsgruppen Logo\" \/><\/div>\n<div class=\"col-md-9\">\n<h4>Parsgruppen AB<\/h4>\n<p><em>Gillbergagatan 7<\/em><br \/>\n<em>582 73 Link\u00f6ping<\/em><br \/>\n<i class=\"fa fa-phone\" aria-hidden=\"true\"><\/i>\u00a0+46 (0)13 327 24 00<br \/>\n<i class=\"fa fa-fax\" aria-hidden=\"true\"><\/i>\u00a0+46 (0)13 10 60 15<br \/>\n<a href=\"http:\/\/www.pars.se\/en\/contact\/\">Our coworkers<\/a><\/p>\n<\/div>\n<\/div>\n<div class=\"col-md-6\">\n<div class=\"col-md-3\">\n<img decoding=\"async\" class=\"img-responsive\" src=\"http:\/\/www.pars.se\/wp-content\/uploads\/acab.jpg\" alt=\"ACAB Logo\" \/><\/div>\n<div class=\"col-md-9\">\n<h4>Acab<\/h4>\n<p><em>Alfta Industricenter, Box 62<\/em><br \/>\n<em>822 22 Alfta<\/em><br \/>\n<i class=\"fa fa-phone\" aria-hidden=\"true\"><\/i>\u00a0+46 (0)271-193 00<br \/>\n<i class=\"fa fa-fax\" aria-hidden=\"true\"><\/i>\u00a0+46 (0)271-193 29<br \/>\n<a href=\"http:\/\/www.pars.se\/en\/pars-group\/acab\/contact-us\/\">Our coworkers<\/a><\/p>\n<\/div>\n<\/div>\n<\/div>\n<p>&nbsp;<\/p>\n<div class=\"row\">\n<div class=\"col-md-6\">\n<div class=\"col-md-3\">\n<img decoding=\"async\" class=\"img-responsive\" src=\"http:\/\/www.pars.se\/wp-content\/uploads\/btt.jpg\" alt=\"BTT Logo\" \/><\/div>\n<div class=\"col-md-9\">\n<h4>BTT Pl\u00e5t AB<\/h4>\n<p><em>Tolvmannav\u00e4gen 3, Box 73<\/em><br \/>\n<em>590 40 Kisa<\/em><br \/>\n<i class=\"fa fa-phone\" aria-hidden=\"true\"><\/i>\u00a0 +46 (0)494 792 00<br \/>\n<i class=\"fa fa-fax\" aria-hidden=\"true\"><\/i>\u00a0+46 (0)494 123 85<br \/>\n<a href=\"http:\/\/www.pars.se\/en\/pars-group\/btt\/contact-us\/\">Our coworkers<\/a><\/p>\n<\/div>\n<\/div>\n<div class=\"col-md-6\">\n<div class=\"col-md-3\">\n<img decoding=\"async\" class=\"img-responsive\" src=\"http:\/\/www.pars.se\/wp-content\/uploads\/abl.jpg\" alt=\"ABL Logo\" \/><\/div>\n<div class=\"col-md-9\">\n<h4>ABL Construction Equipment AB<\/h4>\n<p><em>Svetsaregatan 1<\/em><br \/>\n<em>576 33 S\u00e4vsj\u00f6<\/em><br \/>\n<i class=\"fa fa-phone\" aria-hidden=\"true\"><\/i>\u00a0 +46 (0)382 676 00<br \/>\n<i class=\"fa fa-fax\" aria-hidden=\"true\"><\/i>\u00a0+46 (0)382 615 20<br \/>\n<a href=\"http:\/\/test.abl.se\/kontakta-oss\/medarbetare\/\">Our coworkers<\/a><\/p>\n<\/div>\n<\/div>\n<\/div>\n","protected":false},"excerpt":{"rendered":"<p>Parsgruppen AB Gillbergagatan 7 582 73 Link\u00f6ping \u00a0+46 (0)13 327 24 00 \u00a0+46 (0)13 10 60 15 Our coworkers Acab Alfta Industricenter, Box 62 822 22 Alfta \u00a0+46 (0)271-193 00 \u00a0+46 (0)271-193 29 Our coworkers &nbsp; BTT Pl\u00e5t AB Tolvmannav\u00e4gen 3, Box 73 590 40 Kisa \u00a0 +46 (0)494 792 00 \u00a0+46 (0)494 123 85<\/p>\n","protected":false},"author":1,"featured_media":0,"parent":304,"menu_order":0,"comment_status":"closed","ping_status":"closed","template":"","meta":{"footnotes":""},"class_list":["post-300","page","type-page","status-publish","hentry"],"yoast_head":"<!-- This site is optimized with the Yoast SEO plugin v27.3 - https:\/\/yoast.com\/product\/yoast-seo-wordpress\/ -->\n<title>Where we are - V\u00e4lkommen till Pars Pl\u00e5tgruppen AB<\/title>\n<meta name=\"robots\" content=\"index, follow, max-snippet:-1, max-image-preview:large, max-video-preview:-1\" \/>\n<link rel=\"canonical\" href=\"https:\/\/pars.se\/en\/contact\/where-we-are\/\" \/>\n<meta property=\"og:locale\" content=\"en_US\" \/>\n<meta property=\"og:type\" content=\"article\" \/>\n<meta property=\"og:title\" content=\"Where we are - V\u00e4lkommen till Pars Pl\u00e5tgruppen AB\" \/>\n<meta property=\"og:description\" content=\"Parsgruppen AB Gillbergagatan 7 582 73 Link\u00f6ping \u00a0+46 (0)13 327 24 00 \u00a0+46 (0)13 10 60 15 Our coworkers Acab Alfta Industricenter, Box 62 822 22 Alfta \u00a0+46 (0)271-193 00 \u00a0+46 (0)271-193 29 Our coworkers &nbsp; BTT Pl\u00e5t AB Tolvmannav\u00e4gen 3, Box 73 590 40 Kisa \u00a0 +46 (0)494 792 00 \u00a0+46 (0)494 123 85\" \/>\n<meta property=\"og:url\" content=\"https:\/\/pars.se\/en\/contact\/where-we-are\/\" \/>\n<meta property=\"og:site_name\" content=\"V\u00e4lkommen till Pars Pl\u00e5tgruppen AB\" \/>\n<meta property=\"article:publisher\" content=\"https:\/\/www.facebook.com\/Parsplatgruppen\" \/>\n<meta property=\"article:modified_time\" content=\"2017-09-01T06:26:35+00:00\" \/>\n<meta property=\"og:image\" content=\"http:\/\/www.pars.se\/wp-content\/uploads\/karta.jpg\" \/>\n<meta name=\"twitter:card\" content=\"summary_large_image\" \/>\n<script type=\"application\/ld+json\" class=\"yoast-schema-graph\">{\"@context\":\"https:\\\/\\\/schema.org\",\"@graph\":[{\"@type\":\"WebPage\",\"@id\":\"https:\\\/\\\/pars.se\\\/en\\\/contact\\\/where-we-are\\\/\",\"url\":\"https:\\\/\\\/pars.se\\\/en\\\/contact\\\/where-we-are\\\/\",\"name\":\"Where we are - V\u00e4lkommen till Pars Pl\u00e5tgruppen AB\",\"isPartOf\":{\"@id\":\"https:\\\/\\\/pars.se\\\/#website\"},\"primaryImageOfPage\":{\"@id\":\"https:\\\/\\\/pars.se\\\/en\\\/contact\\\/where-we-are\\\/#primaryimage\"},\"image\":{\"@id\":\"https:\\\/\\\/pars.se\\\/en\\\/contact\\\/where-we-are\\\/#primaryimage\"},\"thumbnailUrl\":\"http:\\\/\\\/www.pars.se\\\/wp-content\\\/uploads\\\/karta.jpg\",\"datePublished\":\"2017-08-22T06:32:22+00:00\",\"dateModified\":\"2017-09-01T06:26:35+00:00\",\"breadcrumb\":{\"@id\":\"https:\\\/\\\/pars.se\\\/en\\\/contact\\\/where-we-are\\\/#breadcrumb\"},\"inLanguage\":\"en-US\",\"potentialAction\":[{\"@type\":\"ReadAction\",\"target\":[\"https:\\\/\\\/pars.se\\\/en\\\/contact\\\/where-we-are\\\/\"]}]},{\"@type\":\"ImageObject\",\"inLanguage\":\"en-US\",\"@id\":\"https:\\\/\\\/pars.se\\\/en\\\/contact\\\/where-we-are\\\/#primaryimage\",\"url\":\"http:\\\/\\\/www.pars.se\\\/wp-content\\\/uploads\\\/karta.jpg\",\"contentUrl\":\"http:\\\/\\\/www.pars.se\\\/wp-content\\\/uploads\\\/karta.jpg\"},{\"@type\":\"BreadcrumbList\",\"@id\":\"https:\\\/\\\/pars.se\\\/en\\\/contact\\\/where-we-are\\\/#breadcrumb\",\"itemListElement\":[{\"@type\":\"ListItem\",\"position\":1,\"name\":\"Hem\",\"item\":\"https:\\\/\\\/pars.se\\\/en\\\/\"},{\"@type\":\"ListItem\",\"position\":2,\"name\":\"Contact us\",\"item\":\"https:\\\/\\\/pars.se\\\/en\\\/contact\\\/\"},{\"@type\":\"ListItem\",\"position\":3,\"name\":\"Where we are\"}]},{\"@type\":\"WebSite\",\"@id\":\"https:\\\/\\\/pars.se\\\/#website\",\"url\":\"https:\\\/\\\/pars.se\\\/\",\"name\":\"V\u00e4lkommen till Pars Pl\u00e5tgruppen AB\",\"description\":\"&quot;fr\u00e5n ide till f\u00e4rdig produkt&quot;\",\"publisher\":{\"@id\":\"https:\\\/\\\/pars.se\\\/#organization\"},\"potentialAction\":[{\"@type\":\"SearchAction\",\"target\":{\"@type\":\"EntryPoint\",\"urlTemplate\":\"https:\\\/\\\/pars.se\\\/?s={search_term_string}\"},\"query-input\":{\"@type\":\"PropertyValueSpecification\",\"valueRequired\":true,\"valueName\":\"search_term_string\"}}],\"inLanguage\":\"en-US\"},{\"@type\":\"Organization\",\"@id\":\"https:\\\/\\\/pars.se\\\/#organization\",\"name\":\"Pars Pl\u00e5tgruppen AB\",\"url\":\"https:\\\/\\\/pars.se\\\/\",\"logo\":{\"@type\":\"ImageObject\",\"inLanguage\":\"en-US\",\"@id\":\"https:\\\/\\\/pars.se\\\/#\\\/schema\\\/logo\\\/image\\\/\",\"url\":\"https:\\\/\\\/pars.se\\\/wp-content\\\/uploads\\\/parsred.png\",\"contentUrl\":\"https:\\\/\\\/pars.se\\\/wp-content\\\/uploads\\\/parsred.png\",\"width\":262,\"height\":136,\"caption\":\"Pars Pl\u00e5tgruppen AB\"},\"image\":{\"@id\":\"https:\\\/\\\/pars.se\\\/#\\\/schema\\\/logo\\\/image\\\/\"},\"sameAs\":[\"https:\\\/\\\/www.facebook.com\\\/Parsplatgruppen\",\"https:\\\/\\\/www.linkedin.com\\\/in\\\/pars-pl\u00e5tgruppen-ab-06762114b\\\/\",\"https:\\\/\\\/www.youtube.com\\\/channel\\\/UCZDn5IzDv1xIcAdG5_dN1eg\"]}]}<\/script>\n<!-- \/ Yoast SEO plugin. -->","yoast_head_json":{"title":"Where we are - V\u00e4lkommen till Pars Pl\u00e5tgruppen AB","robots":{"index":"index","follow":"follow","max-snippet":"max-snippet:-1","max-image-preview":"max-image-preview:large","max-video-preview":"max-video-preview:-1"},"canonical":"https:\/\/pars.se\/en\/contact\/where-we-are\/","og_locale":"en_US","og_type":"article","og_title":"Where we are - V\u00e4lkommen till Pars Pl\u00e5tgruppen AB","og_description":"Parsgruppen AB Gillbergagatan 7 582 73 Link\u00f6ping \u00a0+46 (0)13 327 24 00 \u00a0+46 (0)13 10 60 15 Our coworkers Acab Alfta Industricenter, Box 62 822 22 Alfta \u00a0+46 (0)271-193 00 \u00a0+46 (0)271-193 29 Our coworkers &nbsp; BTT Pl\u00e5t AB Tolvmannav\u00e4gen 3, Box 73 590 40 Kisa \u00a0 +46 (0)494 792 00 \u00a0+46 (0)494 123 85","og_url":"https:\/\/pars.se\/en\/contact\/where-we-are\/","og_site_name":"V\u00e4lkommen till Pars Pl\u00e5tgruppen AB","article_publisher":"https:\/\/www.facebook.com\/Parsplatgruppen","article_modified_time":"2017-09-01T06:26:35+00:00","og_image":[{"url":"http:\/\/www.pars.se\/wp-content\/uploads\/karta.jpg","type":"","width":"","height":""}],"twitter_card":"summary_large_image","schema":{"@context":"https:\/\/schema.org","@graph":[{"@type":"WebPage","@id":"https:\/\/pars.se\/en\/contact\/where-we-are\/","url":"https:\/\/pars.se\/en\/contact\/where-we-are\/","name":"Where we are - V\u00e4lkommen till Pars Pl\u00e5tgruppen AB","isPartOf":{"@id":"https:\/\/pars.se\/#website"},"primaryImageOfPage":{"@id":"https:\/\/pars.se\/en\/contact\/where-we-are\/#primaryimage"},"image":{"@id":"https:\/\/pars.se\/en\/contact\/where-we-are\/#primaryimage"},"thumbnailUrl":"http:\/\/www.pars.se\/wp-content\/uploads\/karta.jpg","datePublished":"2017-08-22T06:32:22+00:00","dateModified":"2017-09-01T06:26:35+00:00","breadcrumb":{"@id":"https:\/\/pars.se\/en\/contact\/where-we-are\/#breadcrumb"},"inLanguage":"en-US","potentialAction":[{"@type":"ReadAction","target":["https:\/\/pars.se\/en\/contact\/where-we-are\/"]}]},{"@type":"ImageObject","inLanguage":"en-US","@id":"https:\/\/pars.se\/en\/contact\/where-we-are\/#primaryimage","url":"http:\/\/www.pars.se\/wp-content\/uploads\/karta.jpg","contentUrl":"http:\/\/www.pars.se\/wp-content\/uploads\/karta.jpg"},{"@type":"BreadcrumbList","@id":"https:\/\/pars.se\/en\/contact\/where-we-are\/#breadcrumb","itemListElement":[{"@type":"ListItem","position":1,"name":"Hem","item":"https:\/\/pars.se\/en\/"},{"@type":"ListItem","position":2,"name":"Contact us","item":"https:\/\/pars.se\/en\/contact\/"},{"@type":"ListItem","position":3,"name":"Where we are"}]},{"@type":"WebSite","@id":"https:\/\/pars.se\/#website","url":"https:\/\/pars.se\/","name":"V\u00e4lkommen till Pars Pl\u00e5tgruppen AB","description":"&quot;fr\u00e5n ide till f\u00e4rdig produkt&quot;","publisher":{"@id":"https:\/\/pars.se\/#organization"},"potentialAction":[{"@type":"SearchAction","target":{"@type":"EntryPoint","urlTemplate":"https:\/\/pars.se\/?s={search_term_string}"},"query-input":{"@type":"PropertyValueSpecification","valueRequired":true,"valueName":"search_term_string"}}],"inLanguage":"en-US"},{"@type":"Organization","@id":"https:\/\/pars.se\/#organization","name":"Pars Pl\u00e5tgruppen AB","url":"https:\/\/pars.se\/","logo":{"@type":"ImageObject","inLanguage":"en-US","@id":"https:\/\/pars.se\/#\/schema\/logo\/image\/","url":"https:\/\/pars.se\/wp-content\/uploads\/parsred.png","contentUrl":"https:\/\/pars.se\/wp-content\/uploads\/parsred.png","width":262,"height":136,"caption":"Pars Pl\u00e5tgruppen AB"},"image":{"@id":"https:\/\/pars.se\/#\/schema\/logo\/image\/"},"sameAs":["https:\/\/www.facebook.com\/Parsplatgruppen","https:\/\/www.linkedin.com\/in\/pars-pl\u00e5tgruppen-ab-06762114b\/","https:\/\/www.youtube.com\/channel\/UCZDn5IzDv1xIcAdG5_dN1eg"]}]}},"publishpress_future_action":{"enabled":false,"date":"2026-04-20 06:25:10","action":"change-status","newStatus":"draft","terms":[],"taxonomy":"translation_priority","extraData":[]},"publishpress_future_workflow_manual_trigger":{"enabledWorkflows":[]},"_links":{"self":[{"href":"https:\/\/pars.se\/en\/wp-json\/wp\/v2\/pages\/300","targetHints":{"allow":["GET"]}}],"collection":[{"href":"https:\/\/pars.se\/en\/wp-json\/wp\/v2\/pages"}],"about":[{"href":"https:\/\/pars.se\/en\/wp-json\/wp\/v2\/types\/page"}],"author":[{"embeddable":true,"href":"https:\/\/pars.se\/en\/wp-json\/wp\/v2\/users\/1"}],"replies":[{"embeddable":true,"href":"https:\/\/pars.se\/en\/wp-json\/wp\/v2\/comments?post=300"}],"version-history":[{"count":1,"href":"https:\/\/pars.se\/en\/wp-json\/wp\/v2\/pages\/300\/revisions"}],"predecessor-version":[{"id":545,"href":"https:\/\/pars.se\/en\/wp-json\/wp\/v2\/pages\/300\/revisions\/545"}],"up":[{"embeddable":true,"href":"https:\/\/pars.se\/en\/wp-json\/wp\/v2\/pages\/304"}],"wp:attachment":[{"href":"https:\/\/pars.se\/en\/wp-json\/wp\/v2\/media?parent=300"}],"curies":[{"name":"wp","href":"https:\/\/api.w.org\/{rel}","templated":true}]}}