{"id":302,"date":"2017-08-22T08:32:58","date_gmt":"2017-08-22T06:32:58","guid":{"rendered":"http:\/\/www.pars.se\/main-company\/"},"modified":"2017-08-22T08:32:58","modified_gmt":"2017-08-22T06:32:58","slug":"main-company","status":"publish","type":"page","link":"https:\/\/pars.se\/en\/contact\/main-company\/","title":{"rendered":"Main company"},"content":{"rendered":"\n\n\n<div id=\"wpv-view-layout-135\" class=\"js-wpv-view-layout js-wpv-layout-responsive js-wpv-view-layout-135\" data-viewnumber=\"135\" data-pagination=\"{&quot;id&quot;:135,&quot;query&quot;:&quot;normal&quot;,&quot;type&quot;:&quot;disabled&quot;,&quot;effect&quot;:&quot;fade&quot;,&quot;duration&quot;:&quot;500&quot;,&quot;speed&quot;:&quot;5&quot;,&quot;pause_on_hover&quot;:&quot;disabled&quot;,&quot;stop_rollover&quot;:&quot;false&quot;,&quot;cache_pages&quot;:&quot;enabled&quot;,&quot;preload_images&quot;:&quot;enabled&quot;,&quot;preload_pages&quot;:&quot;enabled&quot;,&quot;preload_reach&quot;:&quot;1&quot;,&quot;spinner&quot;:&quot;builtin&quot;,&quot;spinner_image&quot;:&quot;https:\/\/www.pars.se\/wp-content\/plugins\/wp-views\/embedded\/res\/img\/ajax-loader.gif&quot;,&quot;callback_next&quot;:&quot;&quot;,&quot;manage_history&quot;:&quot;enabled&quot;,&quot;has_controls_in_form&quot;:&quot;disabled&quot;,&quot;infinite_tolerance&quot;:&quot;0&quot;,&quot;max_pages&quot;:0,&quot;page&quot;:1,&quot;base_permalink&quot;:&quot;\/en\/wp-json\/wp\/v2\/pages\/302?wpv_view_count=135&amp;wpv_paged=WPV_PAGE_NUM&quot;,&quot;loop&quot;:{&quot;type&quot;:&quot;&quot;,&quot;name&quot;:&quot;&quot;,&quot;data&quot;:[],&quot;id&quot;:0}}\" data-permalink=\"\/en\/wp-json\/wp\/v2\/pages\/302?wpv_view_count=135\">\n\n\t\n\t\n\t<div class=\"container wpv-loop js-wpv-loop\">\n\t\n\t\t\n\t\t<div class=\"row \">\n\t\t\t<div class=\"col-sm-6\"><div class=\"row\">\n  <div class=\"col-sm-3\">\n  \t<img decoding=\"async\" src=\"https:\/\/pars.se\/wp-content\/uploads\/Pars-portrattbilder_0082-scaled-e1684223258861-wpcf_104x156.jpg\" alt=\"Ali Karimi\" title=\"Ali Karimi\" class=\"attachment-custom\" \/>\n  <\/div>\n  <div class=\"col-sm-9\">\n  <h4>Ali Karimi<\/h4>\n  <em>Styrelseordf\u00f6rande<\/em><br \/>\n  <i class=\"fa fa-envelope-o\" aria-hidden=\"true\"><\/i> <small><a href=\"mailto:ali.karimi@pars.se\" title=\"ali.karimi@pars.se\">ali.karimi@pars.se<\/a><\/small><br \/>\n  <i class=\"fa fa-phone\" aria-hidden=\"true\"><\/i> <small>+46 (0) 13 327 24 03<\/small><br \/>\n  <i class=\"fa fa-mobile\" aria-hidden=\"true\"><\/i> <small>+46 (0)709 14 67 34<\/small><br \/>\n  \n  <\/div>\n<\/div>\n<br \/><br \/><\/div>\n\t\t\n\t\t\n\t\t\t<div class=\"col-sm-6\"><div class=\"row\">\n  <div class=\"col-sm-3\">\n  \t<img decoding=\"async\" src=\"https:\/\/pars.se\/wp-content\/uploads\/Pars-portrattbilder_0011-scaled-e1684223287265-wpcf_104x156.jpg\" alt=\"Johan Axelsson\" title=\"Johan Axelsson\" class=\"attachment-custom\" \/>\n  <\/div>\n  <div class=\"col-sm-9\">\n  <h4>Johan Axelsson<\/h4>\n  <em>Verkst\u00e4llande Direkt\u00f6r<\/em><br \/>\n  <i class=\"fa fa-envelope-o\" aria-hidden=\"true\"><\/i> <small><a href=\"mailto:johan.axelsson@pars.se\" title=\"johan.axelsson@pars.se\">johan.axelsson@pars.se<\/a><\/small><br \/>\n  <i class=\"fa fa-phone\" aria-hidden=\"true\"><\/i> <small>+46 (0) 13 327 24 04<\/small><br \/>\n  <i class=\"fa fa-mobile\" aria-hidden=\"true\"><\/i> <small>+46 (0)705 90 45 60<\/small><br \/>\n  \n  <\/div>\n<\/div>\n<br \/><br \/><\/div>\n\t\t<\/div>\n\t\t\n\t\t\n\t\t<div class=\"row \">\n\t\t\t<div class=\"col-sm-6\"><div class=\"row\">\n  <div class=\"col-sm-3\">\n  \t<img decoding=\"async\" src=\"https:\/\/pars.se\/wp-content\/uploads\/sofia-scaled-e1684223306315-wpcf_104x156.jpg\" alt=\"Sofia Karimi\" title=\"Sofia Karimi\" class=\"attachment-custom\" \/>\n  <\/div>\n  <div class=\"col-sm-9\">\n  <h4>Sofia Karimi<\/h4>\n  <em>vice VD<\/em><br \/>\n  <i class=\"fa fa-envelope-o\" aria-hidden=\"true\"><\/i> <small><a href=\"mailto:sofia.karimi@pars.se\" title=\"sofia.karimi@pars.se\">sofia.karimi@pars.se<\/a><\/small><br \/>\n  <i class=\"fa fa-phone\" aria-hidden=\"true\"><\/i> <small>+46 (0) 13 327 24 05<\/small><br \/>\n  <i class=\"fa fa-mobile\" aria-hidden=\"true\"><\/i> <small>+46 (0)705 61 56 29<\/small><br \/>\n  \n  <\/div>\n<\/div>\n<br \/><br \/><\/div>\n\t\t\n\t\t\n\t\t\t<div class=\"col-sm-6\"><div class=\"row\">\n  <div class=\"col-sm-3\">\n  \t<img decoding=\"async\" src=\"https:\/\/pars.se\/wp-content\/uploads\/Pars-portrattbilder_0204-scaled-e1684309688554-wpcf_104x156.jpg\" alt=\"Linda Eskilson\" title=\"Linda Eskilson\" class=\"attachment-custom\" \/>\n  <\/div>\n  <div class=\"col-sm-9\">\n  <h4>Linda Eskilson<\/h4>\n  <em>Ekonomi Pars dotterbolag<\/em><br \/>\n  <i class=\"fa fa-envelope-o\" aria-hidden=\"true\"><\/i> <small><a href=\"mailto:linda.eskilson@pars.se\" title=\"linda.eskilson@pars.se\">linda.eskilson@pars.se<\/a><\/small><br \/>\n  <i class=\"fa fa-phone\" aria-hidden=\"true\"><\/i> <small>+46 (0) 13 327 24 15<\/small><br \/>\n  <i class=\"fa fa-mobile\" aria-hidden=\"true\"><\/i> <small>+46 (0)766 77 49 15<\/small><br \/>\n  \n  <\/div>\n<\/div>\n<br \/><br \/><\/div>\n\t\t<\/div>\n\t\t\n\t\t\n\t\t<div class=\"row \">\n\t\t\t<div class=\"col-sm-6\"><div class=\"row\">\n  <div class=\"col-sm-3\">\n  \t<img decoding=\"async\" src=\"https:\/\/pars.se\/wp-content\/uploads\/IMG_7114-scaled-e1755071634708-wpcf_104x156.jpeg\" alt=\"Bo Karimi\" title=\"Bo Karimi\" class=\"attachment-custom\" \/>\n  <\/div>\n  <div class=\"col-sm-9\">\n  <h4>Bo Karimi<\/h4>\n  <em>Marknad | Sociala medier | Ekonomi Pars\/Banaha\/Pars fastigheter |<\/em><br \/>\n  <i class=\"fa fa-envelope-o\" aria-hidden=\"true\"><\/i> <small><a href=\"mailto:bo.karimi@pars.se\" title=\"bo.karimi@pars.se\">bo.karimi@pars.se<\/a><\/small><br \/>\n  <i class=\"fa fa-phone\" aria-hidden=\"true\"><\/i> <small>+46 (0) 13 327 24 06<\/small><br \/>\n  <i class=\"fa fa-mobile\" aria-hidden=\"true\"><\/i> <small>+46 (0)709 700 792<\/small><br \/>\n  \n  <\/div>\n<\/div>\n<br \/><br \/><\/div>\n\t\t\n\t\t\n\t\t\t<div class=\"col-sm-6\"><div class=\"row\">\n  <div class=\"col-sm-3\">\n  \t<img decoding=\"async\" src=\"https:\/\/pars.se\/wp-content\/uploads\/Pars-portrattbilder_0083-scaled-e1684309616728-wpcf_104x156.jpg\" alt=\"Thomas Axelsson\" title=\"Thomas Axelsson\" class=\"attachment-custom\" \/>\n  <\/div>\n  <div class=\"col-sm-9\">\n  <h4>Thomas Axelsson<\/h4>\n  <em>Styrelseledamot<\/em><br \/>\n  <i class=\"fa fa-envelope-o\" aria-hidden=\"true\"><\/i> <small><a href=\"mailto:thomas.axelsson@pars.se\" title=\"thomas.axelsson@pars.se\">thomas.axelsson@pars.se<\/a><\/small><br \/>\n  <i class=\"fa fa-phone\" aria-hidden=\"true\"><\/i> <small>+46 (0)13-327 24 01<\/small><br \/>\n  <i class=\"fa fa-mobile\" aria-hidden=\"true\"><\/i> <small>+46 (0)70-550 36 17<\/small><br \/>\n  \n  <\/div>\n<\/div>\n<br \/><br \/><\/div>\n\t\t<\/div>\n\t\t\n\t\t\n\t\t<div class=\"row \">\n\t\t\t<div class=\"col-sm-6\"><div class=\"row\">\n  <div class=\"col-sm-3\">\n  \t<img decoding=\"async\" src=\"https:\/\/pars.se\/wp-content\/uploads\/Pars-portrattbilder_0193-scaled-e1684309636427-wpcf_104x156.jpg\" alt=\"Hanna Wirsen\" title=\"Hanna Wirsen\" class=\"attachment-custom\" \/>\n  <\/div>\n  <div class=\"col-sm-9\">\n  <h4>Hanna Wirsen<\/h4>\n  <em>Ekonomi Pars dotterbolag<\/em><br \/>\n  <i class=\"fa fa-envelope-o\" aria-hidden=\"true\"><\/i> <small><a href=\"mailto:hanna.wirsen@pars.se\" title=\"hanna.wirsen@pars.se\">hanna.wirsen@pars.se<\/a><\/small><br \/>\n  <i class=\"fa fa-phone\" aria-hidden=\"true\"><\/i> <small>+46 (0) 13 327 24 00<\/small><br \/>\n  <i class=\"fa fa-mobile\" aria-hidden=\"true\"><\/i> <small>+46 (0)73 081 35 35<\/small><br \/>\n  \n  <\/div>\n<\/div>\n<br \/><br \/><\/div>\n\t\t\n\t\t\n\t\t\t<div class=\"col-sm-6\"><div class=\"row\">\n  <div class=\"col-sm-3\">\n  \t<img decoding=\"async\" src=\"https:\/\/pars.se\/wp-content\/uploads\/parsknapp-wpcf_104x121.png\" alt=\"Bengt Saven\" title=\"Bengt Saven\" class=\"attachment-custom\" \/>\n  <\/div>\n  <div class=\"col-sm-9\">\n  <h4>Bengt Saven<\/h4>\n  <em>Styrelseledamot<\/em><br \/>\n  <i class=\"fa fa-envelope-o\" aria-hidden=\"true\"><\/i> <small><a href=\"mailto:bengt.saven@pars.se\" title=\"bengt.saven@pars.se\">bengt.saven@pars.se<\/a><\/small><br \/>\n  <i class=\"fa fa-phone\" aria-hidden=\"true\"><\/i> <small>+46 (0) 13 327 24 00<\/small><br \/>\n  \n  \n  <\/div>\n<\/div>\n<br \/><br \/><\/div>\n\t\t<\/div>\n\t\t\n\t<\/div>\n\t\n\t\n\t\n<\/div>\n","protected":false},"excerpt":{"rendered":"","protected":false},"author":1,"featured_media":0,"parent":304,"menu_order":0,"comment_status":"closed","ping_status":"closed","template":"","meta":{"footnotes":""},"class_list":["post-302","page","type-page","status-publish","hentry"],"yoast_head":"<!-- This site is optimized with the Yoast SEO plugin v27.3 - https:\/\/yoast.com\/product\/yoast-seo-wordpress\/ -->\n<title>Main company - V\u00e4lkommen till Pars Pl\u00e5tgruppen AB<\/title>\n<meta name=\"robots\" content=\"index, follow, max-snippet:-1, max-image-preview:large, max-video-preview:-1\" \/>\n<link rel=\"canonical\" href=\"https:\/\/pars.se\/en\/contact\/main-company\/\" \/>\n<meta property=\"og:locale\" content=\"en_US\" \/>\n<meta property=\"og:type\" content=\"article\" \/>\n<meta property=\"og:title\" content=\"Main company - V\u00e4lkommen till Pars Pl\u00e5tgruppen AB\" \/>\n<meta property=\"og:url\" content=\"https:\/\/pars.se\/en\/contact\/main-company\/\" \/>\n<meta property=\"og:site_name\" content=\"V\u00e4lkommen till Pars Pl\u00e5tgruppen AB\" \/>\n<meta property=\"article:publisher\" content=\"https:\/\/www.facebook.com\/Parsplatgruppen\" \/>\n<meta property=\"og:image\" content=\"https:\/\/pars.se\/wp-content\/uploads\/2018-09-13-09-58-26.png\" \/>\n\t<meta property=\"og:image:width\" content=\"171\" \/>\n\t<meta property=\"og:image:height\" content=\"181\" \/>\n\t<meta property=\"og:image:type\" content=\"image\/png\" \/>\n<meta name=\"twitter:card\" content=\"summary_large_image\" \/>\n<script type=\"application\/ld+json\" class=\"yoast-schema-graph\">{\"@context\":\"https:\\\/\\\/schema.org\",\"@graph\":[{\"@type\":\"WebPage\",\"@id\":\"https:\\\/\\\/pars.se\\\/en\\\/contact\\\/main-company\\\/\",\"url\":\"https:\\\/\\\/pars.se\\\/en\\\/contact\\\/main-company\\\/\",\"name\":\"Main company - V\u00e4lkommen till Pars Pl\u00e5tgruppen AB\",\"isPartOf\":{\"@id\":\"https:\\\/\\\/pars.se\\\/#website\"},\"datePublished\":\"2017-08-22T06:32:58+00:00\",\"breadcrumb\":{\"@id\":\"https:\\\/\\\/pars.se\\\/en\\\/contact\\\/main-company\\\/#breadcrumb\"},\"inLanguage\":\"en-US\",\"potentialAction\":[{\"@type\":\"ReadAction\",\"target\":[\"https:\\\/\\\/pars.se\\\/en\\\/contact\\\/main-company\\\/\"]}]},{\"@type\":\"BreadcrumbList\",\"@id\":\"https:\\\/\\\/pars.se\\\/en\\\/contact\\\/main-company\\\/#breadcrumb\",\"itemListElement\":[{\"@type\":\"ListItem\",\"position\":1,\"name\":\"Hem\",\"item\":\"https:\\\/\\\/pars.se\\\/en\\\/\"},{\"@type\":\"ListItem\",\"position\":2,\"name\":\"Contact us\",\"item\":\"https:\\\/\\\/pars.se\\\/en\\\/contact\\\/\"},{\"@type\":\"ListItem\",\"position\":3,\"name\":\"Main company\"}]},{\"@type\":\"WebSite\",\"@id\":\"https:\\\/\\\/pars.se\\\/#website\",\"url\":\"https:\\\/\\\/pars.se\\\/\",\"name\":\"V\u00e4lkommen till Pars Pl\u00e5tgruppen AB\",\"description\":\"&quot;fr\u00e5n ide till f\u00e4rdig produkt&quot;\",\"publisher\":{\"@id\":\"https:\\\/\\\/pars.se\\\/#organization\"},\"potentialAction\":[{\"@type\":\"SearchAction\",\"target\":{\"@type\":\"EntryPoint\",\"urlTemplate\":\"https:\\\/\\\/pars.se\\\/?s={search_term_string}\"},\"query-input\":{\"@type\":\"PropertyValueSpecification\",\"valueRequired\":true,\"valueName\":\"search_term_string\"}}],\"inLanguage\":\"en-US\"},{\"@type\":\"Organization\",\"@id\":\"https:\\\/\\\/pars.se\\\/#organization\",\"name\":\"Pars Pl\u00e5tgruppen AB\",\"url\":\"https:\\\/\\\/pars.se\\\/\",\"logo\":{\"@type\":\"ImageObject\",\"inLanguage\":\"en-US\",\"@id\":\"https:\\\/\\\/pars.se\\\/#\\\/schema\\\/logo\\\/image\\\/\",\"url\":\"https:\\\/\\\/pars.se\\\/wp-content\\\/uploads\\\/parsred.png\",\"contentUrl\":\"https:\\\/\\\/pars.se\\\/wp-content\\\/uploads\\\/parsred.png\",\"width\":262,\"height\":136,\"caption\":\"Pars Pl\u00e5tgruppen AB\"},\"image\":{\"@id\":\"https:\\\/\\\/pars.se\\\/#\\\/schema\\\/logo\\\/image\\\/\"},\"sameAs\":[\"https:\\\/\\\/www.facebook.com\\\/Parsplatgruppen\",\"https:\\\/\\\/www.linkedin.com\\\/in\\\/pars-pl\u00e5tgruppen-ab-06762114b\\\/\",\"https:\\\/\\\/www.youtube.com\\\/channel\\\/UCZDn5IzDv1xIcAdG5_dN1eg\"]}]}<\/script>\n<!-- \/ Yoast SEO plugin. -->","yoast_head_json":{"title":"Main company - V\u00e4lkommen till Pars Pl\u00e5tgruppen AB","robots":{"index":"index","follow":"follow","max-snippet":"max-snippet:-1","max-image-preview":"max-image-preview:large","max-video-preview":"max-video-preview:-1"},"canonical":"https:\/\/pars.se\/en\/contact\/main-company\/","og_locale":"en_US","og_type":"article","og_title":"Main company - V\u00e4lkommen till Pars Pl\u00e5tgruppen AB","og_url":"https:\/\/pars.se\/en\/contact\/main-company\/","og_site_name":"V\u00e4lkommen till Pars Pl\u00e5tgruppen AB","article_publisher":"https:\/\/www.facebook.com\/Parsplatgruppen","og_image":[{"width":171,"height":181,"url":"https:\/\/pars.se\/wp-content\/uploads\/2018-09-13-09-58-26.png","type":"image\/png"}],"twitter_card":"summary_large_image","schema":{"@context":"https:\/\/schema.org","@graph":[{"@type":"WebPage","@id":"https:\/\/pars.se\/en\/contact\/main-company\/","url":"https:\/\/pars.se\/en\/contact\/main-company\/","name":"Main company - V\u00e4lkommen till Pars Pl\u00e5tgruppen AB","isPartOf":{"@id":"https:\/\/pars.se\/#website"},"datePublished":"2017-08-22T06:32:58+00:00","breadcrumb":{"@id":"https:\/\/pars.se\/en\/contact\/main-company\/#breadcrumb"},"inLanguage":"en-US","potentialAction":[{"@type":"ReadAction","target":["https:\/\/pars.se\/en\/contact\/main-company\/"]}]},{"@type":"BreadcrumbList","@id":"https:\/\/pars.se\/en\/contact\/main-company\/#breadcrumb","itemListElement":[{"@type":"ListItem","position":1,"name":"Hem","item":"https:\/\/pars.se\/en\/"},{"@type":"ListItem","position":2,"name":"Contact us","item":"https:\/\/pars.se\/en\/contact\/"},{"@type":"ListItem","position":3,"name":"Main company"}]},{"@type":"WebSite","@id":"https:\/\/pars.se\/#website","url":"https:\/\/pars.se\/","name":"V\u00e4lkommen till Pars Pl\u00e5tgruppen AB","description":"&quot;fr\u00e5n ide till f\u00e4rdig produkt&quot;","publisher":{"@id":"https:\/\/pars.se\/#organization"},"potentialAction":[{"@type":"SearchAction","target":{"@type":"EntryPoint","urlTemplate":"https:\/\/pars.se\/?s={search_term_string}"},"query-input":{"@type":"PropertyValueSpecification","valueRequired":true,"valueName":"search_term_string"}}],"inLanguage":"en-US"},{"@type":"Organization","@id":"https:\/\/pars.se\/#organization","name":"Pars Pl\u00e5tgruppen AB","url":"https:\/\/pars.se\/","logo":{"@type":"ImageObject","inLanguage":"en-US","@id":"https:\/\/pars.se\/#\/schema\/logo\/image\/","url":"https:\/\/pars.se\/wp-content\/uploads\/parsred.png","contentUrl":"https:\/\/pars.se\/wp-content\/uploads\/parsred.png","width":262,"height":136,"caption":"Pars Pl\u00e5tgruppen AB"},"image":{"@id":"https:\/\/pars.se\/#\/schema\/logo\/image\/"},"sameAs":["https:\/\/www.facebook.com\/Parsplatgruppen","https:\/\/www.linkedin.com\/in\/pars-pl\u00e5tgruppen-ab-06762114b\/","https:\/\/www.youtube.com\/channel\/UCZDn5IzDv1xIcAdG5_dN1eg"]}]}},"publishpress_future_action":{"enabled":false,"date":"2026-04-14 15:18:30","action":"change-status","newStatus":"draft","terms":[],"taxonomy":"translation_priority","extraData":[]},"publishpress_future_workflow_manual_trigger":{"enabledWorkflows":[]},"_links":{"self":[{"href":"https:\/\/pars.se\/en\/wp-json\/wp\/v2\/pages\/302","targetHints":{"allow":["GET"]}}],"collection":[{"href":"https:\/\/pars.se\/en\/wp-json\/wp\/v2\/pages"}],"about":[{"href":"https:\/\/pars.se\/en\/wp-json\/wp\/v2\/types\/page"}],"author":[{"embeddable":true,"href":"https:\/\/pars.se\/en\/wp-json\/wp\/v2\/users\/1"}],"replies":[{"embeddable":true,"href":"https:\/\/pars.se\/en\/wp-json\/wp\/v2\/comments?post=302"}],"version-history":[{"count":0,"href":"https:\/\/pars.se\/en\/wp-json\/wp\/v2\/pages\/302\/revisions"}],"up":[{"embeddable":true,"href":"https:\/\/pars.se\/en\/wp-json\/wp\/v2\/pages\/304"}],"wp:attachment":[{"href":"https:\/\/pars.se\/en\/wp-json\/wp\/v2\/media?parent=302"}],"curies":[{"name":"wp","href":"https:\/\/api.w.org\/{rel}","templated":true}]}}