{"id":306,"date":"2017-08-22T08:34:21","date_gmt":"2017-08-22T06:34:21","guid":{"rendered":"http:\/\/www.pars.se\/pars-group\/"},"modified":"2024-04-24T14:25:08","modified_gmt":"2024-04-24T12:25:08","slug":"pars-group","status":"publish","type":"page","link":"https:\/\/pars.se\/en\/pars-group\/","title":{"rendered":"Pars Group"},"content":{"rendered":"\r\n<h2 class=\"has-text-align-center wp-block-heading\"><strong>Welcome to Pars\u00a0Pl\u00e5tgruppen AB<\/strong><\/h2>\r\n\r\n\r\n\r\n<p class=\"has-text-align-center\">In 1985 the foundation for Pars was laid, back then it was called BTT pl\u00e5t and it was located in Emmaboda in Sm\u00e5land.<\/p>\r\n\r\n\r\n\r\n<p class=\"has-text-align-center\">Today, Pars consists of 5 companies, ABL, ACAB, GMV &amp; BTT and the group is constantly developing in a purposeful way.<\/p>\r\n\r\n\r\n\r\n<h2 class=\"has-text-align-center wp-block-heading\"><img decoding=\"async\" src=\"https:\/\/pars.se\/wp-content\/uploads\/parskulor-300x36.png\" srcset=\"https:\/\/pars.se\/wp-content\/uploads\/parskulor-200x24.png 200w, https:\/\/pars.se\/wp-content\/uploads\/parskulor-300x36.png 300w, https:\/\/pars.se\/wp-content\/uploads\/parskulor-400x48.png 400w, https:\/\/pars.se\/wp-content\/uploads\/parskulor-600x72.png 600w, https:\/\/pars.se\/wp-content\/uploads\/parskulor-768x92.png 768w, https:\/\/pars.se\/wp-content\/uploads\/parskulor-800x96.png 800w, https:\/\/pars.se\/wp-content\/uploads\/parskulor-1024x122.png 1024w, https:\/\/pars.se\/wp-content\/uploads\/parskulor.png 1121w\" alt=\"\" width=\"300\" height=\"36\" \/><\/h2>\r\n\r\n\r\n\r\n<h5 class=\"has-text-align-center wp-block-heading\">&#8220;From idea to finished product&#8221;<\/h5>\r\n","protected":false},"excerpt":{"rendered":"<p>Welcome to Pars\u00a0Pl\u00e5tgruppen AB In 1985 the foundation for Pars was laid, back then it was called BTT pl\u00e5t and it was located in Emmaboda in Sm\u00e5land. Today, Pars consists of 5 companies, ABL, ACAB, GMV &amp; BTT and the group is constantly developing in a purposeful way. &#8220;From idea to finished product&#8221;<\/p>\n","protected":false},"author":1,"featured_media":0,"parent":0,"menu_order":0,"comment_status":"closed","ping_status":"closed","template":"","meta":{"footnotes":""},"class_list":["post-306","page","type-page","status-publish","hentry"],"yoast_head":"<!-- This site is optimized with the Yoast SEO plugin v27.4 - https:\/\/yoast.com\/product\/yoast-seo-wordpress\/ -->\n<title>Pars Group - V\u00e4lkommen till Pars Pl\u00e5tgruppen AB<\/title>\n<meta name=\"robots\" content=\"index, follow, max-snippet:-1, max-image-preview:large, max-video-preview:-1\" \/>\n<link rel=\"canonical\" href=\"https:\/\/pars.se\/en\/pars-group\/\" \/>\n<meta property=\"og:locale\" content=\"en_US\" \/>\n<meta property=\"og:type\" content=\"article\" \/>\n<meta property=\"og:title\" content=\"Pars Group - V\u00e4lkommen till Pars Pl\u00e5tgruppen AB\" \/>\n<meta property=\"og:description\" content=\"Welcome to Pars\u00a0Pl\u00e5tgruppen AB In 1985 the foundation for Pars was laid, back then it was called BTT pl\u00e5t and it was located in Emmaboda in Sm\u00e5land. Today, Pars consists of 5 companies, ABL, ACAB, GMV &amp; BTT and the group is constantly developing in a purposeful way. &#8220;From idea to finished product&#8221;\" \/>\n<meta property=\"og:url\" content=\"https:\/\/pars.se\/en\/pars-group\/\" \/>\n<meta property=\"og:site_name\" content=\"V\u00e4lkommen till Pars Pl\u00e5tgruppen AB\" \/>\n<meta property=\"article:publisher\" content=\"https:\/\/www.facebook.com\/Parsplatgruppen\" \/>\n<meta property=\"article:modified_time\" content=\"2024-04-24T12:25:08+00:00\" \/>\n<meta property=\"og:image\" content=\"https:\/\/pars.se\/wp-content\/uploads\/parskulor-300x36.png\" \/>\n<meta name=\"twitter:card\" content=\"summary_large_image\" \/>\n<meta name=\"twitter:label1\" content=\"Est. reading time\" \/>\n\t<meta name=\"twitter:data1\" content=\"1 minute\" \/>\n<script type=\"application\/ld+json\" class=\"yoast-schema-graph\">{\"@context\":\"https:\\\/\\\/schema.org\",\"@graph\":[{\"@type\":\"WebPage\",\"@id\":\"https:\\\/\\\/pars.se\\\/en\\\/pars-group\\\/\",\"url\":\"https:\\\/\\\/pars.se\\\/en\\\/pars-group\\\/\",\"name\":\"Pars Group - V\u00e4lkommen till Pars Pl\u00e5tgruppen AB\",\"isPartOf\":{\"@id\":\"https:\\\/\\\/pars.se\\\/#website\"},\"primaryImageOfPage\":{\"@id\":\"https:\\\/\\\/pars.se\\\/en\\\/pars-group\\\/#primaryimage\"},\"image\":{\"@id\":\"https:\\\/\\\/pars.se\\\/en\\\/pars-group\\\/#primaryimage\"},\"thumbnailUrl\":\"https:\\\/\\\/pars.se\\\/wp-content\\\/uploads\\\/parskulor-300x36.png\",\"datePublished\":\"2017-08-22T06:34:21+00:00\",\"dateModified\":\"2024-04-24T12:25:08+00:00\",\"breadcrumb\":{\"@id\":\"https:\\\/\\\/pars.se\\\/en\\\/pars-group\\\/#breadcrumb\"},\"inLanguage\":\"en-US\",\"potentialAction\":[{\"@type\":\"ReadAction\",\"target\":[\"https:\\\/\\\/pars.se\\\/en\\\/pars-group\\\/\"]}]},{\"@type\":\"ImageObject\",\"inLanguage\":\"en-US\",\"@id\":\"https:\\\/\\\/pars.se\\\/en\\\/pars-group\\\/#primaryimage\",\"url\":\"https:\\\/\\\/pars.se\\\/wp-content\\\/uploads\\\/parskulor-300x36.png\",\"contentUrl\":\"https:\\\/\\\/pars.se\\\/wp-content\\\/uploads\\\/parskulor-300x36.png\"},{\"@type\":\"BreadcrumbList\",\"@id\":\"https:\\\/\\\/pars.se\\\/en\\\/pars-group\\\/#breadcrumb\",\"itemListElement\":[{\"@type\":\"ListItem\",\"position\":1,\"name\":\"Hem\",\"item\":\"https:\\\/\\\/pars.se\\\/en\\\/\"},{\"@type\":\"ListItem\",\"position\":2,\"name\":\"Pars Group\"}]},{\"@type\":\"WebSite\",\"@id\":\"https:\\\/\\\/pars.se\\\/#website\",\"url\":\"https:\\\/\\\/pars.se\\\/\",\"name\":\"V\u00e4lkommen till Pars Pl\u00e5tgruppen AB\",\"description\":\"&quot;fr\u00e5n ide till f\u00e4rdig produkt&quot;\",\"publisher\":{\"@id\":\"https:\\\/\\\/pars.se\\\/#organization\"},\"potentialAction\":[{\"@type\":\"SearchAction\",\"target\":{\"@type\":\"EntryPoint\",\"urlTemplate\":\"https:\\\/\\\/pars.se\\\/?s={search_term_string}\"},\"query-input\":{\"@type\":\"PropertyValueSpecification\",\"valueRequired\":true,\"valueName\":\"search_term_string\"}}],\"inLanguage\":\"en-US\"},{\"@type\":\"Organization\",\"@id\":\"https:\\\/\\\/pars.se\\\/#organization\",\"name\":\"Pars Pl\u00e5tgruppen AB\",\"url\":\"https:\\\/\\\/pars.se\\\/\",\"logo\":{\"@type\":\"ImageObject\",\"inLanguage\":\"en-US\",\"@id\":\"https:\\\/\\\/pars.se\\\/#\\\/schema\\\/logo\\\/image\\\/\",\"url\":\"https:\\\/\\\/pars.se\\\/wp-content\\\/uploads\\\/parsred.png\",\"contentUrl\":\"https:\\\/\\\/pars.se\\\/wp-content\\\/uploads\\\/parsred.png\",\"width\":262,\"height\":136,\"caption\":\"Pars Pl\u00e5tgruppen AB\"},\"image\":{\"@id\":\"https:\\\/\\\/pars.se\\\/#\\\/schema\\\/logo\\\/image\\\/\"},\"sameAs\":[\"https:\\\/\\\/www.facebook.com\\\/Parsplatgruppen\",\"https:\\\/\\\/www.linkedin.com\\\/in\\\/pars-pl\u00e5tgruppen-ab-06762114b\\\/\",\"https:\\\/\\\/www.youtube.com\\\/channel\\\/UCZDn5IzDv1xIcAdG5_dN1eg\"]}]}<\/script>\n<!-- \/ Yoast SEO plugin. -->","yoast_head_json":{"title":"Pars Group - V\u00e4lkommen till Pars Pl\u00e5tgruppen AB","robots":{"index":"index","follow":"follow","max-snippet":"max-snippet:-1","max-image-preview":"max-image-preview:large","max-video-preview":"max-video-preview:-1"},"canonical":"https:\/\/pars.se\/en\/pars-group\/","og_locale":"en_US","og_type":"article","og_title":"Pars Group - V\u00e4lkommen till Pars Pl\u00e5tgruppen AB","og_description":"Welcome to Pars\u00a0Pl\u00e5tgruppen AB In 1985 the foundation for Pars was laid, back then it was called BTT pl\u00e5t and it was located in Emmaboda in Sm\u00e5land. Today, Pars consists of 5 companies, ABL, ACAB, GMV &amp; BTT and the group is constantly developing in a purposeful way. &#8220;From idea to finished product&#8221;","og_url":"https:\/\/pars.se\/en\/pars-group\/","og_site_name":"V\u00e4lkommen till Pars Pl\u00e5tgruppen AB","article_publisher":"https:\/\/www.facebook.com\/Parsplatgruppen","article_modified_time":"2024-04-24T12:25:08+00:00","og_image":[{"url":"https:\/\/pars.se\/wp-content\/uploads\/parskulor-300x36.png","type":"","width":"","height":""}],"twitter_card":"summary_large_image","twitter_misc":{"Est. reading time":"1 minute"},"schema":{"@context":"https:\/\/schema.org","@graph":[{"@type":"WebPage","@id":"https:\/\/pars.se\/en\/pars-group\/","url":"https:\/\/pars.se\/en\/pars-group\/","name":"Pars Group - V\u00e4lkommen till Pars Pl\u00e5tgruppen AB","isPartOf":{"@id":"https:\/\/pars.se\/#website"},"primaryImageOfPage":{"@id":"https:\/\/pars.se\/en\/pars-group\/#primaryimage"},"image":{"@id":"https:\/\/pars.se\/en\/pars-group\/#primaryimage"},"thumbnailUrl":"https:\/\/pars.se\/wp-content\/uploads\/parskulor-300x36.png","datePublished":"2017-08-22T06:34:21+00:00","dateModified":"2024-04-24T12:25:08+00:00","breadcrumb":{"@id":"https:\/\/pars.se\/en\/pars-group\/#breadcrumb"},"inLanguage":"en-US","potentialAction":[{"@type":"ReadAction","target":["https:\/\/pars.se\/en\/pars-group\/"]}]},{"@type":"ImageObject","inLanguage":"en-US","@id":"https:\/\/pars.se\/en\/pars-group\/#primaryimage","url":"https:\/\/pars.se\/wp-content\/uploads\/parskulor-300x36.png","contentUrl":"https:\/\/pars.se\/wp-content\/uploads\/parskulor-300x36.png"},{"@type":"BreadcrumbList","@id":"https:\/\/pars.se\/en\/pars-group\/#breadcrumb","itemListElement":[{"@type":"ListItem","position":1,"name":"Hem","item":"https:\/\/pars.se\/en\/"},{"@type":"ListItem","position":2,"name":"Pars Group"}]},{"@type":"WebSite","@id":"https:\/\/pars.se\/#website","url":"https:\/\/pars.se\/","name":"V\u00e4lkommen till Pars Pl\u00e5tgruppen AB","description":"&quot;fr\u00e5n ide till f\u00e4rdig produkt&quot;","publisher":{"@id":"https:\/\/pars.se\/#organization"},"potentialAction":[{"@type":"SearchAction","target":{"@type":"EntryPoint","urlTemplate":"https:\/\/pars.se\/?s={search_term_string}"},"query-input":{"@type":"PropertyValueSpecification","valueRequired":true,"valueName":"search_term_string"}}],"inLanguage":"en-US"},{"@type":"Organization","@id":"https:\/\/pars.se\/#organization","name":"Pars Pl\u00e5tgruppen AB","url":"https:\/\/pars.se\/","logo":{"@type":"ImageObject","inLanguage":"en-US","@id":"https:\/\/pars.se\/#\/schema\/logo\/image\/","url":"https:\/\/pars.se\/wp-content\/uploads\/parsred.png","contentUrl":"https:\/\/pars.se\/wp-content\/uploads\/parsred.png","width":262,"height":136,"caption":"Pars Pl\u00e5tgruppen AB"},"image":{"@id":"https:\/\/pars.se\/#\/schema\/logo\/image\/"},"sameAs":["https:\/\/www.facebook.com\/Parsplatgruppen","https:\/\/www.linkedin.com\/in\/pars-pl\u00e5tgruppen-ab-06762114b\/","https:\/\/www.youtube.com\/channel\/UCZDn5IzDv1xIcAdG5_dN1eg"]}]}},"publishpress_future_action":{"enabled":false,"date":"2026-04-24 15:55:30","action":"change-status","newStatus":"draft","terms":[],"taxonomy":"translation_priority","extraData":[]},"publishpress_future_workflow_manual_trigger":{"enabledWorkflows":[]},"_links":{"self":[{"href":"https:\/\/pars.se\/en\/wp-json\/wp\/v2\/pages\/306","targetHints":{"allow":["GET"]}}],"collection":[{"href":"https:\/\/pars.se\/en\/wp-json\/wp\/v2\/pages"}],"about":[{"href":"https:\/\/pars.se\/en\/wp-json\/wp\/v2\/types\/page"}],"author":[{"embeddable":true,"href":"https:\/\/pars.se\/en\/wp-json\/wp\/v2\/users\/1"}],"replies":[{"embeddable":true,"href":"https:\/\/pars.se\/en\/wp-json\/wp\/v2\/comments?post=306"}],"version-history":[{"count":5,"href":"https:\/\/pars.se\/en\/wp-json\/wp\/v2\/pages\/306\/revisions"}],"predecessor-version":[{"id":2154,"href":"https:\/\/pars.se\/en\/wp-json\/wp\/v2\/pages\/306\/revisions\/2154"}],"wp:attachment":[{"href":"https:\/\/pars.se\/en\/wp-json\/wp\/v2\/media?parent=306"}],"curies":[{"name":"wp","href":"https:\/\/api.w.org\/{rel}","templated":true}]}}