{"id":310,"date":"2017-08-22T08:35:47","date_gmt":"2017-08-22T06:35:47","guid":{"rendered":"http:\/\/www.pars.se\/pars-group\/acab\/contact-us\/"},"modified":"2021-12-01T08:41:59","modified_gmt":"2021-12-01T07:41:59","slug":"contact-us","status":"publish","type":"page","link":"https:\/\/pars.se\/en\/pars-group\/acab\/contact-us\/","title":{"rendered":"Contact us"},"content":{"rendered":"<div class=\"fusion-fullwidth fullwidth-box fusion-builder-row-1 nonhundred-percent-fullwidth non-hundred-percent-height-scrolling\" style=\"--awb-border-radius-top-left:0px;--awb-border-radius-top-right:0px;--awb-border-radius-bottom-right:0px;--awb-border-radius-bottom-left:0px;--awb-flex-wrap:wrap;\" ><div class=\"fusion-builder-row fusion-row\"><div class=\"fusion-layout-column fusion_builder_column fusion-builder-column-0 fusion_builder_column_1_1 1_1 fusion-one-full fusion-column-first fusion-column-last\" style=\"--awb-bg-size:cover;\"><div class=\"fusion-column-wrapper fusion-flex-column-wrapper-legacy\"><div class=\"fusion-text fusion-text-1\"><h2>Contact ACAB<\/h2>\n\n\n\n<div id=\"wpv-view-layout-219\" class=\"js-wpv-view-layout js-wpv-layout-responsive js-wpv-view-layout-219\" data-viewnumber=\"219\" data-pagination=\"{&quot;id&quot;:219,&quot;query&quot;:&quot;normal&quot;,&quot;type&quot;:&quot;disabled&quot;,&quot;effect&quot;:&quot;fade&quot;,&quot;duration&quot;:&quot;500&quot;,&quot;speed&quot;:&quot;5&quot;,&quot;pause_on_hover&quot;:&quot;disabled&quot;,&quot;stop_rollover&quot;:&quot;false&quot;,&quot;cache_pages&quot;:&quot;enabled&quot;,&quot;preload_images&quot;:&quot;enabled&quot;,&quot;preload_pages&quot;:&quot;enabled&quot;,&quot;preload_reach&quot;:&quot;1&quot;,&quot;spinner&quot;:&quot;builtin&quot;,&quot;spinner_image&quot;:&quot;https:\/\/www.pars.se\/wp-content\/plugins\/wp-views\/embedded\/res\/img\/ajax-loader.gif&quot;,&quot;callback_next&quot;:&quot;&quot;,&quot;manage_history&quot;:&quot;enabled&quot;,&quot;has_controls_in_form&quot;:&quot;disabled&quot;,&quot;infinite_tolerance&quot;:&quot;0&quot;,&quot;max_pages&quot;:0,&quot;page&quot;:1,&quot;base_permalink&quot;:&quot;\/en\/wp-json\/wp\/v2\/pages\/310?wpv_view_count=219&amp;wpv_paged=WPV_PAGE_NUM&quot;,&quot;loop&quot;:{&quot;type&quot;:&quot;&quot;,&quot;name&quot;:&quot;&quot;,&quot;data&quot;:[],&quot;id&quot;:0}}\" data-permalink=\"\/en\/wp-json\/wp\/v2\/pages\/310?wpv_view_count=219\">\n\n\t\n\t\n\t<div class=\"container wpv-loop js-wpv-loop\">\n\t\n\t\t\n\t\t<div class=\"row \">\n\t\t\t<div class=\"col-sm-6\"><div class=\"row\">\n  <div class=\"col-sm-3\">\n  \t<img decoding=\"async\" src=\"https:\/\/pars.se\/wp-content\/uploads\/MG_8756-wpcf_104x156.jpg\" alt=\"Tommy Wallin\" title=\"Tommy Wallin\" class=\"attachment-custom\" \/>\n  <\/div>\n  <div class=\"col-sm-9\">\n  <h4>Tommy Wallin<\/h4>\n  <em>VD<\/em><br \/>\n  <i class=\"fa fa-envelope-o\" aria-hidden=\"true\"><\/i> <small><a href=\"mailto:tommy.wallin@acab.pars.se\" title=\"tommy.wallin@acab.pars.se\">tommy.wallin@acab.pars.se<\/a><\/small><br \/>\n  <i class=\"fa fa-phone\" aria-hidden=\"true\"><\/i> <small>+46 (0) 271 193 31<\/small><br \/>\n  <i class=\"fa fa-mobile\" aria-hidden=\"true\"><\/i> <small>+46 (0) 70 637 07 58<\/small><br \/>\n  <i class=\"fa fa-fax\" aria-hidden=\"true\"><\/i> <small>+46 (0) 271 193 29<\/small><br \/>\n  <\/div>\n<\/div>\n<br \/><br \/><\/div>\n\t\t\n\t\t\n\t\t\t<div class=\"col-sm-6\"><div class=\"row\">\n  <div class=\"col-sm-3\">\n  \t<img decoding=\"async\" src=\"https:\/\/pars.se\/wp-content\/uploads\/MG_8802-wpcf_104x156.jpg\" alt=\"Stefan W\u00e4ngermark\" title=\"Stefan W\u00e4ngermark\" class=\"attachment-custom\" \/>\n  <\/div>\n  <div class=\"col-sm-9\">\n  <h4>Stefan W\u00e4ngermark<\/h4>\n  <em>Marknadschef<\/em><br \/>\n  <i class=\"fa fa-envelope-o\" aria-hidden=\"true\"><\/i> <small><a href=\"mailto:stefan.wangermark@acab.pars.se\" title=\"stefan.wangermark@acab.pars.se\">stefan.wangermark@acab.pars.se<\/a><\/small><br \/>\n  <i class=\"fa fa-phone\" aria-hidden=\"true\"><\/i> <small>+46 (0)271 193 22<\/small><br \/>\n  <i class=\"fa fa-mobile\" aria-hidden=\"true\"><\/i> <small>+46 (0) 70 558 83 43<\/small><br \/>\n  <i class=\"fa fa-fax\" aria-hidden=\"true\"><\/i> <small>+46 (0)271 193 29<\/small><br \/>\n  <\/div>\n<\/div>\n<br \/><br \/><\/div>\n\t\t<\/div>\n\t\t\n\t\t\n\t\t<div class=\"row \">\n\t\t\t<div class=\"col-sm-6\"><div class=\"row\">\n  <div class=\"col-sm-3\">\n  \t<img decoding=\"async\" src=\"https:\/\/pars.se\/wp-content\/uploads\/MG_8808-wpcf_104x156.jpg\" alt=\"\u00c5sa Brovall\" title=\"\u00c5sa Brovall\" class=\"attachment-custom\" \/>\n  <\/div>\n  <div class=\"col-sm-9\">\n  <h4>\u00c5sa Brovall<\/h4>\n  <em>Kvalitetschef<\/em><br \/>\n  <i class=\"fa fa-envelope-o\" aria-hidden=\"true\"><\/i> <small><a href=\"mailto:asa.brovall@acab.pars.se\" title=\"asa.brovall@acab.pars.se\">asa.brovall@acab.pars.se<\/a><\/small><br \/>\n  <i class=\"fa fa-phone\" aria-hidden=\"true\"><\/i> <small>+46 (0) 271 193 03<\/small><br \/>\n  <i class=\"fa fa-mobile\" aria-hidden=\"true\"><\/i> <small>+46 (0) 76 828 16 30<\/small><br \/>\n  <i class=\"fa fa-fax\" aria-hidden=\"true\"><\/i> <small>+46 (0) 271 193 29<\/small><br \/>\n  <\/div>\n<\/div>\n<br \/><br \/><\/div>\n\t\t\n\t\t\n\t\t\t<div class=\"col-sm-6\"><div class=\"row\">\n  <div class=\"col-sm-3\">\n  \t<img decoding=\"async\" src=\"https:\/\/pars.se\/wp-content\/uploads\/acab-wpcf_104x62.jpg\" alt=\"Stefan Hellgren\" title=\"Stefan Hellgren\" class=\"attachment-custom\" \/>\n  <\/div>\n  <div class=\"col-sm-9\">\n  <h4>Stefan Hellgren<\/h4>\n  <em>Ink\u00f6psansvarig<\/em><br \/>\n  <i class=\"fa fa-envelope-o\" aria-hidden=\"true\"><\/i> <small><a href=\"mailto:stefan.hellgren@acab.pars.se\" title=\"stefan.hellgren@acab.pars.se\">stefan.hellgren@acab.pars.se<\/a><\/small><br \/>\n  <i class=\"fa fa-phone\" aria-hidden=\"true\"><\/i> <small>+46 (0) 271 193 33<\/small><br \/>\n  \n  \n  <\/div>\n<\/div>\n<br \/><br \/><\/div>\n\t\t<\/div>\n\t\t\n\t\t\n\t\t<div class=\"row \">\n\t\t\t<div class=\"col-sm-6\"><div class=\"row\">\n  <div class=\"col-sm-3\">\n  \t<img decoding=\"async\" src=\"https:\/\/pars.se\/wp-content\/uploads\/IMG_26871-e1510866327160-wpcf_104x156.jpg\" alt=\"Linda Eskilson\" title=\"Linda Eskilson\" class=\"attachment-custom\" \/>\n  <\/div>\n  <div class=\"col-sm-9\">\n  <h4>Linda Eskilson<\/h4>\n  <em>Ekonomi Pars dotterbolag<\/em><br \/>\n  <i class=\"fa fa-envelope-o\" aria-hidden=\"true\"><\/i> <small><a href=\"mailto:linda.eskilson@pars.se\" title=\"linda.eskilson@pars.se\">linda.eskilson@pars.se<\/a><\/small><br \/>\n  <i class=\"fa fa-phone\" aria-hidden=\"true\"><\/i> <small>+46 (0) 13 327 24 15<\/small><br \/>\n  \n  \n  <\/div>\n<\/div>\n<br \/><br \/><\/div>\n\t\t\n\t\t\n\t\t\t<div class=\"col-sm-6\"><div class=\"row\">\n  <div class=\"col-sm-3\">\n  \t<img decoding=\"async\" src=\"https:\/\/pars.se\/wp-content\/uploads\/Pars-portrattbilder_0193-scaled-e1684309636427-wpcf_104x156.jpg\" alt=\"Hanna Wirsen\" title=\"Hanna Wirsen\" class=\"attachment-custom\" \/>\n  <\/div>\n  <div class=\"col-sm-9\">\n  <h4>Hanna Wirsen<\/h4>\n  <em>Leverant\u00f6rsreskontra \/ l\u00f6neadmin<\/em><br \/>\n  <i class=\"fa fa-envelope-o\" aria-hidden=\"true\"><\/i> <small><a href=\"mailto:hanna.wirsen@pars.se\" title=\"hanna.wirsen@pars.se\">hanna.wirsen@pars.se<\/a><\/small><br \/>\n  <i class=\"fa fa-phone\" aria-hidden=\"true\"><\/i> <small>+46 (0) 13 327 24 00<\/small><br \/>\n  <i class=\"fa fa-mobile\" aria-hidden=\"true\"><\/i> <small>+46 (0)73 081 35 35<\/small><br \/>\n  \n  <\/div>\n<\/div>\n<br \/><br \/><\/div>\n\t\t<\/div>\n\t\t\n\t\t\n\t\t<div class=\"row \">\n\t\t\t<div class=\"col-sm-6\"><div class=\"row\">\n  <div class=\"col-sm-3\">\n  \t<img decoding=\"async\" src=\"https:\/\/pars.se\/wp-content\/uploads\/acab-wpcf_104x62.jpg\" alt=\"Thomas W\u00e4ngdahl\" title=\"Thomas W\u00e4ngdahl\" class=\"attachment-custom\" \/>\n  <\/div>\n  <div class=\"col-sm-9\">\n  <h4>Thomas W\u00e4ngdahl<\/h4>\n  <em>Beredning\/ Produktionsteknik<\/em><br \/>\n  <i class=\"fa fa-envelope-o\" aria-hidden=\"true\"><\/i> <small><a href=\"mailto:thomas.wangdahl@acab.pars.se\" title=\"thomas.wangdahl@acab.pars.se\">thomas.wangdahl@acab.pars.se<\/a><\/small><br \/>\n  <i class=\"fa fa-phone\" aria-hidden=\"true\"><\/i> <small>+46(0)271-193 13<\/small><br \/>\n  \n  \n  <\/div>\n<\/div>\n<br \/><br \/><\/div>\n\t\t\n\t\t\n\t\t\t<div class=\"col-sm-6\"><div class=\"row\">\n  <div class=\"col-sm-3\">\n  \t<img decoding=\"async\" src=\"https:\/\/pars.se\/wp-content\/uploads\/MG_2210-wpcf_104x156.jpg\" alt=\"Andree Lundh\" title=\"Andree Lundh\" class=\"attachment-custom\" \/>\n  <\/div>\n  <div class=\"col-sm-9\">\n  <h4>Andree Lundh<\/h4>\n  <em>Produktionsledare Svets \/ materialservice \/ montering<\/em><br \/>\n  <i class=\"fa fa-envelope-o\" aria-hidden=\"true\"><\/i> <small><a href=\"mailto:andree.lundh@acab.pars.se\" title=\"andree.lundh@acab.pars.se\">andree.lundh@acab.pars.se<\/a><\/small><br \/>\n  <i class=\"fa fa-phone\" aria-hidden=\"true\"><\/i> <small>+46 (0) 271 193 06<\/small><br \/>\n  <i class=\"fa fa-mobile\" aria-hidden=\"true\"><\/i> <small>+46 (0) 76 804 26 13<\/small><br \/>\n  \n  <\/div>\n<\/div>\n<br \/><br \/><\/div>\n\t\t<\/div>\n\t\t\n\t\t\n\t\t<div class=\"row \">\n\t\t\t<div class=\"col-sm-6\"><div class=\"row\">\n  <div class=\"col-sm-3\">\n  \t<img decoding=\"async\" src=\"https:\/\/pars.se\/wp-content\/uploads\/MG_8736-Redigera-wpcf_104x156.jpg\" alt=\"Annika Lindecrantz\" title=\"Annika Lindecrantz\" class=\"attachment-custom\" \/>\n  <\/div>\n  <div class=\"col-sm-9\">\n  <h4>Annika Lindecrantz<\/h4>\n  <em>Ink\u00f6p<\/em><br \/>\n  <i class=\"fa fa-envelope-o\" aria-hidden=\"true\"><\/i> <small><a href=\"mailto:annika.lindecrantz@acab.pars.se\" title=\"annika.lindecrantz@acab.pars.se\">annika.lindecrantz@acab.pars.se<\/a><\/small><br \/>\n  <i class=\"fa fa-phone\" aria-hidden=\"true\"><\/i> <small>+46 (0) 271 193 01<\/small><br \/>\n  \n  \n  <\/div>\n<\/div>\n<br \/><br \/><\/div>\n\t\t\n\t\t\n\t\t\t<div class=\"col-sm-6\"><div class=\"row\">\n  <div class=\"col-sm-3\">\n  \t<img decoding=\"async\" src=\"https:\/\/pars.se\/wp-content\/uploads\/MG_8799-wpcf_104x156.jpg\" alt=\"P\u00e4r Schenell\" title=\"P\u00e4r Schenell\" class=\"attachment-custom\" \/>\n  <\/div>\n  <div class=\"col-sm-9\">\n  <h4>P\u00e4r Schenell<\/h4>\n  <em>Verktygskonstrukt\u00f6r \/ Produktionsteknik<\/em><br \/>\n  <i class=\"fa fa-envelope-o\" aria-hidden=\"true\"><\/i> <small><a href=\"mailto:par.schenell@acab.pars.se\" title=\"par.schenell@acab.pars.se\">par.schenell@acab.pars.se<\/a><\/small><br \/>\n  <i class=\"fa fa-phone\" aria-hidden=\"true\"><\/i> <small>+46 (0) 271 193 08<\/small><br \/>\n  \n  \n  <\/div>\n<\/div>\n<br \/><br \/><\/div>\n\t\t<\/div>\n\t\t\n\t\t\n\t\t<div class=\"row \">\n\t\t\t<div class=\"col-sm-6\"><div class=\"row\">\n  <div class=\"col-sm-3\">\n  \t<img decoding=\"async\" src=\"https:\/\/pars.se\/wp-content\/uploads\/Mikael-Eriksson-wpcf_104x156.jpg\" alt=\"Mikael Eriksson\" title=\"Mikael Eriksson\" class=\"attachment-custom\" \/>\n  <\/div>\n  <div class=\"col-sm-9\">\n  <h4>Mikael Eriksson<\/h4>\n  <em>Produktionstekniker bearbetning<\/em><br \/>\n  <i class=\"fa fa-envelope-o\" aria-hidden=\"true\"><\/i> <small><a href=\"mailto:mikael.eriksson@acab.pars.se\" title=\"mikael.eriksson@acab.pars.se\">mikael.eriksson@acab.pars.se<\/a><\/small><br \/>\n  <i class=\"fa fa-phone\" aria-hidden=\"true\"><\/i> <small>+46 (0) 271 193 23<\/small><br \/>\n  \n  \n  <\/div>\n<\/div>\n<br \/><br \/><\/div>\n\t\t\n\t\t\n\t\t\t<div class=\"col-sm-6\"><div class=\"row\">\n  <div class=\"col-sm-3\">\n  \t<img decoding=\"async\" src=\"https:\/\/pars.se\/wp-content\/uploads\/MG_8763-wpcf_104x156.jpg\" alt=\"Mats \u00d6stin\" title=\"Mats \u00d6stin\" class=\"attachment-custom\" \/>\n  <\/div>\n  <div class=\"col-sm-9\">\n  <h4>Mats \u00d6stin<\/h4>\n  <em>Produktionsplanerare \/ Ordermottagare<\/em><br \/>\n  <i class=\"fa fa-envelope-o\" aria-hidden=\"true\"><\/i> <small><a href=\"mailto:mats.ostin@acab.pars.se\" title=\"mats.ostin@acab.pars.se\">mats.ostin@acab.pars.se<\/a><\/small><br \/>\n  <i class=\"fa fa-phone\" aria-hidden=\"true\"><\/i> <small>+46 (0) 271 193 04<\/small><br \/>\n  \n  \n  <\/div>\n<\/div>\n<br \/><br \/><\/div>\n\t\t<\/div>\n\t\t\n\t\t\n\t\t<div class=\"row \">\n\t\t\t<div class=\"col-sm-6\"><div class=\"row\">\n  <div class=\"col-sm-3\">\n  \t<img decoding=\"async\" src=\"https:\/\/pars.se\/wp-content\/uploads\/acab-wpcf_104x62.jpg\" alt=\"Mikael Eriksson\" title=\"Mikael Eriksson\" class=\"attachment-custom\" \/>\n  <\/div>\n  <div class=\"col-sm-9\">\n  <h4>Mikael Eriksson<\/h4>\n  <em>Produktionstekniker, robotsvets<\/em><br \/>\n  <i class=\"fa fa-envelope-o\" aria-hidden=\"true\"><\/i> <small><a href=\"mailto:micke.eriksson@acab.pars.se\" title=\"micke.eriksson@acab.pars.se\">micke.eriksson@acab.pars.se<\/a><\/small><br \/>\n  <i class=\"fa fa-phone\" aria-hidden=\"true\"><\/i> <small>+46 (0) 271-193 27<\/small><br \/>\n  \n  \n  <\/div>\n<\/div>\n<br \/><br \/><\/div>\n\t\t\n\t\t\n\t\t\t<div class=\"col-sm-6\"><div class=\"row\">\n  <div class=\"col-sm-3\">\n  \t<img decoding=\"async\" src=\"https:\/\/pars.se\/wp-content\/uploads\/Olov-Skogh-wpcf_104x156.jpg\" alt=\"Olov Skogh\" title=\"Olov Skogh\" class=\"attachment-custom\" \/>\n  <\/div>\n  <div class=\"col-sm-9\">\n  <h4>Olov Skogh<\/h4>\n  <em>Produktionsledare, bearbetning<\/em><br \/>\n  <i class=\"fa fa-envelope-o\" aria-hidden=\"true\"><\/i> <small><a href=\"mailto:olov.skogh@acab.pars.se\" title=\"olov.skogh@acab.pars.se\">olov.skogh@acab.pars.se<\/a><\/small><br \/>\n  <i class=\"fa fa-phone\" aria-hidden=\"true\"><\/i> <small>+46 (0) 271-193 02<\/small><br \/>\n  \n  \n  <\/div>\n<\/div>\n<br \/><br \/><\/div>\n\t\t<\/div>\n\t\t\n\t\t\n\t\t<div class=\"row \">\n\t\t\t<div class=\"col-sm-6\"><div class=\"row\">\n  <div class=\"col-sm-3\">\n  \t<img decoding=\"async\" src=\"https:\/\/pars.se\/wp-content\/uploads\/acab-wpcf_104x62.jpg\" alt=\"Tomas Olsson\" title=\"Tomas Olsson\" class=\"attachment-custom\" \/>\n  <\/div>\n  <div class=\"col-sm-9\">\n  <h4>Tomas Olsson<\/h4>\n  <em>Svetsansvarig IWS<\/em><br \/>\n  <i class=\"fa fa-envelope-o\" aria-hidden=\"true\"><\/i> <small><a href=\"mailto:tomas.olsson@acab.pars.se\" title=\"tomas.olsson@acab.pars.se\">tomas.olsson@acab.pars.se<\/a><\/small><br \/>\n  <i class=\"fa fa-phone\" aria-hidden=\"true\"><\/i> <small>+46 (0) 271-193 12<\/small><br \/>\n  \n  \n  <\/div>\n<\/div>\n<br \/><br \/><\/div>\n\t\t\n\t\t\t<div class=\"col-sm-6\"><\/div>\n\t\t<\/div>\n\t\n\t<\/div>\n\t\n\t\n\t\n<\/div>\n<\/div><div class=\"fusion-clearfix\"><\/div><\/div><\/div><\/div><\/div>\n","protected":false},"excerpt":{"rendered":"","protected":false},"author":1,"featured_media":0,"parent":308,"menu_order":0,"comment_status":"closed","ping_status":"closed","template":"","meta":{"footnotes":""},"class_list":["post-310","page","type-page","status-publish","hentry"],"yoast_head":"<!-- This site is optimized with the Yoast SEO plugin v27.3 - https:\/\/yoast.com\/product\/yoast-seo-wordpress\/ -->\n<title>Contact us - V\u00e4lkommen till Pars Pl\u00e5tgruppen AB<\/title>\n<meta name=\"robots\" content=\"index, follow, max-snippet:-1, max-image-preview:large, max-video-preview:-1\" \/>\n<link rel=\"canonical\" href=\"https:\/\/pars.se\/en\/pars-group\/acab\/contact-us\/\" \/>\n<meta property=\"og:locale\" content=\"en_US\" \/>\n<meta property=\"og:type\" content=\"article\" \/>\n<meta property=\"og:title\" content=\"Contact us - V\u00e4lkommen till Pars Pl\u00e5tgruppen AB\" \/>\n<meta property=\"og:url\" content=\"https:\/\/pars.se\/en\/pars-group\/acab\/contact-us\/\" \/>\n<meta property=\"og:site_name\" content=\"V\u00e4lkommen till Pars Pl\u00e5tgruppen AB\" \/>\n<meta property=\"article:publisher\" content=\"https:\/\/www.facebook.com\/Parsplatgruppen\" \/>\n<meta property=\"article:modified_time\" content=\"2021-12-01T07:41:59+00:00\" \/>\n<meta property=\"og:image\" content=\"https:\/\/pars.se\/wp-content\/uploads\/2018-09-13-09-58-26.png\" \/>\n\t<meta property=\"og:image:width\" content=\"171\" \/>\n\t<meta property=\"og:image:height\" content=\"181\" \/>\n\t<meta property=\"og:image:type\" content=\"image\/png\" \/>\n<meta name=\"twitter:card\" content=\"summary_large_image\" \/>\n<meta name=\"twitter:label1\" content=\"Est. reading time\" \/>\n\t<meta name=\"twitter:data1\" content=\"2 minutes\" \/>\n<script type=\"application\/ld+json\" class=\"yoast-schema-graph\">{\"@context\":\"https:\\\/\\\/schema.org\",\"@graph\":[{\"@type\":\"WebPage\",\"@id\":\"https:\\\/\\\/pars.se\\\/en\\\/pars-group\\\/acab\\\/contact-us\\\/\",\"url\":\"https:\\\/\\\/pars.se\\\/en\\\/pars-group\\\/acab\\\/contact-us\\\/\",\"name\":\"Contact us - V\u00e4lkommen till Pars Pl\u00e5tgruppen AB\",\"isPartOf\":{\"@id\":\"https:\\\/\\\/pars.se\\\/#website\"},\"datePublished\":\"2017-08-22T06:35:47+00:00\",\"dateModified\":\"2021-12-01T07:41:59+00:00\",\"breadcrumb\":{\"@id\":\"https:\\\/\\\/pars.se\\\/en\\\/pars-group\\\/acab\\\/contact-us\\\/#breadcrumb\"},\"inLanguage\":\"en-US\",\"potentialAction\":[{\"@type\":\"ReadAction\",\"target\":[\"https:\\\/\\\/pars.se\\\/en\\\/pars-group\\\/acab\\\/contact-us\\\/\"]}]},{\"@type\":\"BreadcrumbList\",\"@id\":\"https:\\\/\\\/pars.se\\\/en\\\/pars-group\\\/acab\\\/contact-us\\\/#breadcrumb\",\"itemListElement\":[{\"@type\":\"ListItem\",\"position\":1,\"name\":\"Hem\",\"item\":\"https:\\\/\\\/pars.se\\\/en\\\/\"},{\"@type\":\"ListItem\",\"position\":2,\"name\":\"Pars Group\",\"item\":\"https:\\\/\\\/pars.se\\\/en\\\/pars-group\\\/\"},{\"@type\":\"ListItem\",\"position\":3,\"name\":\"ACAB\",\"item\":\"https:\\\/\\\/pars.se\\\/en\\\/pars-group\\\/acab\\\/\"},{\"@type\":\"ListItem\",\"position\":4,\"name\":\"Contact us\"}]},{\"@type\":\"WebSite\",\"@id\":\"https:\\\/\\\/pars.se\\\/#website\",\"url\":\"https:\\\/\\\/pars.se\\\/\",\"name\":\"V\u00e4lkommen till Pars Pl\u00e5tgruppen AB\",\"description\":\"&quot;fr\u00e5n ide till f\u00e4rdig produkt&quot;\",\"publisher\":{\"@id\":\"https:\\\/\\\/pars.se\\\/#organization\"},\"potentialAction\":[{\"@type\":\"SearchAction\",\"target\":{\"@type\":\"EntryPoint\",\"urlTemplate\":\"https:\\\/\\\/pars.se\\\/?s={search_term_string}\"},\"query-input\":{\"@type\":\"PropertyValueSpecification\",\"valueRequired\":true,\"valueName\":\"search_term_string\"}}],\"inLanguage\":\"en-US\"},{\"@type\":\"Organization\",\"@id\":\"https:\\\/\\\/pars.se\\\/#organization\",\"name\":\"Pars Pl\u00e5tgruppen AB\",\"url\":\"https:\\\/\\\/pars.se\\\/\",\"logo\":{\"@type\":\"ImageObject\",\"inLanguage\":\"en-US\",\"@id\":\"https:\\\/\\\/pars.se\\\/#\\\/schema\\\/logo\\\/image\\\/\",\"url\":\"https:\\\/\\\/pars.se\\\/wp-content\\\/uploads\\\/parsred.png\",\"contentUrl\":\"https:\\\/\\\/pars.se\\\/wp-content\\\/uploads\\\/parsred.png\",\"width\":262,\"height\":136,\"caption\":\"Pars Pl\u00e5tgruppen AB\"},\"image\":{\"@id\":\"https:\\\/\\\/pars.se\\\/#\\\/schema\\\/logo\\\/image\\\/\"},\"sameAs\":[\"https:\\\/\\\/www.facebook.com\\\/Parsplatgruppen\",\"https:\\\/\\\/www.linkedin.com\\\/in\\\/pars-pl\u00e5tgruppen-ab-06762114b\\\/\",\"https:\\\/\\\/www.youtube.com\\\/channel\\\/UCZDn5IzDv1xIcAdG5_dN1eg\"]}]}<\/script>\n<!-- \/ Yoast SEO plugin. -->","yoast_head_json":{"title":"Contact us - V\u00e4lkommen till Pars Pl\u00e5tgruppen AB","robots":{"index":"index","follow":"follow","max-snippet":"max-snippet:-1","max-image-preview":"max-image-preview:large","max-video-preview":"max-video-preview:-1"},"canonical":"https:\/\/pars.se\/en\/pars-group\/acab\/contact-us\/","og_locale":"en_US","og_type":"article","og_title":"Contact us - V\u00e4lkommen till Pars Pl\u00e5tgruppen AB","og_url":"https:\/\/pars.se\/en\/pars-group\/acab\/contact-us\/","og_site_name":"V\u00e4lkommen till Pars Pl\u00e5tgruppen AB","article_publisher":"https:\/\/www.facebook.com\/Parsplatgruppen","article_modified_time":"2021-12-01T07:41:59+00:00","og_image":[{"width":171,"height":181,"url":"https:\/\/pars.se\/wp-content\/uploads\/2018-09-13-09-58-26.png","type":"image\/png"}],"twitter_card":"summary_large_image","twitter_misc":{"Est. reading time":"2 minutes"},"schema":{"@context":"https:\/\/schema.org","@graph":[{"@type":"WebPage","@id":"https:\/\/pars.se\/en\/pars-group\/acab\/contact-us\/","url":"https:\/\/pars.se\/en\/pars-group\/acab\/contact-us\/","name":"Contact us - V\u00e4lkommen till Pars Pl\u00e5tgruppen AB","isPartOf":{"@id":"https:\/\/pars.se\/#website"},"datePublished":"2017-08-22T06:35:47+00:00","dateModified":"2021-12-01T07:41:59+00:00","breadcrumb":{"@id":"https:\/\/pars.se\/en\/pars-group\/acab\/contact-us\/#breadcrumb"},"inLanguage":"en-US","potentialAction":[{"@type":"ReadAction","target":["https:\/\/pars.se\/en\/pars-group\/acab\/contact-us\/"]}]},{"@type":"BreadcrumbList","@id":"https:\/\/pars.se\/en\/pars-group\/acab\/contact-us\/#breadcrumb","itemListElement":[{"@type":"ListItem","position":1,"name":"Hem","item":"https:\/\/pars.se\/en\/"},{"@type":"ListItem","position":2,"name":"Pars Group","item":"https:\/\/pars.se\/en\/pars-group\/"},{"@type":"ListItem","position":3,"name":"ACAB","item":"https:\/\/pars.se\/en\/pars-group\/acab\/"},{"@type":"ListItem","position":4,"name":"Contact us"}]},{"@type":"WebSite","@id":"https:\/\/pars.se\/#website","url":"https:\/\/pars.se\/","name":"V\u00e4lkommen till Pars Pl\u00e5tgruppen AB","description":"&quot;fr\u00e5n ide till f\u00e4rdig produkt&quot;","publisher":{"@id":"https:\/\/pars.se\/#organization"},"potentialAction":[{"@type":"SearchAction","target":{"@type":"EntryPoint","urlTemplate":"https:\/\/pars.se\/?s={search_term_string}"},"query-input":{"@type":"PropertyValueSpecification","valueRequired":true,"valueName":"search_term_string"}}],"inLanguage":"en-US"},{"@type":"Organization","@id":"https:\/\/pars.se\/#organization","name":"Pars Pl\u00e5tgruppen AB","url":"https:\/\/pars.se\/","logo":{"@type":"ImageObject","inLanguage":"en-US","@id":"https:\/\/pars.se\/#\/schema\/logo\/image\/","url":"https:\/\/pars.se\/wp-content\/uploads\/parsred.png","contentUrl":"https:\/\/pars.se\/wp-content\/uploads\/parsred.png","width":262,"height":136,"caption":"Pars Pl\u00e5tgruppen AB"},"image":{"@id":"https:\/\/pars.se\/#\/schema\/logo\/image\/"},"sameAs":["https:\/\/www.facebook.com\/Parsplatgruppen","https:\/\/www.linkedin.com\/in\/pars-pl\u00e5tgruppen-ab-06762114b\/","https:\/\/www.youtube.com\/channel\/UCZDn5IzDv1xIcAdG5_dN1eg"]}]}},"publishpress_future_action":{"enabled":false,"date":"2026-04-20 06:25:50","action":"change-status","newStatus":"draft","terms":[],"taxonomy":"translation_priority","extraData":[]},"publishpress_future_workflow_manual_trigger":{"enabledWorkflows":[]},"_links":{"self":[{"href":"https:\/\/pars.se\/en\/wp-json\/wp\/v2\/pages\/310","targetHints":{"allow":["GET"]}}],"collection":[{"href":"https:\/\/pars.se\/en\/wp-json\/wp\/v2\/pages"}],"about":[{"href":"https:\/\/pars.se\/en\/wp-json\/wp\/v2\/types\/page"}],"author":[{"embeddable":true,"href":"https:\/\/pars.se\/en\/wp-json\/wp\/v2\/users\/1"}],"replies":[{"embeddable":true,"href":"https:\/\/pars.se\/en\/wp-json\/wp\/v2\/comments?post=310"}],"version-history":[{"count":6,"href":"https:\/\/pars.se\/en\/wp-json\/wp\/v2\/pages\/310\/revisions"}],"predecessor-version":[{"id":1795,"href":"https:\/\/pars.se\/en\/wp-json\/wp\/v2\/pages\/310\/revisions\/1795"}],"up":[{"embeddable":true,"href":"https:\/\/pars.se\/en\/wp-json\/wp\/v2\/pages\/308"}],"wp:attachment":[{"href":"https:\/\/pars.se\/en\/wp-json\/wp\/v2\/media?parent=310"}],"curies":[{"name":"wp","href":"https:\/\/api.w.org\/{rel}","templated":true}]}}