{"id":312,"date":"2017-08-22T08:36:29","date_gmt":"2017-08-22T06:36:29","guid":{"rendered":"http:\/\/www.pars.se\/pars-group\/acab\/quality\/"},"modified":"2017-08-22T08:36:31","modified_gmt":"2017-08-22T06:36:31","slug":"quality","status":"publish","type":"page","link":"https:\/\/pars.se\/en\/pars-group\/acab\/quality\/","title":{"rendered":"Quality"},"content":{"rendered":"<div class=\"fusion-fullwidth fullwidth-box fusion-builder-row-1 nonhundred-percent-fullwidth non-hundred-percent-height-scrolling\" style=\"--awb-border-radius-top-left:0px;--awb-border-radius-top-right:0px;--awb-border-radius-bottom-right:0px;--awb-border-radius-bottom-left:0px;--awb-flex-wrap:wrap;\" ><div class=\"fusion-builder-row fusion-row\"><div class=\"fusion-layout-column fusion_builder_column fusion-builder-column-0 fusion_builder_column_1_1 1_1 fusion-one-full fusion-column-first fusion-column-last\" style=\"--awb-bg-size:cover;\"><div class=\"fusion-column-wrapper fusion-flex-column-wrapper-legacy\"><div class=\"fusion-text fusion-text-1\"><h2><img decoding=\"async\" class=\"alignright size-medium wp-image-31\" src=\"http:\/\/www.pars.se\/wp-content\/uploads\/services-248x300.jpg\" alt=\"\" width=\"248\" height=\"300\" srcset=\"https:\/\/pars.se\/wp-content\/uploads\/services-200x242.jpg 200w, https:\/\/pars.se\/wp-content\/uploads\/services-248x300.jpg 248w, https:\/\/pars.se\/wp-content\/uploads\/services.jpg 300w\" sizes=\"(max-width: 248px) 100vw, 248px\" \/><\/h2>\n<h2>Quality<\/h2>\n<p>At ACAB we always put quality first and our goal is to always fulfill the customer&#8217;s wishes for product quality and delivery times. We work continuously with preventive processes to prevent possible sources of defects as early as possible.<\/p>\n<p>&nbsp;<\/p>\n<p>First-piece inspection and ongoing controls are a standard feature that\u00a0 everyone at ACAB is trained in. All employees at ACAB are trained to intercept defective articles in production, to prevent articles from going further. At the same time quality functions and measurement techniques are brought in for investigation.<br \/>\nWe work extensively in process control and consider clear instructions for the respective operations to be very important. Product revisions are made on an ongoing basis and are the basis for continual improvements.<\/p>\n<p>We have solid control procedures in place concerning welding. Welding inspection is done by an IWS-certified welding foreman. The focus of the welding is documented via WPS. Critical articles are checked by our own certified OFP personnel. We currently have:<\/p>\n<p>\u2022\u00a0\u00a0 \u00a0One person with VT certificate level 2 (Visual inspection)<br \/>\n\u2022\u00a0\u00a0 \u00a0Two persons with MT certificate level 2 (Magnetic powder testing)<br \/>\n\u2022\u00a0\u00a0 \u00a0One person with UT certificate level 2 (Ultrasound testing)<\/p>\n<p>We are currently certified according to SS-EN ISO 9001:2008.<br \/>\nThe company will be welding certified by the start of 2011 in accordance with SS EN-ISO 3834.<\/p>\n<p>&nbsp;<\/p>\n<\/div><div class=\"fusion-clearfix\"><\/div><\/div><\/div><\/div><\/div>\n","protected":false},"excerpt":{"rendered":"","protected":false},"author":1,"featured_media":0,"parent":308,"menu_order":0,"comment_status":"closed","ping_status":"closed","template":"","meta":{"footnotes":""},"class_list":["post-312","page","type-page","status-publish","hentry"],"yoast_head":"<!-- This site is optimized with the Yoast SEO plugin v27.4 - https:\/\/yoast.com\/product\/yoast-seo-wordpress\/ -->\n<title>Quality - V\u00e4lkommen till Pars Pl\u00e5tgruppen AB<\/title>\n<meta name=\"robots\" content=\"index, follow, max-snippet:-1, max-image-preview:large, max-video-preview:-1\" \/>\n<link rel=\"canonical\" href=\"https:\/\/pars.se\/en\/pars-group\/acab\/quality\/\" \/>\n<meta property=\"og:locale\" content=\"en_US\" \/>\n<meta property=\"og:type\" content=\"article\" \/>\n<meta property=\"og:title\" content=\"Quality - V\u00e4lkommen till Pars Pl\u00e5tgruppen AB\" \/>\n<meta property=\"og:url\" content=\"https:\/\/pars.se\/en\/pars-group\/acab\/quality\/\" \/>\n<meta property=\"og:site_name\" content=\"V\u00e4lkommen till Pars Pl\u00e5tgruppen AB\" \/>\n<meta property=\"article:publisher\" content=\"https:\/\/www.facebook.com\/Parsplatgruppen\" \/>\n<meta property=\"article:modified_time\" content=\"2017-08-22T06:36:31+00:00\" \/>\n<meta property=\"og:image\" content=\"http:\/\/www.pars.se\/wp-content\/uploads\/services-248x300.jpg\" \/>\n<meta name=\"twitter:card\" content=\"summary_large_image\" \/>\n<meta name=\"twitter:label1\" content=\"Est. reading time\" \/>\n\t<meta name=\"twitter:data1\" content=\"2 minutes\" \/>\n<script type=\"application\/ld+json\" class=\"yoast-schema-graph\">{\"@context\":\"https:\\\/\\\/schema.org\",\"@graph\":[{\"@type\":\"WebPage\",\"@id\":\"https:\\\/\\\/pars.se\\\/en\\\/pars-group\\\/acab\\\/quality\\\/\",\"url\":\"https:\\\/\\\/pars.se\\\/en\\\/pars-group\\\/acab\\\/quality\\\/\",\"name\":\"Quality - V\u00e4lkommen till Pars Pl\u00e5tgruppen AB\",\"isPartOf\":{\"@id\":\"https:\\\/\\\/pars.se\\\/#website\"},\"primaryImageOfPage\":{\"@id\":\"https:\\\/\\\/pars.se\\\/en\\\/pars-group\\\/acab\\\/quality\\\/#primaryimage\"},\"image\":{\"@id\":\"https:\\\/\\\/pars.se\\\/en\\\/pars-group\\\/acab\\\/quality\\\/#primaryimage\"},\"thumbnailUrl\":\"http:\\\/\\\/www.pars.se\\\/wp-content\\\/uploads\\\/services-248x300.jpg\",\"datePublished\":\"2017-08-22T06:36:29+00:00\",\"dateModified\":\"2017-08-22T06:36:31+00:00\",\"breadcrumb\":{\"@id\":\"https:\\\/\\\/pars.se\\\/en\\\/pars-group\\\/acab\\\/quality\\\/#breadcrumb\"},\"inLanguage\":\"en-US\",\"potentialAction\":[{\"@type\":\"ReadAction\",\"target\":[\"https:\\\/\\\/pars.se\\\/en\\\/pars-group\\\/acab\\\/quality\\\/\"]}]},{\"@type\":\"ImageObject\",\"inLanguage\":\"en-US\",\"@id\":\"https:\\\/\\\/pars.se\\\/en\\\/pars-group\\\/acab\\\/quality\\\/#primaryimage\",\"url\":\"http:\\\/\\\/www.pars.se\\\/wp-content\\\/uploads\\\/services-248x300.jpg\",\"contentUrl\":\"http:\\\/\\\/www.pars.se\\\/wp-content\\\/uploads\\\/services-248x300.jpg\"},{\"@type\":\"BreadcrumbList\",\"@id\":\"https:\\\/\\\/pars.se\\\/en\\\/pars-group\\\/acab\\\/quality\\\/#breadcrumb\",\"itemListElement\":[{\"@type\":\"ListItem\",\"position\":1,\"name\":\"Hem\",\"item\":\"https:\\\/\\\/pars.se\\\/en\\\/\"},{\"@type\":\"ListItem\",\"position\":2,\"name\":\"Pars Group\",\"item\":\"https:\\\/\\\/pars.se\\\/en\\\/pars-group\\\/\"},{\"@type\":\"ListItem\",\"position\":3,\"name\":\"ACAB\",\"item\":\"https:\\\/\\\/pars.se\\\/en\\\/pars-group\\\/acab\\\/\"},{\"@type\":\"ListItem\",\"position\":4,\"name\":\"Quality\"}]},{\"@type\":\"WebSite\",\"@id\":\"https:\\\/\\\/pars.se\\\/#website\",\"url\":\"https:\\\/\\\/pars.se\\\/\",\"name\":\"V\u00e4lkommen till Pars Pl\u00e5tgruppen AB\",\"description\":\"&quot;fr\u00e5n ide till f\u00e4rdig produkt&quot;\",\"publisher\":{\"@id\":\"https:\\\/\\\/pars.se\\\/#organization\"},\"potentialAction\":[{\"@type\":\"SearchAction\",\"target\":{\"@type\":\"EntryPoint\",\"urlTemplate\":\"https:\\\/\\\/pars.se\\\/?s={search_term_string}\"},\"query-input\":{\"@type\":\"PropertyValueSpecification\",\"valueRequired\":true,\"valueName\":\"search_term_string\"}}],\"inLanguage\":\"en-US\"},{\"@type\":\"Organization\",\"@id\":\"https:\\\/\\\/pars.se\\\/#organization\",\"name\":\"Pars Pl\u00e5tgruppen AB\",\"url\":\"https:\\\/\\\/pars.se\\\/\",\"logo\":{\"@type\":\"ImageObject\",\"inLanguage\":\"en-US\",\"@id\":\"https:\\\/\\\/pars.se\\\/#\\\/schema\\\/logo\\\/image\\\/\",\"url\":\"https:\\\/\\\/pars.se\\\/wp-content\\\/uploads\\\/parsred.png\",\"contentUrl\":\"https:\\\/\\\/pars.se\\\/wp-content\\\/uploads\\\/parsred.png\",\"width\":262,\"height\":136,\"caption\":\"Pars Pl\u00e5tgruppen AB\"},\"image\":{\"@id\":\"https:\\\/\\\/pars.se\\\/#\\\/schema\\\/logo\\\/image\\\/\"},\"sameAs\":[\"https:\\\/\\\/www.facebook.com\\\/Parsplatgruppen\",\"https:\\\/\\\/www.linkedin.com\\\/in\\\/pars-pl\u00e5tgruppen-ab-06762114b\\\/\",\"https:\\\/\\\/www.youtube.com\\\/channel\\\/UCZDn5IzDv1xIcAdG5_dN1eg\"]}]}<\/script>\n<!-- \/ Yoast SEO plugin. -->","yoast_head_json":{"title":"Quality - V\u00e4lkommen till Pars Pl\u00e5tgruppen AB","robots":{"index":"index","follow":"follow","max-snippet":"max-snippet:-1","max-image-preview":"max-image-preview:large","max-video-preview":"max-video-preview:-1"},"canonical":"https:\/\/pars.se\/en\/pars-group\/acab\/quality\/","og_locale":"en_US","og_type":"article","og_title":"Quality - V\u00e4lkommen till Pars Pl\u00e5tgruppen AB","og_url":"https:\/\/pars.se\/en\/pars-group\/acab\/quality\/","og_site_name":"V\u00e4lkommen till Pars Pl\u00e5tgruppen AB","article_publisher":"https:\/\/www.facebook.com\/Parsplatgruppen","article_modified_time":"2017-08-22T06:36:31+00:00","og_image":[{"url":"http:\/\/www.pars.se\/wp-content\/uploads\/services-248x300.jpg","type":"","width":"","height":""}],"twitter_card":"summary_large_image","twitter_misc":{"Est. reading time":"2 minutes"},"schema":{"@context":"https:\/\/schema.org","@graph":[{"@type":"WebPage","@id":"https:\/\/pars.se\/en\/pars-group\/acab\/quality\/","url":"https:\/\/pars.se\/en\/pars-group\/acab\/quality\/","name":"Quality - V\u00e4lkommen till Pars Pl\u00e5tgruppen AB","isPartOf":{"@id":"https:\/\/pars.se\/#website"},"primaryImageOfPage":{"@id":"https:\/\/pars.se\/en\/pars-group\/acab\/quality\/#primaryimage"},"image":{"@id":"https:\/\/pars.se\/en\/pars-group\/acab\/quality\/#primaryimage"},"thumbnailUrl":"http:\/\/www.pars.se\/wp-content\/uploads\/services-248x300.jpg","datePublished":"2017-08-22T06:36:29+00:00","dateModified":"2017-08-22T06:36:31+00:00","breadcrumb":{"@id":"https:\/\/pars.se\/en\/pars-group\/acab\/quality\/#breadcrumb"},"inLanguage":"en-US","potentialAction":[{"@type":"ReadAction","target":["https:\/\/pars.se\/en\/pars-group\/acab\/quality\/"]}]},{"@type":"ImageObject","inLanguage":"en-US","@id":"https:\/\/pars.se\/en\/pars-group\/acab\/quality\/#primaryimage","url":"http:\/\/www.pars.se\/wp-content\/uploads\/services-248x300.jpg","contentUrl":"http:\/\/www.pars.se\/wp-content\/uploads\/services-248x300.jpg"},{"@type":"BreadcrumbList","@id":"https:\/\/pars.se\/en\/pars-group\/acab\/quality\/#breadcrumb","itemListElement":[{"@type":"ListItem","position":1,"name":"Hem","item":"https:\/\/pars.se\/en\/"},{"@type":"ListItem","position":2,"name":"Pars Group","item":"https:\/\/pars.se\/en\/pars-group\/"},{"@type":"ListItem","position":3,"name":"ACAB","item":"https:\/\/pars.se\/en\/pars-group\/acab\/"},{"@type":"ListItem","position":4,"name":"Quality"}]},{"@type":"WebSite","@id":"https:\/\/pars.se\/#website","url":"https:\/\/pars.se\/","name":"V\u00e4lkommen till Pars Pl\u00e5tgruppen AB","description":"&quot;fr\u00e5n ide till f\u00e4rdig produkt&quot;","publisher":{"@id":"https:\/\/pars.se\/#organization"},"potentialAction":[{"@type":"SearchAction","target":{"@type":"EntryPoint","urlTemplate":"https:\/\/pars.se\/?s={search_term_string}"},"query-input":{"@type":"PropertyValueSpecification","valueRequired":true,"valueName":"search_term_string"}}],"inLanguage":"en-US"},{"@type":"Organization","@id":"https:\/\/pars.se\/#organization","name":"Pars Pl\u00e5tgruppen AB","url":"https:\/\/pars.se\/","logo":{"@type":"ImageObject","inLanguage":"en-US","@id":"https:\/\/pars.se\/#\/schema\/logo\/image\/","url":"https:\/\/pars.se\/wp-content\/uploads\/parsred.png","contentUrl":"https:\/\/pars.se\/wp-content\/uploads\/parsred.png","width":262,"height":136,"caption":"Pars Pl\u00e5tgruppen AB"},"image":{"@id":"https:\/\/pars.se\/#\/schema\/logo\/image\/"},"sameAs":["https:\/\/www.facebook.com\/Parsplatgruppen","https:\/\/www.linkedin.com\/in\/pars-pl\u00e5tgruppen-ab-06762114b\/","https:\/\/www.youtube.com\/channel\/UCZDn5IzDv1xIcAdG5_dN1eg"]}]}},"publishpress_future_action":{"enabled":false,"date":"2026-04-24 15:33:00","action":"change-status","newStatus":"draft","terms":[],"taxonomy":"translation_priority","extraData":[]},"publishpress_future_workflow_manual_trigger":{"enabledWorkflows":[]},"_links":{"self":[{"href":"https:\/\/pars.se\/en\/wp-json\/wp\/v2\/pages\/312","targetHints":{"allow":["GET"]}}],"collection":[{"href":"https:\/\/pars.se\/en\/wp-json\/wp\/v2\/pages"}],"about":[{"href":"https:\/\/pars.se\/en\/wp-json\/wp\/v2\/types\/page"}],"author":[{"embeddable":true,"href":"https:\/\/pars.se\/en\/wp-json\/wp\/v2\/users\/1"}],"replies":[{"embeddable":true,"href":"https:\/\/pars.se\/en\/wp-json\/wp\/v2\/comments?post=312"}],"version-history":[{"count":1,"href":"https:\/\/pars.se\/en\/wp-json\/wp\/v2\/pages\/312\/revisions"}],"predecessor-version":[{"id":313,"href":"https:\/\/pars.se\/en\/wp-json\/wp\/v2\/pages\/312\/revisions\/313"}],"up":[{"embeddable":true,"href":"https:\/\/pars.se\/en\/wp-json\/wp\/v2\/pages\/308"}],"wp:attachment":[{"href":"https:\/\/pars.se\/en\/wp-json\/wp\/v2\/media?parent=312"}],"curies":[{"name":"wp","href":"https:\/\/api.w.org\/{rel}","templated":true}]}}