{"id":316,"date":"2017-08-22T08:55:33","date_gmt":"2017-08-22T06:55:33","guid":{"rendered":"http:\/\/www.pars.se\/pars-group\/acab\/services\/"},"modified":"2017-08-22T08:55:39","modified_gmt":"2017-08-22T06:55:39","slug":"services","status":"publish","type":"page","link":"https:\/\/pars.se\/en\/pars-group\/acab\/services\/","title":{"rendered":"Services"},"content":{"rendered":"<div class=\"fusion-fullwidth fullwidth-box fusion-builder-row-1 nonhundred-percent-fullwidth non-hundred-percent-height-scrolling\" style=\"--awb-border-radius-top-left:0px;--awb-border-radius-top-right:0px;--awb-border-radius-bottom-right:0px;--awb-border-radius-bottom-left:0px;--awb-flex-wrap:wrap;\" ><div class=\"fusion-builder-row fusion-row\"><div class=\"fusion-layout-column fusion_builder_column fusion-builder-column-0 fusion_builder_column_1_1 1_1 fusion-one-full fusion-column-first fusion-column-last\" style=\"--awb-bg-size:cover;\"><div class=\"fusion-column-wrapper fusion-flex-column-wrapper-legacy\"><div class=\"fusion-text fusion-text-1\"><h2>Services<\/h2>\n<p>Here you can read more about the services we offer at ACAB to offer you when you choose to cooperate with us.<\/p>\n<\/div><div class=\"accordian fusion-accordian\" style=\"--awb-border-size:1px;--awb-icon-size:13px;--awb-content-font-size:15px;--awb-icon-alignment:left;--awb-hover-color:#f9f9f9;--awb-border-color:#cccccc;--awb-background-color:#ffffff;--awb-divider-color:#e0dede;--awb-divider-hover-color:#e0dede;--awb-icon-color:#ffffff;--awb-title-color:#191919;--awb-content-color:#707070;--awb-icon-box-color:#333333;--awb-toggle-hover-accent-color:#ed1b2e;--awb-title-font-family:&quot;Fira Sans&quot;;--awb-title-font-weight:regular;--awb-title-font-style:normal;--awb-title-font-size:18px;--awb-content-font-family:&quot;Fira Sans&quot;;--awb-content-font-style:normal;--awb-content-font-weight:400;\"><div class=\"panel-group fusion-toggle-icon-boxed\" id=\"accordion-316-1\"><div class=\"fusion-panel panel-default panel-ddb2054da12757064 fusion-toggle-no-divider fusion-toggle-boxed-mode\"><div class=\"panel-heading\"><h4 class=\"panel-title toggle\" id=\"toggle_ddb2054da12757064\"><a aria-expanded=\"false\" aria-controls=\"ddb2054da12757064\" role=\"button\" data-toggle=\"collapse\" data-parent=\"#accordion-316-1\" data-target=\"#ddb2054da12757064\" href=\"#ddb2054da12757064\"><span class=\"fusion-toggle-icon-wrapper\" aria-hidden=\"true\"><i class=\"fa-fusion-box active-icon awb-icon-minus\" aria-hidden=\"true\"><\/i><i class=\"fa-fusion-box inactive-icon awb-icon-plus\" aria-hidden=\"true\"><\/i><\/span><span class=\"fusion-toggle-heading\">Lasercutting<\/span><\/a><\/h4><\/div><div id=\"ddb2054da12757064\" class=\"panel-collapse collapse \" aria-labelledby=\"toggle_ddb2054da12757064\"><div class=\"panel-body toggle-content fusion-clearfix\"><span class=\"hps\">Bystronic<\/span>\u00a0<span class=\"hps\">3000W<\/span>.\u00a0<span class=\"hps\">Tray sizes<\/span>\u00a0<span class=\"hps\">up to 3000<\/span>\u00a0<span class=\"hps\">* 1500<\/span>\u00a0<span class=\"hps\">mm \/<\/span>\u00a0<span class=\"hps\">tj<\/span>.\u00a0<span class=\"hps atn\">1-<\/span>15mm<\/div><\/div><\/div><div class=\"fusion-panel panel-default panel-f6c83f3af6068b961 fusion-toggle-no-divider fusion-toggle-boxed-mode\"><div class=\"panel-heading\"><h4 class=\"panel-title toggle\" id=\"toggle_f6c83f3af6068b961\"><a aria-expanded=\"false\" aria-controls=\"f6c83f3af6068b961\" role=\"button\" data-toggle=\"collapse\" data-parent=\"#accordion-316-1\" data-target=\"#f6c83f3af6068b961\" href=\"#f6c83f3af6068b961\"><span class=\"fusion-toggle-icon-wrapper\" aria-hidden=\"true\"><i class=\"fa-fusion-box active-icon awb-icon-minus\" aria-hidden=\"true\"><\/i><i class=\"fa-fusion-box inactive-icon awb-icon-plus\" aria-hidden=\"true\"><\/i><\/span><span class=\"fusion-toggle-heading\">Assembling<\/span><\/a><\/h4><\/div><div id=\"f6c83f3af6068b961\" class=\"panel-collapse collapse \" aria-labelledby=\"toggle_f6c83f3af6068b961\"><div class=\"panel-body toggle-content fusion-clearfix\">If your product needs to be assembled to become a finished product, we can offer that service.<\/p>\n<p><img decoding=\"async\" class=\"alignnone size-medium wp-image-25\" src=\"http:\/\/www.pars.se\/wp-content\/uploads\/montering-225x300.jpg\" alt=\"\" width=\"225\" height=\"300\" srcset=\"https:\/\/pars.se\/wp-content\/uploads\/montering-200x267.jpg 200w, https:\/\/pars.se\/wp-content\/uploads\/montering-225x300.jpg 225w, https:\/\/pars.se\/wp-content\/uploads\/montering.jpg 360w\" sizes=\"(max-width: 225px) 100vw, 225px\" \/><\/div><\/div><\/div><div class=\"fusion-panel panel-default panel-f178f00d4838c2b0d fusion-toggle-no-divider fusion-toggle-boxed-mode\"><div class=\"panel-heading\"><h4 class=\"panel-title toggle\" id=\"toggle_f178f00d4838c2b0d\"><a aria-expanded=\"false\" aria-controls=\"f178f00d4838c2b0d\" role=\"button\" data-toggle=\"collapse\" data-parent=\"#accordion-316-1\" data-target=\"#f178f00d4838c2b0d\" href=\"#f178f00d4838c2b0d\"><span class=\"fusion-toggle-icon-wrapper\" aria-hidden=\"true\"><i class=\"fa-fusion-box active-icon awb-icon-minus\" aria-hidden=\"true\"><\/i><i class=\"fa-fusion-box inactive-icon awb-icon-plus\" aria-hidden=\"true\"><\/i><\/span><span class=\"fusion-toggle-heading\">Coordinate measuring<\/span><\/a><\/h4><\/div><div id=\"f178f00d4838c2b0d\" class=\"panel-collapse collapse \" aria-labelledby=\"toggle_f178f00d4838c2b0d\"><div class=\"panel-body toggle-content fusion-clearfix\"><span class=\"hps\">CMM<\/span>&#8216;s\u00a0<span class=\"hps\">measuring<\/span>\u00a0<span class=\"hps\">out<\/span>\u00a0<span class=\"hps\">products with<\/span>\u00a0<span class=\"hps\">maximum<\/span>\u00a0<span class=\"hps\">dimensions<\/span>\u00a0<span class=\"hps\">X1200<\/span>\u00a0<span class=\"hps\">Y1800\u00a0<\/span><span class=\"hps\">Z800<\/span>.<\/div><\/div><\/div><div class=\"fusion-panel panel-default panel-9b138315a58ee4d58 fusion-toggle-no-divider fusion-toggle-boxed-mode\"><div class=\"panel-heading\"><h4 class=\"panel-title toggle\" id=\"toggle_9b138315a58ee4d58\"><a aria-expanded=\"false\" aria-controls=\"9b138315a58ee4d58\" role=\"button\" data-toggle=\"collapse\" data-parent=\"#accordion-316-1\" data-target=\"#9b138315a58ee4d58\" href=\"#9b138315a58ee4d58\"><span class=\"fusion-toggle-icon-wrapper\" aria-hidden=\"true\"><i class=\"fa-fusion-box active-icon awb-icon-minus\" aria-hidden=\"true\"><\/i><i class=\"fa-fusion-box inactive-icon awb-icon-plus\" aria-hidden=\"true\"><\/i><\/span><span class=\"fusion-toggle-heading\">CNC milling<\/span><\/a><\/h4><\/div><div id=\"9b138315a58ee4d58\" class=\"panel-collapse collapse \" aria-labelledby=\"toggle_9b138315a58ee4d58\"><div class=\"panel-body toggle-content fusion-clearfix\">\n<ul>\n<li style=\"list-style-type: none\">\n<ul>\n<li><em>Svarv Okuma LR25 Svarv Hyundai-Kia SKT400M Chuck 12&#8243;, Max l\u00e4ngd 1200. Max dia 570.<\/em><\/li>\n<\/ul>\n<\/li>\n<\/ul>\n<ul>\n<li style=\"list-style-type: none\">\n<ul>\n<li><em>Horisontal Flerop.Toshiba BMC-800\u00a0\u00a0 1600 x 1250 x 1250 \u00a0800 x 800<\/em><\/li>\n<\/ul>\n<\/li>\n<\/ul>\n<ul>\n<li style=\"list-style-type: none\">\n<ul>\n<li><em>Horisontal Flerop.SKTCL HMC80\u00a0\u00a0\u00a0\u00a0\u00a0 \u00a01300 x 1200 x 1000 \u00a0800 x 800<\/em><\/li>\n<\/ul>\n<\/li>\n<\/ul>\n<ul>\n<li style=\"list-style-type: none\">\n<ul>\n<li><em>Horisontal Flerop.Okuma MA-600HB\u00a0\u00a0 1000 x 900 x 1000 \u00a0630 x 630<\/em><\/li>\n<\/ul>\n<\/li>\n<\/ul>\n<ul>\n<li style=\"list-style-type: none\">\n<ul>\n<li><em>Horisontal Flerop.Okuma MA-60HB\u00a0\u00a0\u00a0\u00a0\u00a0 \u00a01000 x 800 x 810 \u00a0630 x 630<\/em><\/li>\n<\/ul>\n<\/li>\n<\/ul>\n<ul>\n<li style=\"list-style-type: none\">\n<ul>\n<li><em>Horisontal Flerop.Okuma MA-50HB\u00a0\u00a0\u00a0 \u00a0 \u00a0 \u00a0700 x 800 x 700 \u00a0500 x 500<\/em><\/li>\n<\/ul>\n<\/li>\n<\/ul>\n<ul>\n<li style=\"list-style-type: none\">\n<ul>\n<li><em>Vertikal Flerop. Okuma MF-46VA\u00a0\u00a0\u00a0\u00a0\u00a0\u00a0\u00a0\u00a0 \u00a0\u00a0 \u00a0762 x 460 x 460 \u00a0460 x 760 \u00a0 <\/em><\/li>\n<\/ul>\n<\/li>\n<\/ul>\n<ul>\n<li style=\"list-style-type: none\">\n<ul>\n<li><em>Vertikal Flerop.\u00a0Enshu VMC-650\u00a0\u00a0\u00a0\u00a0\u00a0\u00a0\u00a0\u00a0 \u00a0 1360 x 650 x 560 \u00a01600 x 650 <\/em><\/li>\n<\/ul>\n<\/li>\n<\/ul>\n<ul>\n<li style=\"list-style-type: none\">\n<ul>\n<li><em>Vertikal Flerop.\u00a0Matsuura MC-710V \u00a0\u00a0\u00a0 \u00a0 \u00a0710 x 320 x 600 \u00a01100 x 350 <\/em><\/li>\n<\/ul>\n<\/li>\n<\/ul>\n<ul>\n<li style=\"list-style-type: none\">\n<ul>\n<li><em>Arborrverk Toshiba BTD-11R16\u00a0\u00a0\u00a0\u00a0\u00a02000 x 1500 x 1500 \u00a01600 x 1400<\/em><\/li>\n<\/ul>\n<\/li>\n<\/ul>\n<ul>\n<li style=\"list-style-type: none\">\n<ul>\n<li><em>B\u00e4ddfr\u00e4s Soraluce FS10000 X=10000 Y=2800 Z=1500 mm.<\/em><\/li>\n<\/ul>\n<\/li>\n<\/ul>\n<p>&nbsp;<\/div><\/div><\/div><div class=\"fusion-panel panel-default panel-d2720bd332ed7ebfa fusion-toggle-no-divider fusion-toggle-boxed-mode\"><div class=\"panel-heading\"><h4 class=\"panel-title toggle\" id=\"toggle_d2720bd332ed7ebfa\"><a aria-expanded=\"false\" aria-controls=\"d2720bd332ed7ebfa\" role=\"button\" data-toggle=\"collapse\" data-parent=\"#accordion-316-1\" data-target=\"#d2720bd332ed7ebfa\" href=\"#d2720bd332ed7ebfa\"><span class=\"fusion-toggle-icon-wrapper\" aria-hidden=\"true\"><i class=\"fa-fusion-box active-icon awb-icon-minus\" aria-hidden=\"true\"><\/i><i class=\"fa-fusion-box inactive-icon awb-icon-plus\" aria-hidden=\"true\"><\/i><\/span><span class=\"fusion-toggle-heading\">Welding<\/span><\/a><\/h4><\/div><div id=\"d2720bd332ed7ebfa\" class=\"panel-collapse collapse \" aria-labelledby=\"toggle_d2720bd332ed7ebfa\"><div class=\"panel-body toggle-content fusion-clearfix\"><em><img decoding=\"async\" class=\"alignright size-medium wp-image-32\" src=\"http:\/\/www.pars.se\/wp-content\/uploads\/svetsning-300x200.jpg\" alt=\"\" width=\"300\" height=\"200\" srcset=\"https:\/\/pars.se\/wp-content\/uploads\/svetsning-200x133.jpg 200w, https:\/\/pars.se\/wp-content\/uploads\/svetsning-300x200.jpg 300w, https:\/\/pars.se\/wp-content\/uploads\/svetsning-400x267.jpg 400w, https:\/\/pars.se\/wp-content\/uploads\/svetsning.jpg 420w\" sizes=\"(max-width: 300px) 100vw, 300px\" \/><\/em>17 manual welding stations with Fronius power sources 500A.<br \/>\nThese are equipped with double feeders to quickly change between homogeneous and filament.<br \/>\nProgrammable positioners with capacity from 0-1500Kg.<\/p>\n<p>4 robot welding stations. 2 ABB robots with switchboards.<br \/>\n2 axle positioners with a maximum capacity of 750 Kg.<br \/>\n1 larger ABB welding station with 2-axle positioner with max capacity of 2000 kg.<br \/>\n1 very large IGM facility for great details. This is equipped with 2 axle positioners of max 3000 kg.<br \/>\nCertified OFP staff for weld control Level 2 for methods MT, Magnetic Powder Testing and UT, Ultrasonic Testing.<\/p>\n<p>&nbsp;<\/div><\/div><\/div><div class=\"fusion-panel panel-default panel-7413ae5015b47f3d4 fusion-toggle-no-divider fusion-toggle-boxed-mode\"><div class=\"panel-heading\"><h4 class=\"panel-title toggle\" id=\"toggle_7413ae5015b47f3d4\"><a aria-expanded=\"false\" aria-controls=\"7413ae5015b47f3d4\" role=\"button\" data-toggle=\"collapse\" data-parent=\"#accordion-316-1\" data-target=\"#7413ae5015b47f3d4\" href=\"#7413ae5015b47f3d4\"><span class=\"fusion-toggle-icon-wrapper\" aria-hidden=\"true\"><i class=\"fa-fusion-box active-icon awb-icon-minus\" aria-hidden=\"true\"><\/i><i class=\"fa-fusion-box inactive-icon awb-icon-plus\" aria-hidden=\"true\"><\/i><\/span><span class=\"fusion-toggle-heading\">Bending<\/span><\/a><\/h4><\/div><div id=\"7413ae5015b47f3d4\" class=\"panel-collapse collapse \" aria-labelledby=\"toggle_7413ae5015b47f3d4\"><div class=\"panel-body toggle-content fusion-clearfix\"><span class=\"hps\">Press brake\u00a0<\/span><span class=\"hps\">Ursviken<\/span>\u00a0<span class=\"hps\">500 tonnes.<\/span>\u00a0<span class=\"hps\">Press brake<\/span>\u00a0<span class=\"hps\">Ursviken<\/span>\u00a0<span class=\"hps\">320<\/span>\u00a0<span class=\"hps\">tonnes.<\/span>\u00a0<span class=\"hps\">Hydraulic<\/span>\u00a0<span class=\"hps\">\/<\/span>\u00a0<span class=\"hps\">rich<\/span><span class=\"hps\">press<\/span>\u00a0<span class=\"hps\">400<\/span>\u00a0<span class=\"hps\">tons<\/span><\/div><\/div><\/div><div class=\"fusion-panel panel-default panel-97ac041dad5d0f025 fusion-toggle-no-divider fusion-toggle-boxed-mode\"><div class=\"panel-heading\"><h4 class=\"panel-title toggle\" id=\"toggle_97ac041dad5d0f025\"><a aria-expanded=\"false\" aria-controls=\"97ac041dad5d0f025\" role=\"button\" data-toggle=\"collapse\" data-parent=\"#accordion-316-1\" data-target=\"#97ac041dad5d0f025\" href=\"#97ac041dad5d0f025\"><span class=\"fusion-toggle-icon-wrapper\" aria-hidden=\"true\"><i class=\"fa-fusion-box active-icon awb-icon-minus\" aria-hidden=\"true\"><\/i><i class=\"fa-fusion-box inactive-icon awb-icon-plus\" aria-hidden=\"true\"><\/i><\/span><span class=\"fusion-toggle-heading\">Surface treatment<\/span><\/a><\/h4><\/div><div id=\"97ac041dad5d0f025\" class=\"panel-collapse collapse \" aria-labelledby=\"toggle_97ac041dad5d0f025\"><div class=\"panel-body toggle-content fusion-clearfix\">Blow cleaner \/ blasting machine for objects with max size 4000 x 1500 x 1000.<\/div><\/div><\/div><\/div><\/div><div class=\"fusion-clearfix\"><\/div><\/div><\/div><\/div><\/div>\n","protected":false},"excerpt":{"rendered":"","protected":false},"author":1,"featured_media":0,"parent":308,"menu_order":0,"comment_status":"closed","ping_status":"closed","template":"","meta":{"footnotes":""},"class_list":["post-316","page","type-page","status-publish","hentry"],"yoast_head":"<!-- This site is optimized with the Yoast SEO plugin v27.3 - https:\/\/yoast.com\/product\/yoast-seo-wordpress\/ -->\n<title>Services - V\u00e4lkommen till Pars Pl\u00e5tgruppen AB<\/title>\n<meta name=\"robots\" content=\"index, follow, max-snippet:-1, max-image-preview:large, max-video-preview:-1\" \/>\n<link rel=\"canonical\" href=\"https:\/\/pars.se\/en\/pars-group\/acab\/services\/\" \/>\n<meta property=\"og:locale\" content=\"en_US\" \/>\n<meta property=\"og:type\" content=\"article\" \/>\n<meta property=\"og:title\" content=\"Services - V\u00e4lkommen till Pars Pl\u00e5tgruppen AB\" \/>\n<meta property=\"og:url\" content=\"https:\/\/pars.se\/en\/pars-group\/acab\/services\/\" \/>\n<meta property=\"og:site_name\" content=\"V\u00e4lkommen till Pars Pl\u00e5tgruppen AB\" \/>\n<meta property=\"article:publisher\" content=\"https:\/\/www.facebook.com\/Parsplatgruppen\" \/>\n<meta property=\"article:modified_time\" content=\"2017-08-22T06:55:39+00:00\" \/>\n<meta property=\"og:image\" content=\"http:\/\/www.pars.se\/wp-content\/uploads\/montering-225x300.jpg\" \/>\n<meta name=\"twitter:card\" content=\"summary_large_image\" \/>\n<meta name=\"twitter:label1\" content=\"Est. reading time\" \/>\n\t<meta name=\"twitter:data1\" content=\"3 minutes\" \/>\n<script type=\"application\/ld+json\" class=\"yoast-schema-graph\">{\"@context\":\"https:\\\/\\\/schema.org\",\"@graph\":[{\"@type\":\"WebPage\",\"@id\":\"https:\\\/\\\/pars.se\\\/en\\\/pars-group\\\/acab\\\/services\\\/\",\"url\":\"https:\\\/\\\/pars.se\\\/en\\\/pars-group\\\/acab\\\/services\\\/\",\"name\":\"Services - V\u00e4lkommen till Pars Pl\u00e5tgruppen AB\",\"isPartOf\":{\"@id\":\"https:\\\/\\\/pars.se\\\/#website\"},\"primaryImageOfPage\":{\"@id\":\"https:\\\/\\\/pars.se\\\/en\\\/pars-group\\\/acab\\\/services\\\/#primaryimage\"},\"image\":{\"@id\":\"https:\\\/\\\/pars.se\\\/en\\\/pars-group\\\/acab\\\/services\\\/#primaryimage\"},\"thumbnailUrl\":\"http:\\\/\\\/www.pars.se\\\/wp-content\\\/uploads\\\/montering-225x300.jpg\",\"datePublished\":\"2017-08-22T06:55:33+00:00\",\"dateModified\":\"2017-08-22T06:55:39+00:00\",\"breadcrumb\":{\"@id\":\"https:\\\/\\\/pars.se\\\/en\\\/pars-group\\\/acab\\\/services\\\/#breadcrumb\"},\"inLanguage\":\"en-US\",\"potentialAction\":[{\"@type\":\"ReadAction\",\"target\":[\"https:\\\/\\\/pars.se\\\/en\\\/pars-group\\\/acab\\\/services\\\/\"]}]},{\"@type\":\"ImageObject\",\"inLanguage\":\"en-US\",\"@id\":\"https:\\\/\\\/pars.se\\\/en\\\/pars-group\\\/acab\\\/services\\\/#primaryimage\",\"url\":\"http:\\\/\\\/www.pars.se\\\/wp-content\\\/uploads\\\/montering-225x300.jpg\",\"contentUrl\":\"http:\\\/\\\/www.pars.se\\\/wp-content\\\/uploads\\\/montering-225x300.jpg\"},{\"@type\":\"BreadcrumbList\",\"@id\":\"https:\\\/\\\/pars.se\\\/en\\\/pars-group\\\/acab\\\/services\\\/#breadcrumb\",\"itemListElement\":[{\"@type\":\"ListItem\",\"position\":1,\"name\":\"Hem\",\"item\":\"https:\\\/\\\/pars.se\\\/en\\\/\"},{\"@type\":\"ListItem\",\"position\":2,\"name\":\"Pars Group\",\"item\":\"https:\\\/\\\/pars.se\\\/en\\\/pars-group\\\/\"},{\"@type\":\"ListItem\",\"position\":3,\"name\":\"ACAB\",\"item\":\"https:\\\/\\\/pars.se\\\/en\\\/pars-group\\\/acab\\\/\"},{\"@type\":\"ListItem\",\"position\":4,\"name\":\"Services\"}]},{\"@type\":\"WebSite\",\"@id\":\"https:\\\/\\\/pars.se\\\/#website\",\"url\":\"https:\\\/\\\/pars.se\\\/\",\"name\":\"V\u00e4lkommen till Pars Pl\u00e5tgruppen AB\",\"description\":\"&quot;fr\u00e5n ide till f\u00e4rdig produkt&quot;\",\"publisher\":{\"@id\":\"https:\\\/\\\/pars.se\\\/#organization\"},\"potentialAction\":[{\"@type\":\"SearchAction\",\"target\":{\"@type\":\"EntryPoint\",\"urlTemplate\":\"https:\\\/\\\/pars.se\\\/?s={search_term_string}\"},\"query-input\":{\"@type\":\"PropertyValueSpecification\",\"valueRequired\":true,\"valueName\":\"search_term_string\"}}],\"inLanguage\":\"en-US\"},{\"@type\":\"Organization\",\"@id\":\"https:\\\/\\\/pars.se\\\/#organization\",\"name\":\"Pars Pl\u00e5tgruppen AB\",\"url\":\"https:\\\/\\\/pars.se\\\/\",\"logo\":{\"@type\":\"ImageObject\",\"inLanguage\":\"en-US\",\"@id\":\"https:\\\/\\\/pars.se\\\/#\\\/schema\\\/logo\\\/image\\\/\",\"url\":\"https:\\\/\\\/pars.se\\\/wp-content\\\/uploads\\\/parsred.png\",\"contentUrl\":\"https:\\\/\\\/pars.se\\\/wp-content\\\/uploads\\\/parsred.png\",\"width\":262,\"height\":136,\"caption\":\"Pars Pl\u00e5tgruppen AB\"},\"image\":{\"@id\":\"https:\\\/\\\/pars.se\\\/#\\\/schema\\\/logo\\\/image\\\/\"},\"sameAs\":[\"https:\\\/\\\/www.facebook.com\\\/Parsplatgruppen\",\"https:\\\/\\\/www.linkedin.com\\\/in\\\/pars-pl\u00e5tgruppen-ab-06762114b\\\/\",\"https:\\\/\\\/www.youtube.com\\\/channel\\\/UCZDn5IzDv1xIcAdG5_dN1eg\"]}]}<\/script>\n<!-- \/ Yoast SEO plugin. -->","yoast_head_json":{"title":"Services - V\u00e4lkommen till Pars Pl\u00e5tgruppen AB","robots":{"index":"index","follow":"follow","max-snippet":"max-snippet:-1","max-image-preview":"max-image-preview:large","max-video-preview":"max-video-preview:-1"},"canonical":"https:\/\/pars.se\/en\/pars-group\/acab\/services\/","og_locale":"en_US","og_type":"article","og_title":"Services - V\u00e4lkommen till Pars Pl\u00e5tgruppen AB","og_url":"https:\/\/pars.se\/en\/pars-group\/acab\/services\/","og_site_name":"V\u00e4lkommen till Pars Pl\u00e5tgruppen AB","article_publisher":"https:\/\/www.facebook.com\/Parsplatgruppen","article_modified_time":"2017-08-22T06:55:39+00:00","og_image":[{"url":"http:\/\/www.pars.se\/wp-content\/uploads\/montering-225x300.jpg","type":"","width":"","height":""}],"twitter_card":"summary_large_image","twitter_misc":{"Est. reading time":"3 minutes"},"schema":{"@context":"https:\/\/schema.org","@graph":[{"@type":"WebPage","@id":"https:\/\/pars.se\/en\/pars-group\/acab\/services\/","url":"https:\/\/pars.se\/en\/pars-group\/acab\/services\/","name":"Services - V\u00e4lkommen till Pars Pl\u00e5tgruppen AB","isPartOf":{"@id":"https:\/\/pars.se\/#website"},"primaryImageOfPage":{"@id":"https:\/\/pars.se\/en\/pars-group\/acab\/services\/#primaryimage"},"image":{"@id":"https:\/\/pars.se\/en\/pars-group\/acab\/services\/#primaryimage"},"thumbnailUrl":"http:\/\/www.pars.se\/wp-content\/uploads\/montering-225x300.jpg","datePublished":"2017-08-22T06:55:33+00:00","dateModified":"2017-08-22T06:55:39+00:00","breadcrumb":{"@id":"https:\/\/pars.se\/en\/pars-group\/acab\/services\/#breadcrumb"},"inLanguage":"en-US","potentialAction":[{"@type":"ReadAction","target":["https:\/\/pars.se\/en\/pars-group\/acab\/services\/"]}]},{"@type":"ImageObject","inLanguage":"en-US","@id":"https:\/\/pars.se\/en\/pars-group\/acab\/services\/#primaryimage","url":"http:\/\/www.pars.se\/wp-content\/uploads\/montering-225x300.jpg","contentUrl":"http:\/\/www.pars.se\/wp-content\/uploads\/montering-225x300.jpg"},{"@type":"BreadcrumbList","@id":"https:\/\/pars.se\/en\/pars-group\/acab\/services\/#breadcrumb","itemListElement":[{"@type":"ListItem","position":1,"name":"Hem","item":"https:\/\/pars.se\/en\/"},{"@type":"ListItem","position":2,"name":"Pars Group","item":"https:\/\/pars.se\/en\/pars-group\/"},{"@type":"ListItem","position":3,"name":"ACAB","item":"https:\/\/pars.se\/en\/pars-group\/acab\/"},{"@type":"ListItem","position":4,"name":"Services"}]},{"@type":"WebSite","@id":"https:\/\/pars.se\/#website","url":"https:\/\/pars.se\/","name":"V\u00e4lkommen till Pars Pl\u00e5tgruppen AB","description":"&quot;fr\u00e5n ide till f\u00e4rdig produkt&quot;","publisher":{"@id":"https:\/\/pars.se\/#organization"},"potentialAction":[{"@type":"SearchAction","target":{"@type":"EntryPoint","urlTemplate":"https:\/\/pars.se\/?s={search_term_string}"},"query-input":{"@type":"PropertyValueSpecification","valueRequired":true,"valueName":"search_term_string"}}],"inLanguage":"en-US"},{"@type":"Organization","@id":"https:\/\/pars.se\/#organization","name":"Pars Pl\u00e5tgruppen AB","url":"https:\/\/pars.se\/","logo":{"@type":"ImageObject","inLanguage":"en-US","@id":"https:\/\/pars.se\/#\/schema\/logo\/image\/","url":"https:\/\/pars.se\/wp-content\/uploads\/parsred.png","contentUrl":"https:\/\/pars.se\/wp-content\/uploads\/parsred.png","width":262,"height":136,"caption":"Pars Pl\u00e5tgruppen AB"},"image":{"@id":"https:\/\/pars.se\/#\/schema\/logo\/image\/"},"sameAs":["https:\/\/www.facebook.com\/Parsplatgruppen","https:\/\/www.linkedin.com\/in\/pars-pl\u00e5tgruppen-ab-06762114b\/","https:\/\/www.youtube.com\/channel\/UCZDn5IzDv1xIcAdG5_dN1eg"]}]}},"publishpress_future_action":{"enabled":false,"date":"2026-04-20 12:13:24","action":"change-status","newStatus":"draft","terms":[],"taxonomy":"translation_priority","extraData":[]},"publishpress_future_workflow_manual_trigger":{"enabledWorkflows":[]},"_links":{"self":[{"href":"https:\/\/pars.se\/en\/wp-json\/wp\/v2\/pages\/316","targetHints":{"allow":["GET"]}}],"collection":[{"href":"https:\/\/pars.se\/en\/wp-json\/wp\/v2\/pages"}],"about":[{"href":"https:\/\/pars.se\/en\/wp-json\/wp\/v2\/types\/page"}],"author":[{"embeddable":true,"href":"https:\/\/pars.se\/en\/wp-json\/wp\/v2\/users\/1"}],"replies":[{"embeddable":true,"href":"https:\/\/pars.se\/en\/wp-json\/wp\/v2\/comments?post=316"}],"version-history":[{"count":15,"href":"https:\/\/pars.se\/en\/wp-json\/wp\/v2\/pages\/316\/revisions"}],"predecessor-version":[{"id":331,"href":"https:\/\/pars.se\/en\/wp-json\/wp\/v2\/pages\/316\/revisions\/331"}],"up":[{"embeddable":true,"href":"https:\/\/pars.se\/en\/wp-json\/wp\/v2\/pages\/308"}],"wp:attachment":[{"href":"https:\/\/pars.se\/en\/wp-json\/wp\/v2\/media?parent=316"}],"curies":[{"name":"wp","href":"https:\/\/api.w.org\/{rel}","templated":true}]}}