{"id":335,"date":"2017-08-22T08:57:41","date_gmt":"2017-08-22T06:57:41","guid":{"rendered":"http:\/\/www.pars.se\/pars-group\/btt\/contact-us\/"},"modified":"2017-08-22T08:57:41","modified_gmt":"2017-08-22T06:57:41","slug":"contact-us","status":"publish","type":"page","link":"https:\/\/pars.se\/en\/pars-group\/btt\/contact-us\/","title":{"rendered":"Contact Us"},"content":{"rendered":"\n\n\n<div id=\"wpv-view-layout-221\" class=\"js-wpv-view-layout js-wpv-layout-responsive js-wpv-view-layout-221\" data-viewnumber=\"221\" data-pagination=\"{&quot;id&quot;:221,&quot;query&quot;:&quot;normal&quot;,&quot;type&quot;:&quot;disabled&quot;,&quot;effect&quot;:&quot;fade&quot;,&quot;duration&quot;:&quot;500&quot;,&quot;speed&quot;:&quot;5&quot;,&quot;pause_on_hover&quot;:&quot;disabled&quot;,&quot;stop_rollover&quot;:&quot;false&quot;,&quot;cache_pages&quot;:&quot;enabled&quot;,&quot;preload_images&quot;:&quot;enabled&quot;,&quot;preload_pages&quot;:&quot;enabled&quot;,&quot;preload_reach&quot;:&quot;1&quot;,&quot;spinner&quot;:&quot;builtin&quot;,&quot;spinner_image&quot;:&quot;https:\/\/www.pars.se\/wp-content\/plugins\/wp-views\/embedded\/res\/img\/ajax-loader.gif&quot;,&quot;callback_next&quot;:&quot;&quot;,&quot;manage_history&quot;:&quot;enabled&quot;,&quot;has_controls_in_form&quot;:&quot;disabled&quot;,&quot;infinite_tolerance&quot;:&quot;0&quot;,&quot;max_pages&quot;:0,&quot;page&quot;:1,&quot;base_permalink&quot;:&quot;\/en\/wp-json\/wp\/v2\/pages\/335?wpv_view_count=221&amp;wpv_paged=WPV_PAGE_NUM&quot;,&quot;loop&quot;:{&quot;type&quot;:&quot;&quot;,&quot;name&quot;:&quot;&quot;,&quot;data&quot;:[],&quot;id&quot;:0}}\" data-permalink=\"\/en\/wp-json\/wp\/v2\/pages\/335?wpv_view_count=221\">\n\n\t\n\t\n\t<div class=\"container wpv-loop js-wpv-loop\">\n\t\n\t\t\n\t\t<div class=\"row \">\n\t\t\t<div class=\"col-sm-6\"><div class=\"row\">\n  <div class=\"col-sm-3\">\n  \t<img decoding=\"async\" src=\"https:\/\/pars.se\/wp-content\/uploads\/Cederborg-e1675325003997.png\" alt=\"Johan Cederborg\" title=\"Johan Cederborg\" class=\"attachment-custom\" \/>\n  <\/div>\n  <div class=\"col-sm-9\">\n  <h4>Johan Cederborg<\/h4>\n  <em>Verkst\u00e4llande direkt\u00f6r<\/em><br \/>\n  <i class=\"fa fa-envelope-o\" aria-hidden=\"true\"><\/i> <small><a href=\"mailto:johan.cederborg@btt.pars.se\" title=\"johan.cederborg@btt.pars.se\">johan.cederborg@btt.pars.se<\/a><\/small><br \/>\n  <i class=\"fa fa-phone\" aria-hidden=\"true\"><\/i> <small>+46 (0) 494 792 01<\/small><br \/>\n  <i class=\"fa fa-mobile\" aria-hidden=\"true\"><\/i> <small>46 (0)70 193 15 97<\/small><br \/>\n  \n  <\/div>\n<\/div>\n<br \/><br \/><\/div>\n\t\t\n\t\t\n\t\t\t<div class=\"col-sm-6\"><div class=\"row\">\n  <div class=\"col-sm-3\">\n  \t<img decoding=\"async\" src=\"https:\/\/pars.se\/wp-content\/uploads\/1704369492382-e1704454841260-wpcf_104x156.jpg\" alt=\"Bj\u00f6rn Pantzarfelt\" title=\"Bj\u00f6rn Pantzarfelt\" class=\"attachment-custom\" \/>\n  <\/div>\n  <div class=\"col-sm-9\">\n  <h4>Bj\u00f6rn Pantzarfelt<\/h4>\n  <em>Kvalitet & Milj\u00f6chef<\/em><br \/>\n  <i class=\"fa fa-envelope-o\" aria-hidden=\"true\"><\/i> <small><a href=\"mailto:bjorn.pantzarfelt@btt.pars.se\" title=\"bjorn.pantzarfelt@btt.pars.se\">bjorn.pantzarfelt@btt.pars.se<\/a><\/small><br \/>\n  <i class=\"fa fa-phone\" aria-hidden=\"true\"><\/i> <small>+46 (0) 494 792 05<\/small><br \/>\n  \n  \n  <\/div>\n<\/div>\n<br \/><br \/><\/div>\n\t\t<\/div>\n\t\t\n\t\t\n\t\t<div class=\"row \">\n\t\t\t<div class=\"col-sm-6\"><div class=\"row\">\n  <div class=\"col-sm-3\">\n  \t<img decoding=\"async\" src=\"https:\/\/pars.se\/wp-content\/uploads\/IMG_0994-e1509459583788.jpg\" alt=\"Mathias Rinaldo\" title=\"Mathias Rinaldo\" class=\"attachment-custom\" \/>\n  <\/div>\n  <div class=\"col-sm-9\">\n  <h4>Mathias Rinaldo<\/h4>\n  <em>Ink\u00f6psansvarig<\/em><br \/>\n  <i class=\"fa fa-envelope-o\" aria-hidden=\"true\"><\/i> <small><a href=\"mailto:mathias.rinaldo@btt.pars.se\" title=\"mathias.rinaldo@btt.pars.se\">mathias.rinaldo@btt.pars.se<\/a><\/small><br \/>\n  <i class=\"fa fa-phone\" aria-hidden=\"true\"><\/i> <small>+46 (0) 494 792 14<\/small><br \/>\n  \n  \n  <\/div>\n<\/div>\n<br \/><br \/><\/div>\n\t\t\n\t\t\n\t\t\t<div class=\"col-sm-6\"><div class=\"row\">\n  <div class=\"col-sm-3\">\n  \t<img decoding=\"async\" src=\"https:\/\/pars.se\/wp-content\/uploads\/MG_1012.jpg\" alt=\"John Holmberg\" title=\"John Holmberg\" class=\"attachment-custom\" \/>\n  <\/div>\n  <div class=\"col-sm-9\">\n  <h4>John Holmberg<\/h4>\n  <em>Produktionstekniker<\/em><br \/>\n  <i class=\"fa fa-envelope-o\" aria-hidden=\"true\"><\/i> <small><a href=\"mailto:john.holmberg@btt.pars.se\" title=\"john.holmberg@btt.pars.se\">john.holmberg@btt.pars.se<\/a><\/small><br \/>\n  <i class=\"fa fa-phone\" aria-hidden=\"true\"><\/i> <small>+46 (0) 494 792 09<\/small><br \/>\n  \n  \n  <\/div>\n<\/div>\n<br \/><br \/><\/div>\n\t\t<\/div>\n\t\t\n\t\t\n\t\t<div class=\"row \">\n\t\t\t<div class=\"col-sm-6\"><div class=\"row\">\n  <div class=\"col-sm-3\">\n  \t<img decoding=\"async\" src=\"https:\/\/pars.se\/wp-content\/uploads\/1704369492393-e1704455166339-wpcf_104x156.jpg\" alt=\"Linda Wigstrand\" title=\"Linda Wigstrand\" class=\"attachment-custom\" \/>\n  <\/div>\n  <div class=\"col-sm-9\">\n  <h4>Linda Wigstrand<\/h4>\n  <em>Produktionsplanerare<\/em><br \/>\n  <i class=\"fa fa-envelope-o\" aria-hidden=\"true\"><\/i> <small><a href=\"mailto:linda.wigstrand@btt.pars.se\" title=\"linda.wigstrand@btt.pars.se\">linda.wigstrand@btt.pars.se<\/a><\/small><br \/>\n  <i class=\"fa fa-phone\" aria-hidden=\"true\"><\/i> <small>+46 (0) 10 344 54 79<\/small><br \/>\n  <i class=\"fa fa-mobile\" aria-hidden=\"true\"><\/i> <small>+46 (0)70 193 15 81<\/small><br \/>\n  \n  <\/div>\n<\/div>\n<br \/><br \/><\/div>\n\t\t\n\t\t\n\t\t\t<div class=\"col-sm-6\"><div class=\"row\">\n  <div class=\"col-sm-3\">\n  \t<img decoding=\"async\" src=\"https:\/\/pars.se\/wp-content\/uploads\/btt-wpcf_104x62.jpg\" alt=\"Vakant\" title=\"Vakant\" class=\"attachment-custom\" \/>\n  <\/div>\n  <div class=\"col-sm-9\">\n  <h4>Vakant<\/h4>\n  <em>Produktionstekniker<\/em><br \/>\n  <i class=\"fa fa-envelope-o\" aria-hidden=\"true\"><\/i> <small><a href=\"mailto:@btt.pars.se\" title=\"@btt.pars.se\">@btt.pars.se<\/a><\/small><br \/>\n  <i class=\"fa fa-phone\" aria-hidden=\"true\"><\/i> <small>+46 (0) 494 792 15<\/small><br \/>\n  \n  \n  <\/div>\n<\/div>\n<br \/><br \/><\/div>\n\t\t<\/div>\n\t\t\n\t\t\n\t\t<div class=\"row \">\n\t\t\t<div class=\"col-sm-6\"><div class=\"row\">\n  <div class=\"col-sm-3\">\n  \t<img decoding=\"async\" src=\"https:\/\/pars.se\/wp-content\/uploads\/IMG_26871-e1510866327160-wpcf_104x156.jpg\" alt=\"Linda Eskilson\" title=\"Linda Eskilson\" class=\"attachment-custom\" \/>\n  <\/div>\n  <div class=\"col-sm-9\">\n  <h4>Linda Eskilson<\/h4>\n  <em>Ekonomi Pars dotterbolag<\/em><br \/>\n  <i class=\"fa fa-envelope-o\" aria-hidden=\"true\"><\/i> <small><a href=\"mailto:linda.eskilson@pars.se\" title=\"linda.eskilson@pars.se\">linda.eskilson@pars.se<\/a><\/small><br \/>\n  <i class=\"fa fa-phone\" aria-hidden=\"true\"><\/i> <small>+46 (0) 13 327 24 15<\/small><br \/>\n  \n  \n  <\/div>\n<\/div>\n<br \/><br \/><\/div>\n\t\t\n\t\t\n\t\t\t<div class=\"col-sm-6\"><div class=\"row\">\n  <div class=\"col-sm-3\">\n  \t<img decoding=\"async\" src=\"https:\/\/pars.se\/wp-content\/uploads\/1704369492388-e1704455028125-wpcf_104x156.jpg\" alt=\"Tatsiana Dzianisava\" title=\"Tatsiana Dzianisava\" class=\"attachment-custom\" \/>\n  <\/div>\n  <div class=\"col-sm-9\">\n  <h4>Tatsiana Dzianisava<\/h4>\n  <em>Produktionstekniker<\/em><br \/>\n  <i class=\"fa fa-envelope-o\" aria-hidden=\"true\"><\/i> <small><a href=\"mailto:tatsiana.dzianisava@btt.pars.se\" title=\"tatsiana.dzianisava@btt.pars.se\">tatsiana.dzianisava@btt.pars.se<\/a><\/small><br \/>\n  <i class=\"fa fa-phone\" aria-hidden=\"true\"><\/i> <small>+46 (0) 494 792 03<\/small><br \/>\n  \n  \n  <\/div>\n<\/div>\n<br \/><br \/><\/div>\n\t\t<\/div>\n\t\t\n\t\t\n\t\t<div class=\"row \">\n\t\t\t<div class=\"col-sm-6\"><div class=\"row\">\n  <div class=\"col-sm-3\">\n  \t<img decoding=\"async\" src=\"https:\/\/pars.se\/wp-content\/uploads\/Pars-portrattbilder_0193-scaled-e1684309636427-wpcf_104x156.jpg\" alt=\"Hanna Wirsen\" title=\"Hanna Wirsen\" class=\"attachment-custom\" \/>\n  <\/div>\n  <div class=\"col-sm-9\">\n  <h4>Hanna Wirsen<\/h4>\n  <em>Leverant\u00f6rsreskontra \/ l\u00f6neadmin<\/em><br \/>\n  <i class=\"fa fa-envelope-o\" aria-hidden=\"true\"><\/i> <small><a href=\"mailto:hanna.wirsen@pars.se\" title=\"hanna.wirsen@pars.se\">hanna.wirsen@pars.se<\/a><\/small><br \/>\n  <i class=\"fa fa-phone\" aria-hidden=\"true\"><\/i> <small>+46 (0) 13 327 24 00<\/small><br \/>\n  <i class=\"fa fa-mobile\" aria-hidden=\"true\"><\/i> <small>+46 (0)73 081 35 35<\/small><br \/>\n  \n  <\/div>\n<\/div>\n<br \/><br \/><\/div>\n\t\t\n\t\t\n\t\t\t<div class=\"col-sm-6\"><div class=\"row\">\n  <div class=\"col-sm-3\">\n  \t<img decoding=\"async\" src=\"https:\/\/pars.se\/wp-content\/uploads\/1704369492397-e1704455420268-wpcf_104x156.jpg\" alt=\"Nicklas Persson\" title=\"Nicklas Persson\" class=\"attachment-custom\" \/>\n  <\/div>\n  <div class=\"col-sm-9\">\n  <h4>Nicklas Persson<\/h4>\n  <em>Gods & logistik<\/em><br \/>\n  <i class=\"fa fa-envelope-o\" aria-hidden=\"true\"><\/i> <small><a href=\"mailto:niklas.persson@btt.pars.se\" title=\"niklas.persson@btt.pars.se\">niklas.persson@btt.pars.se<\/a><\/small><br \/>\n  <i class=\"fa fa-phone\" aria-hidden=\"true\"><\/i> <small>+46 (0) 494 792 04<\/small><br \/>\n  \n  \n  <\/div>\n<\/div>\n<br \/><br \/><\/div>\n\t\t<\/div>\n\t\t\n\t<\/div>\n\t\n\t\n\t\n<\/div>\n","protected":false},"excerpt":{"rendered":"","protected":false},"author":1,"featured_media":0,"parent":333,"menu_order":0,"comment_status":"closed","ping_status":"closed","template":"","meta":{"footnotes":""},"class_list":["post-335","page","type-page","status-publish","hentry"],"yoast_head":"<!-- This site is optimized with the Yoast SEO plugin v27.4 - https:\/\/yoast.com\/product\/yoast-seo-wordpress\/ -->\n<title>Contact Us - V\u00e4lkommen till Pars Pl\u00e5tgruppen AB<\/title>\n<meta name=\"robots\" content=\"index, follow, max-snippet:-1, max-image-preview:large, max-video-preview:-1\" \/>\n<link rel=\"canonical\" href=\"https:\/\/pars.se\/en\/pars-group\/btt\/contact-us\/\" \/>\n<meta property=\"og:locale\" content=\"en_US\" \/>\n<meta property=\"og:type\" content=\"article\" \/>\n<meta property=\"og:title\" content=\"Contact Us - V\u00e4lkommen till Pars Pl\u00e5tgruppen AB\" \/>\n<meta property=\"og:url\" content=\"https:\/\/pars.se\/en\/pars-group\/btt\/contact-us\/\" \/>\n<meta property=\"og:site_name\" content=\"V\u00e4lkommen till Pars Pl\u00e5tgruppen AB\" \/>\n<meta property=\"article:publisher\" content=\"https:\/\/www.facebook.com\/Parsplatgruppen\" \/>\n<meta property=\"og:image\" content=\"https:\/\/pars.se\/wp-content\/uploads\/2018-09-13-09-58-26.png\" \/>\n\t<meta property=\"og:image:width\" content=\"171\" \/>\n\t<meta property=\"og:image:height\" content=\"181\" \/>\n\t<meta property=\"og:image:type\" content=\"image\/png\" \/>\n<meta name=\"twitter:card\" content=\"summary_large_image\" \/>\n<script type=\"application\/ld+json\" class=\"yoast-schema-graph\">{\"@context\":\"https:\\\/\\\/schema.org\",\"@graph\":[{\"@type\":\"WebPage\",\"@id\":\"https:\\\/\\\/pars.se\\\/en\\\/pars-group\\\/btt\\\/contact-us\\\/\",\"url\":\"https:\\\/\\\/pars.se\\\/en\\\/pars-group\\\/btt\\\/contact-us\\\/\",\"name\":\"Contact Us - V\u00e4lkommen till Pars Pl\u00e5tgruppen AB\",\"isPartOf\":{\"@id\":\"https:\\\/\\\/pars.se\\\/#website\"},\"datePublished\":\"2017-08-22T06:57:41+00:00\",\"breadcrumb\":{\"@id\":\"https:\\\/\\\/pars.se\\\/en\\\/pars-group\\\/btt\\\/contact-us\\\/#breadcrumb\"},\"inLanguage\":\"en-US\",\"potentialAction\":[{\"@type\":\"ReadAction\",\"target\":[\"https:\\\/\\\/pars.se\\\/en\\\/pars-group\\\/btt\\\/contact-us\\\/\"]}]},{\"@type\":\"BreadcrumbList\",\"@id\":\"https:\\\/\\\/pars.se\\\/en\\\/pars-group\\\/btt\\\/contact-us\\\/#breadcrumb\",\"itemListElement\":[{\"@type\":\"ListItem\",\"position\":1,\"name\":\"Hem\",\"item\":\"https:\\\/\\\/pars.se\\\/en\\\/\"},{\"@type\":\"ListItem\",\"position\":2,\"name\":\"Pars Group\",\"item\":\"https:\\\/\\\/pars.se\\\/en\\\/pars-group\\\/\"},{\"@type\":\"ListItem\",\"position\":3,\"name\":\"BTT\",\"item\":\"https:\\\/\\\/pars.se\\\/en\\\/pars-group\\\/btt\\\/\"},{\"@type\":\"ListItem\",\"position\":4,\"name\":\"Contact Us\"}]},{\"@type\":\"WebSite\",\"@id\":\"https:\\\/\\\/pars.se\\\/#website\",\"url\":\"https:\\\/\\\/pars.se\\\/\",\"name\":\"V\u00e4lkommen till Pars Pl\u00e5tgruppen AB\",\"description\":\"&quot;fr\u00e5n ide till f\u00e4rdig produkt&quot;\",\"publisher\":{\"@id\":\"https:\\\/\\\/pars.se\\\/#organization\"},\"potentialAction\":[{\"@type\":\"SearchAction\",\"target\":{\"@type\":\"EntryPoint\",\"urlTemplate\":\"https:\\\/\\\/pars.se\\\/?s={search_term_string}\"},\"query-input\":{\"@type\":\"PropertyValueSpecification\",\"valueRequired\":true,\"valueName\":\"search_term_string\"}}],\"inLanguage\":\"en-US\"},{\"@type\":\"Organization\",\"@id\":\"https:\\\/\\\/pars.se\\\/#organization\",\"name\":\"Pars Pl\u00e5tgruppen AB\",\"url\":\"https:\\\/\\\/pars.se\\\/\",\"logo\":{\"@type\":\"ImageObject\",\"inLanguage\":\"en-US\",\"@id\":\"https:\\\/\\\/pars.se\\\/#\\\/schema\\\/logo\\\/image\\\/\",\"url\":\"https:\\\/\\\/pars.se\\\/wp-content\\\/uploads\\\/parsred.png\",\"contentUrl\":\"https:\\\/\\\/pars.se\\\/wp-content\\\/uploads\\\/parsred.png\",\"width\":262,\"height\":136,\"caption\":\"Pars Pl\u00e5tgruppen AB\"},\"image\":{\"@id\":\"https:\\\/\\\/pars.se\\\/#\\\/schema\\\/logo\\\/image\\\/\"},\"sameAs\":[\"https:\\\/\\\/www.facebook.com\\\/Parsplatgruppen\",\"https:\\\/\\\/www.linkedin.com\\\/in\\\/pars-pl\u00e5tgruppen-ab-06762114b\\\/\",\"https:\\\/\\\/www.youtube.com\\\/channel\\\/UCZDn5IzDv1xIcAdG5_dN1eg\"]}]}<\/script>\n<!-- \/ Yoast SEO plugin. -->","yoast_head_json":{"title":"Contact Us - V\u00e4lkommen till Pars Pl\u00e5tgruppen AB","robots":{"index":"index","follow":"follow","max-snippet":"max-snippet:-1","max-image-preview":"max-image-preview:large","max-video-preview":"max-video-preview:-1"},"canonical":"https:\/\/pars.se\/en\/pars-group\/btt\/contact-us\/","og_locale":"en_US","og_type":"article","og_title":"Contact Us - V\u00e4lkommen till Pars Pl\u00e5tgruppen AB","og_url":"https:\/\/pars.se\/en\/pars-group\/btt\/contact-us\/","og_site_name":"V\u00e4lkommen till Pars Pl\u00e5tgruppen AB","article_publisher":"https:\/\/www.facebook.com\/Parsplatgruppen","og_image":[{"width":171,"height":181,"url":"https:\/\/pars.se\/wp-content\/uploads\/2018-09-13-09-58-26.png","type":"image\/png"}],"twitter_card":"summary_large_image","schema":{"@context":"https:\/\/schema.org","@graph":[{"@type":"WebPage","@id":"https:\/\/pars.se\/en\/pars-group\/btt\/contact-us\/","url":"https:\/\/pars.se\/en\/pars-group\/btt\/contact-us\/","name":"Contact Us - V\u00e4lkommen till Pars Pl\u00e5tgruppen AB","isPartOf":{"@id":"https:\/\/pars.se\/#website"},"datePublished":"2017-08-22T06:57:41+00:00","breadcrumb":{"@id":"https:\/\/pars.se\/en\/pars-group\/btt\/contact-us\/#breadcrumb"},"inLanguage":"en-US","potentialAction":[{"@type":"ReadAction","target":["https:\/\/pars.se\/en\/pars-group\/btt\/contact-us\/"]}]},{"@type":"BreadcrumbList","@id":"https:\/\/pars.se\/en\/pars-group\/btt\/contact-us\/#breadcrumb","itemListElement":[{"@type":"ListItem","position":1,"name":"Hem","item":"https:\/\/pars.se\/en\/"},{"@type":"ListItem","position":2,"name":"Pars Group","item":"https:\/\/pars.se\/en\/pars-group\/"},{"@type":"ListItem","position":3,"name":"BTT","item":"https:\/\/pars.se\/en\/pars-group\/btt\/"},{"@type":"ListItem","position":4,"name":"Contact Us"}]},{"@type":"WebSite","@id":"https:\/\/pars.se\/#website","url":"https:\/\/pars.se\/","name":"V\u00e4lkommen till Pars Pl\u00e5tgruppen AB","description":"&quot;fr\u00e5n ide till f\u00e4rdig produkt&quot;","publisher":{"@id":"https:\/\/pars.se\/#organization"},"potentialAction":[{"@type":"SearchAction","target":{"@type":"EntryPoint","urlTemplate":"https:\/\/pars.se\/?s={search_term_string}"},"query-input":{"@type":"PropertyValueSpecification","valueRequired":true,"valueName":"search_term_string"}}],"inLanguage":"en-US"},{"@type":"Organization","@id":"https:\/\/pars.se\/#organization","name":"Pars Pl\u00e5tgruppen AB","url":"https:\/\/pars.se\/","logo":{"@type":"ImageObject","inLanguage":"en-US","@id":"https:\/\/pars.se\/#\/schema\/logo\/image\/","url":"https:\/\/pars.se\/wp-content\/uploads\/parsred.png","contentUrl":"https:\/\/pars.se\/wp-content\/uploads\/parsred.png","width":262,"height":136,"caption":"Pars Pl\u00e5tgruppen AB"},"image":{"@id":"https:\/\/pars.se\/#\/schema\/logo\/image\/"},"sameAs":["https:\/\/www.facebook.com\/Parsplatgruppen","https:\/\/www.linkedin.com\/in\/pars-pl\u00e5tgruppen-ab-06762114b\/","https:\/\/www.youtube.com\/channel\/UCZDn5IzDv1xIcAdG5_dN1eg"]}]}},"publishpress_future_action":{"enabled":false,"date":"2026-04-22 01:01:16","action":"change-status","newStatus":"draft","terms":[],"taxonomy":"translation_priority","extraData":[]},"publishpress_future_workflow_manual_trigger":{"enabledWorkflows":[]},"_links":{"self":[{"href":"https:\/\/pars.se\/en\/wp-json\/wp\/v2\/pages\/335","targetHints":{"allow":["GET"]}}],"collection":[{"href":"https:\/\/pars.se\/en\/wp-json\/wp\/v2\/pages"}],"about":[{"href":"https:\/\/pars.se\/en\/wp-json\/wp\/v2\/types\/page"}],"author":[{"embeddable":true,"href":"https:\/\/pars.se\/en\/wp-json\/wp\/v2\/users\/1"}],"replies":[{"embeddable":true,"href":"https:\/\/pars.se\/en\/wp-json\/wp\/v2\/comments?post=335"}],"version-history":[{"count":0,"href":"https:\/\/pars.se\/en\/wp-json\/wp\/v2\/pages\/335\/revisions"}],"up":[{"embeddable":true,"href":"https:\/\/pars.se\/en\/wp-json\/wp\/v2\/pages\/333"}],"wp:attachment":[{"href":"https:\/\/pars.se\/en\/wp-json\/wp\/v2\/media?parent=335"}],"curies":[{"name":"wp","href":"https:\/\/api.w.org\/{rel}","templated":true}]}}