{"id":336,"date":"2017-08-22T08:58:23","date_gmt":"2017-08-22T06:58:23","guid":{"rendered":"http:\/\/www.pars.se\/pars-group\/btt\/quality\/"},"modified":"2017-08-22T08:58:23","modified_gmt":"2017-08-22T06:58:23","slug":"quality","status":"publish","type":"page","link":"https:\/\/pars.se\/en\/pars-group\/btt\/quality\/","title":{"rendered":"Quality"},"content":{"rendered":"<h2><img decoding=\"async\" class=\"alignright size-medium wp-image-31\" src=\"http:\/\/www.pars.se\/wp-content\/uploads\/services-248x300.jpg\" alt=\"\" width=\"248\" height=\"300\" srcset=\"https:\/\/pars.se\/wp-content\/uploads\/services-200x242.jpg 200w, https:\/\/pars.se\/wp-content\/uploads\/services-248x300.jpg 248w, https:\/\/pars.se\/wp-content\/uploads\/services.jpg 300w\" sizes=\"(max-width: 248px) 100vw, 248px\" \/><\/h2>\n<h2>Quality<\/h2>\n<p>We always offer the best quality in our products. Preventive work is important to us, as is everyone having the right know-how and information to improve their work. Throughout the manufacturing process advanced controls are made to ensure quality. These controls are made on all production series to maintain consistent high quality.<br \/>\nA few of the points that have been established within the organization so that we can live up to the requirements set for us by our customers and ourselves are:<\/p>\n<ul>\n<li>not accepting that any defects go on to the next step in the process<\/li>\n<li>delivering the right product at the right time<\/li>\n<li>continually improving our methods and systems<\/li>\n<\/ul>\n<p>We are certified with SS-EN ISO 9001.<\/p>\n","protected":false},"excerpt":{"rendered":"<p>Quality We always offer the best quality in our products. Preventive work is important to us, as is everyone having the right know-how and information to improve their work. Throughout the manufacturing process advanced controls are made to ensure quality. These controls are made on all production series to maintain consistent high quality. A few<\/p>\n","protected":false},"author":1,"featured_media":0,"parent":333,"menu_order":0,"comment_status":"closed","ping_status":"closed","template":"","meta":{"footnotes":""},"class_list":["post-336","page","type-page","status-publish","hentry"],"yoast_head":"<!-- This site is optimized with the Yoast SEO plugin v27.3 - https:\/\/yoast.com\/product\/yoast-seo-wordpress\/ -->\n<title>Quality - V\u00e4lkommen till Pars Pl\u00e5tgruppen AB<\/title>\n<meta name=\"robots\" content=\"index, follow, max-snippet:-1, max-image-preview:large, max-video-preview:-1\" \/>\n<link rel=\"canonical\" href=\"https:\/\/pars.se\/en\/pars-group\/btt\/quality\/\" \/>\n<meta property=\"og:locale\" content=\"en_US\" \/>\n<meta property=\"og:type\" content=\"article\" \/>\n<meta property=\"og:title\" content=\"Quality - V\u00e4lkommen till Pars Pl\u00e5tgruppen AB\" \/>\n<meta property=\"og:description\" content=\"Quality We always offer the best quality in our products. Preventive work is important to us, as is everyone having the right know-how and information to improve their work. Throughout the manufacturing process advanced controls are made to ensure quality. These controls are made on all production series to maintain consistent high quality. A few\" \/>\n<meta property=\"og:url\" content=\"https:\/\/pars.se\/en\/pars-group\/btt\/quality\/\" \/>\n<meta property=\"og:site_name\" content=\"V\u00e4lkommen till Pars Pl\u00e5tgruppen AB\" \/>\n<meta property=\"article:publisher\" content=\"https:\/\/www.facebook.com\/Parsplatgruppen\" \/>\n<meta property=\"og:image\" content=\"http:\/\/www.pars.se\/wp-content\/uploads\/services-248x300.jpg\" \/>\n<meta name=\"twitter:card\" content=\"summary_large_image\" \/>\n<meta name=\"twitter:label1\" content=\"Est. reading time\" \/>\n\t<meta name=\"twitter:data1\" content=\"1 minute\" \/>\n<script type=\"application\/ld+json\" class=\"yoast-schema-graph\">{\"@context\":\"https:\\\/\\\/schema.org\",\"@graph\":[{\"@type\":\"WebPage\",\"@id\":\"https:\\\/\\\/pars.se\\\/en\\\/pars-group\\\/btt\\\/quality\\\/\",\"url\":\"https:\\\/\\\/pars.se\\\/en\\\/pars-group\\\/btt\\\/quality\\\/\",\"name\":\"Quality - V\u00e4lkommen till Pars Pl\u00e5tgruppen AB\",\"isPartOf\":{\"@id\":\"https:\\\/\\\/pars.se\\\/#website\"},\"primaryImageOfPage\":{\"@id\":\"https:\\\/\\\/pars.se\\\/en\\\/pars-group\\\/btt\\\/quality\\\/#primaryimage\"},\"image\":{\"@id\":\"https:\\\/\\\/pars.se\\\/en\\\/pars-group\\\/btt\\\/quality\\\/#primaryimage\"},\"thumbnailUrl\":\"http:\\\/\\\/www.pars.se\\\/wp-content\\\/uploads\\\/services-248x300.jpg\",\"datePublished\":\"2017-08-22T06:58:23+00:00\",\"breadcrumb\":{\"@id\":\"https:\\\/\\\/pars.se\\\/en\\\/pars-group\\\/btt\\\/quality\\\/#breadcrumb\"},\"inLanguage\":\"en-US\",\"potentialAction\":[{\"@type\":\"ReadAction\",\"target\":[\"https:\\\/\\\/pars.se\\\/en\\\/pars-group\\\/btt\\\/quality\\\/\"]}]},{\"@type\":\"ImageObject\",\"inLanguage\":\"en-US\",\"@id\":\"https:\\\/\\\/pars.se\\\/en\\\/pars-group\\\/btt\\\/quality\\\/#primaryimage\",\"url\":\"http:\\\/\\\/www.pars.se\\\/wp-content\\\/uploads\\\/services-248x300.jpg\",\"contentUrl\":\"http:\\\/\\\/www.pars.se\\\/wp-content\\\/uploads\\\/services-248x300.jpg\"},{\"@type\":\"BreadcrumbList\",\"@id\":\"https:\\\/\\\/pars.se\\\/en\\\/pars-group\\\/btt\\\/quality\\\/#breadcrumb\",\"itemListElement\":[{\"@type\":\"ListItem\",\"position\":1,\"name\":\"Hem\",\"item\":\"https:\\\/\\\/pars.se\\\/en\\\/\"},{\"@type\":\"ListItem\",\"position\":2,\"name\":\"Pars Group\",\"item\":\"https:\\\/\\\/pars.se\\\/en\\\/pars-group\\\/\"},{\"@type\":\"ListItem\",\"position\":3,\"name\":\"BTT\",\"item\":\"https:\\\/\\\/pars.se\\\/en\\\/pars-group\\\/btt\\\/\"},{\"@type\":\"ListItem\",\"position\":4,\"name\":\"Quality\"}]},{\"@type\":\"WebSite\",\"@id\":\"https:\\\/\\\/pars.se\\\/#website\",\"url\":\"https:\\\/\\\/pars.se\\\/\",\"name\":\"V\u00e4lkommen till Pars Pl\u00e5tgruppen AB\",\"description\":\"&quot;fr\u00e5n ide till f\u00e4rdig produkt&quot;\",\"publisher\":{\"@id\":\"https:\\\/\\\/pars.se\\\/#organization\"},\"potentialAction\":[{\"@type\":\"SearchAction\",\"target\":{\"@type\":\"EntryPoint\",\"urlTemplate\":\"https:\\\/\\\/pars.se\\\/?s={search_term_string}\"},\"query-input\":{\"@type\":\"PropertyValueSpecification\",\"valueRequired\":true,\"valueName\":\"search_term_string\"}}],\"inLanguage\":\"en-US\"},{\"@type\":\"Organization\",\"@id\":\"https:\\\/\\\/pars.se\\\/#organization\",\"name\":\"Pars Pl\u00e5tgruppen AB\",\"url\":\"https:\\\/\\\/pars.se\\\/\",\"logo\":{\"@type\":\"ImageObject\",\"inLanguage\":\"en-US\",\"@id\":\"https:\\\/\\\/pars.se\\\/#\\\/schema\\\/logo\\\/image\\\/\",\"url\":\"https:\\\/\\\/pars.se\\\/wp-content\\\/uploads\\\/parsred.png\",\"contentUrl\":\"https:\\\/\\\/pars.se\\\/wp-content\\\/uploads\\\/parsred.png\",\"width\":262,\"height\":136,\"caption\":\"Pars Pl\u00e5tgruppen AB\"},\"image\":{\"@id\":\"https:\\\/\\\/pars.se\\\/#\\\/schema\\\/logo\\\/image\\\/\"},\"sameAs\":[\"https:\\\/\\\/www.facebook.com\\\/Parsplatgruppen\",\"https:\\\/\\\/www.linkedin.com\\\/in\\\/pars-pl\u00e5tgruppen-ab-06762114b\\\/\",\"https:\\\/\\\/www.youtube.com\\\/channel\\\/UCZDn5IzDv1xIcAdG5_dN1eg\"]}]}<\/script>\n<!-- \/ Yoast SEO plugin. -->","yoast_head_json":{"title":"Quality - V\u00e4lkommen till Pars Pl\u00e5tgruppen AB","robots":{"index":"index","follow":"follow","max-snippet":"max-snippet:-1","max-image-preview":"max-image-preview:large","max-video-preview":"max-video-preview:-1"},"canonical":"https:\/\/pars.se\/en\/pars-group\/btt\/quality\/","og_locale":"en_US","og_type":"article","og_title":"Quality - V\u00e4lkommen till Pars Pl\u00e5tgruppen AB","og_description":"Quality We always offer the best quality in our products. Preventive work is important to us, as is everyone having the right know-how and information to improve their work. Throughout the manufacturing process advanced controls are made to ensure quality. These controls are made on all production series to maintain consistent high quality. A few","og_url":"https:\/\/pars.se\/en\/pars-group\/btt\/quality\/","og_site_name":"V\u00e4lkommen till Pars Pl\u00e5tgruppen AB","article_publisher":"https:\/\/www.facebook.com\/Parsplatgruppen","og_image":[{"url":"http:\/\/www.pars.se\/wp-content\/uploads\/services-248x300.jpg","type":"","width":"","height":""}],"twitter_card":"summary_large_image","twitter_misc":{"Est. reading time":"1 minute"},"schema":{"@context":"https:\/\/schema.org","@graph":[{"@type":"WebPage","@id":"https:\/\/pars.se\/en\/pars-group\/btt\/quality\/","url":"https:\/\/pars.se\/en\/pars-group\/btt\/quality\/","name":"Quality - V\u00e4lkommen till Pars Pl\u00e5tgruppen AB","isPartOf":{"@id":"https:\/\/pars.se\/#website"},"primaryImageOfPage":{"@id":"https:\/\/pars.se\/en\/pars-group\/btt\/quality\/#primaryimage"},"image":{"@id":"https:\/\/pars.se\/en\/pars-group\/btt\/quality\/#primaryimage"},"thumbnailUrl":"http:\/\/www.pars.se\/wp-content\/uploads\/services-248x300.jpg","datePublished":"2017-08-22T06:58:23+00:00","breadcrumb":{"@id":"https:\/\/pars.se\/en\/pars-group\/btt\/quality\/#breadcrumb"},"inLanguage":"en-US","potentialAction":[{"@type":"ReadAction","target":["https:\/\/pars.se\/en\/pars-group\/btt\/quality\/"]}]},{"@type":"ImageObject","inLanguage":"en-US","@id":"https:\/\/pars.se\/en\/pars-group\/btt\/quality\/#primaryimage","url":"http:\/\/www.pars.se\/wp-content\/uploads\/services-248x300.jpg","contentUrl":"http:\/\/www.pars.se\/wp-content\/uploads\/services-248x300.jpg"},{"@type":"BreadcrumbList","@id":"https:\/\/pars.se\/en\/pars-group\/btt\/quality\/#breadcrumb","itemListElement":[{"@type":"ListItem","position":1,"name":"Hem","item":"https:\/\/pars.se\/en\/"},{"@type":"ListItem","position":2,"name":"Pars Group","item":"https:\/\/pars.se\/en\/pars-group\/"},{"@type":"ListItem","position":3,"name":"BTT","item":"https:\/\/pars.se\/en\/pars-group\/btt\/"},{"@type":"ListItem","position":4,"name":"Quality"}]},{"@type":"WebSite","@id":"https:\/\/pars.se\/#website","url":"https:\/\/pars.se\/","name":"V\u00e4lkommen till Pars Pl\u00e5tgruppen AB","description":"&quot;fr\u00e5n ide till f\u00e4rdig produkt&quot;","publisher":{"@id":"https:\/\/pars.se\/#organization"},"potentialAction":[{"@type":"SearchAction","target":{"@type":"EntryPoint","urlTemplate":"https:\/\/pars.se\/?s={search_term_string}"},"query-input":{"@type":"PropertyValueSpecification","valueRequired":true,"valueName":"search_term_string"}}],"inLanguage":"en-US"},{"@type":"Organization","@id":"https:\/\/pars.se\/#organization","name":"Pars Pl\u00e5tgruppen AB","url":"https:\/\/pars.se\/","logo":{"@type":"ImageObject","inLanguage":"en-US","@id":"https:\/\/pars.se\/#\/schema\/logo\/image\/","url":"https:\/\/pars.se\/wp-content\/uploads\/parsred.png","contentUrl":"https:\/\/pars.se\/wp-content\/uploads\/parsred.png","width":262,"height":136,"caption":"Pars Pl\u00e5tgruppen AB"},"image":{"@id":"https:\/\/pars.se\/#\/schema\/logo\/image\/"},"sameAs":["https:\/\/www.facebook.com\/Parsplatgruppen","https:\/\/www.linkedin.com\/in\/pars-pl\u00e5tgruppen-ab-06762114b\/","https:\/\/www.youtube.com\/channel\/UCZDn5IzDv1xIcAdG5_dN1eg"]}]}},"publishpress_future_action":{"enabled":false,"date":"2026-04-20 04:38:20","action":"change-status","newStatus":"draft","terms":[],"taxonomy":"translation_priority","extraData":[]},"publishpress_future_workflow_manual_trigger":{"enabledWorkflows":[]},"_links":{"self":[{"href":"https:\/\/pars.se\/en\/wp-json\/wp\/v2\/pages\/336","targetHints":{"allow":["GET"]}}],"collection":[{"href":"https:\/\/pars.se\/en\/wp-json\/wp\/v2\/pages"}],"about":[{"href":"https:\/\/pars.se\/en\/wp-json\/wp\/v2\/types\/page"}],"author":[{"embeddable":true,"href":"https:\/\/pars.se\/en\/wp-json\/wp\/v2\/users\/1"}],"replies":[{"embeddable":true,"href":"https:\/\/pars.se\/en\/wp-json\/wp\/v2\/comments?post=336"}],"version-history":[{"count":0,"href":"https:\/\/pars.se\/en\/wp-json\/wp\/v2\/pages\/336\/revisions"}],"up":[{"embeddable":true,"href":"https:\/\/pars.se\/en\/wp-json\/wp\/v2\/pages\/333"}],"wp:attachment":[{"href":"https:\/\/pars.se\/en\/wp-json\/wp\/v2\/media?parent=336"}],"curies":[{"name":"wp","href":"https:\/\/api.w.org\/{rel}","templated":true}]}}