{"id":338,"date":"2017-08-22T09:09:56","date_gmt":"2017-08-22T07:09:56","guid":{"rendered":"http:\/\/www.pars.se\/pars-group\/btt\/services\/"},"modified":"2017-08-22T09:10:01","modified_gmt":"2017-08-22T07:10:01","slug":"services","status":"publish","type":"page","link":"https:\/\/pars.se\/en\/pars-group\/btt\/services\/","title":{"rendered":"Services"},"content":{"rendered":"<div class=\"fusion-fullwidth fullwidth-box fusion-builder-row-1 nonhundred-percent-fullwidth non-hundred-percent-height-scrolling\" style=\"--awb-border-radius-top-left:0px;--awb-border-radius-top-right:0px;--awb-border-radius-bottom-right:0px;--awb-border-radius-bottom-left:0px;--awb-flex-wrap:wrap;\" ><div class=\"fusion-builder-row fusion-row\"><div class=\"fusion-layout-column fusion_builder_column fusion-builder-column-0 fusion_builder_column_1_1 1_1 fusion-one-full fusion-column-first fusion-column-last\" style=\"--awb-bg-size:cover;\"><div class=\"fusion-column-wrapper fusion-flex-column-wrapper-legacy\"><div class=\"fusion-text fusion-text-1\"><h2>Services<\/h2>\n<p>What is unique with BTT Pl\u00e5t AB is that we can offer a complete solution &#8211; from prototype to assembled product.<br \/>\nWe can offer our knowledge about the production process to make it customized for you and the result will be maximum cost-effectiveness.<\/p>\n<p>We also offer state-of-the-art powder coating of your products with a good pre-treatment, which provides consistent and protective results.<br \/>\nIf the assembly of the product is required, we can also assist with it &#8211; all to facilitate and streamline the process for you as a customer.<\/p>\n<p>Our state-of-the-art machinery is something we invest in continuously, which means that we can offer you a world-class production as a customer.<br \/>\nThe services we provide at BTT Pl\u00e5t AB can offer are:<\/p>\n<\/div><div class=\"accordian fusion-accordian\" style=\"--awb-border-size:1px;--awb-icon-size:13px;--awb-content-font-size:15px;--awb-icon-alignment:left;--awb-hover-color:#f9f9f9;--awb-border-color:#cccccc;--awb-background-color:#ffffff;--awb-divider-color:#e0dede;--awb-divider-hover-color:#e0dede;--awb-icon-color:#ffffff;--awb-title-color:#191919;--awb-content-color:#707070;--awb-icon-box-color:#333333;--awb-toggle-hover-accent-color:#ed1b2e;--awb-title-font-family:&quot;Fira Sans&quot;;--awb-title-font-weight:regular;--awb-title-font-style:normal;--awb-title-font-size:18px;--awb-content-font-family:&quot;Fira Sans&quot;;--awb-content-font-style:normal;--awb-content-font-weight:400;\"><div class=\"panel-group fusion-toggle-icon-boxed\" id=\"accordion-338-1\"><div class=\"fusion-panel panel-default panel-bf69a464e260cb660 fusion-toggle-no-divider fusion-toggle-boxed-mode\"><div class=\"panel-heading\"><h4 class=\"panel-title toggle\" id=\"toggle_bf69a464e260cb660\"><a aria-expanded=\"false\" aria-controls=\"bf69a464e260cb660\" role=\"button\" data-toggle=\"collapse\" data-parent=\"#accordion-338-1\" data-target=\"#bf69a464e260cb660\" href=\"#bf69a464e260cb660\"><span class=\"fusion-toggle-icon-wrapper\" aria-hidden=\"true\"><i class=\"fa-fusion-box active-icon awb-icon-minus\" aria-hidden=\"true\"><\/i><i class=\"fa-fusion-box inactive-icon awb-icon-plus\" aria-hidden=\"true\"><\/i><\/span><span class=\"fusion-toggle-heading\">Lasercutting<\/span><\/a><\/h4><\/div><div id=\"bf69a464e260cb660\" class=\"panel-collapse collapse \" aria-labelledby=\"toggle_bf69a464e260cb660\"><div class=\"panel-body toggle-content fusion-clearfix\"><span class=\"hps\">Bystronic<\/span>\u00a0<span class=\"hps\">4200W\u00a0<\/span><span class=\"hps\">with fully automatic<\/span>\u00a0<span class=\"hps\">charging<\/span>\u00a0<span class=\"hps\">and<\/span>\u00a0<span class=\"hps\">discharging<\/span><span class=\"hps\">device<\/span>\u00a0<span class=\"hps\">+<\/span>\u00a0<span class=\"hps\">dual<\/span>\u00a0<span class=\"hps\">warehouse<\/span>.\u00a0<span class=\"hps\">Tray sizes<\/span>\u00a0<span class=\"hps\">up to 3000<\/span>\u00a0<span class=\"hps\">* 1500<\/span>\u00a0<span class=\"hps\">mm \/<\/span>\u00a0<span class=\"hps\">tj<\/span>.\u00a0<span class=\"hps atn\">1-<\/span>15mm\u00a0<span class=\"hps\">can be handled<\/span>\u00a0<span class=\"hps\">in these two<\/span>\u00a0<span class=\"hps\">cells<\/span><\/div><\/div><\/div><div class=\"fusion-panel panel-default panel-6100f3af775afff56 fusion-toggle-no-divider fusion-toggle-boxed-mode\"><div class=\"panel-heading\"><h4 class=\"panel-title toggle\" id=\"toggle_6100f3af775afff56\"><a aria-expanded=\"false\" aria-controls=\"6100f3af775afff56\" role=\"button\" data-toggle=\"collapse\" data-parent=\"#accordion-338-1\" data-target=\"#6100f3af775afff56\" href=\"#6100f3af775afff56\"><span class=\"fusion-toggle-icon-wrapper\" aria-hidden=\"true\"><i class=\"fa-fusion-box active-icon awb-icon-minus\" aria-hidden=\"true\"><\/i><i class=\"fa-fusion-box inactive-icon awb-icon-plus\" aria-hidden=\"true\"><\/i><\/span><span class=\"fusion-toggle-heading\">Assembling<\/span><\/a><\/h4><\/div><div id=\"6100f3af775afff56\" class=\"panel-collapse collapse \" aria-labelledby=\"toggle_6100f3af775afff56\"><div class=\"panel-body toggle-content fusion-clearfix\">If your product needs to be assembled to become a finished product, we can offer that service.<\/p>\n<p><img decoding=\"async\" class=\"alignnone size-medium wp-image-25\" src=\"http:\/\/www.pars.se\/wp-content\/uploads\/montering-225x300.jpg\" alt=\"\" width=\"225\" height=\"300\" srcset=\"https:\/\/pars.se\/wp-content\/uploads\/montering-200x267.jpg 200w, https:\/\/pars.se\/wp-content\/uploads\/montering-225x300.jpg 225w, https:\/\/pars.se\/wp-content\/uploads\/montering.jpg 360w\" sizes=\"(max-width: 225px) 100vw, 225px\" \/><\/div><\/div><\/div><div class=\"fusion-panel panel-default panel-e71d03f80ff9c75b6 fusion-toggle-no-divider fusion-toggle-boxed-mode\"><div class=\"panel-heading\"><h4 class=\"panel-title toggle\" id=\"toggle_e71d03f80ff9c75b6\"><a aria-expanded=\"false\" aria-controls=\"e71d03f80ff9c75b6\" role=\"button\" data-toggle=\"collapse\" data-parent=\"#accordion-338-1\" data-target=\"#e71d03f80ff9c75b6\" href=\"#e71d03f80ff9c75b6\"><span class=\"fusion-toggle-icon-wrapper\" aria-hidden=\"true\"><i class=\"fa-fusion-box active-icon awb-icon-minus\" aria-hidden=\"true\"><\/i><i class=\"fa-fusion-box inactive-icon awb-icon-plus\" aria-hidden=\"true\"><\/i><\/span><span class=\"fusion-toggle-heading\">Coordinate measuring<\/span><\/a><\/h4><\/div><div id=\"e71d03f80ff9c75b6\" class=\"panel-collapse collapse \" aria-labelledby=\"toggle_e71d03f80ff9c75b6\"><div class=\"panel-body toggle-content fusion-clearfix\"><span class=\"hps\">CMM<\/span>&#8216;s\u00a0<span class=\"hps\">measuring<\/span>\u00a0<span class=\"hps\">out<\/span>\u00a0<span class=\"hps\">products with<\/span>\u00a0<span class=\"hps\">maximum<\/span>\u00a0<span class=\"hps\">dimensions<\/span>\u00a0<span class=\"hps\">X1200<\/span>\u00a0<span class=\"hps\">Y1800<\/span><span class=\"hps\">Z800<\/span>.<\/p>\n<p>Measurement station with its own temperate room.<\/p>\n<p>&nbsp;<\/div><\/div><\/div><div class=\"fusion-panel panel-default panel-6f29113afe4ad87cd fusion-toggle-no-divider fusion-toggle-boxed-mode\"><div class=\"panel-heading\"><h4 class=\"panel-title toggle\" id=\"toggle_6f29113afe4ad87cd\"><a aria-expanded=\"false\" aria-controls=\"6f29113afe4ad87cd\" role=\"button\" data-toggle=\"collapse\" data-parent=\"#accordion-338-1\" data-target=\"#6f29113afe4ad87cd\" href=\"#6f29113afe4ad87cd\"><span class=\"fusion-toggle-icon-wrapper\" aria-hidden=\"true\"><i class=\"fa-fusion-box active-icon awb-icon-minus\" aria-hidden=\"true\"><\/i><i class=\"fa-fusion-box inactive-icon awb-icon-plus\" aria-hidden=\"true\"><\/i><\/span><span class=\"fusion-toggle-heading\">CNC milling<\/span><\/a><\/h4><\/div><div id=\"6f29113afe4ad87cd\" class=\"panel-collapse collapse \" aria-labelledby=\"toggle_6f29113afe4ad87cd\"><div class=\"panel-body toggle-content fusion-clearfix\">multiop &#8211; 1 Brother (300*500 mm)<\/div><\/div><\/div><div class=\"fusion-panel panel-default panel-f5603ca45f43dae67 fusion-toggle-no-divider fusion-toggle-boxed-mode\"><div class=\"panel-heading\"><h4 class=\"panel-title toggle\" id=\"toggle_f5603ca45f43dae67\"><a aria-expanded=\"false\" aria-controls=\"f5603ca45f43dae67\" role=\"button\" data-toggle=\"collapse\" data-parent=\"#accordion-338-1\" data-target=\"#f5603ca45f43dae67\" href=\"#f5603ca45f43dae67\"><span class=\"fusion-toggle-icon-wrapper\" aria-hidden=\"true\"><i class=\"fa-fusion-box active-icon awb-icon-minus\" aria-hidden=\"true\"><\/i><i class=\"fa-fusion-box inactive-icon awb-icon-plus\" aria-hidden=\"true\"><\/i><\/span><span class=\"fusion-toggle-heading\">Welding<\/span><\/a><\/h4><\/div><div id=\"f5603ca45f43dae67\" class=\"panel-collapse collapse \" aria-labelledby=\"toggle_f5603ca45f43dae67\"><div class=\"panel-body toggle-content fusion-clearfix\"><img decoding=\"async\" class=\"alignright size-medium wp-image-32\" src=\"http:\/\/www.pars.se\/wp-content\/uploads\/svetsning-300x200.jpg\" alt=\"\" width=\"300\" height=\"200\" srcset=\"https:\/\/pars.se\/wp-content\/uploads\/svetsning-200x133.jpg 200w, https:\/\/pars.se\/wp-content\/uploads\/svetsning-300x200.jpg 300w, https:\/\/pars.se\/wp-content\/uploads\/svetsning-400x267.jpg 400w, https:\/\/pars.se\/wp-content\/uploads\/svetsning.jpg 420w\" sizes=\"(max-width: 300px) 100vw, 300px\" \/>Manual welding: 10 stations Me \/ Tig welding with travers and reading stand. Welding robot stations: Three welding robot stations with 6-axle ABB robots. Two-sided welding switch.<br \/>\nA new Motoman with two-station manipulator and weld search. Spot welding: 2 HG matic stations take 650 mm width.<\/p>\n<p>&nbsp;<\/div><\/div><\/div><div class=\"fusion-panel panel-default panel-03b5a75f175b4fd5e fusion-toggle-no-divider fusion-toggle-boxed-mode\"><div class=\"panel-heading\"><h4 class=\"panel-title toggle\" id=\"toggle_03b5a75f175b4fd5e\"><a aria-expanded=\"false\" aria-controls=\"03b5a75f175b4fd5e\" role=\"button\" data-toggle=\"collapse\" data-parent=\"#accordion-338-1\" data-target=\"#03b5a75f175b4fd5e\" href=\"#03b5a75f175b4fd5e\"><span class=\"fusion-toggle-icon-wrapper\" aria-hidden=\"true\"><i class=\"fa-fusion-box active-icon awb-icon-minus\" aria-hidden=\"true\"><\/i><i class=\"fa-fusion-box inactive-icon awb-icon-plus\" aria-hidden=\"true\"><\/i><\/span><span class=\"fusion-toggle-heading\">Bending<\/span><\/a><\/h4><\/div><div id=\"03b5a75f175b4fd5e\" class=\"panel-collapse collapse \" aria-labelledby=\"toggle_03b5a75f175b4fd5e\"><div class=\"panel-body toggle-content fusion-clearfix\">4 CNC controlled Amada edge presses 80-170 tonnes.<\/div><\/div><\/div><div class=\"fusion-panel panel-default panel-75b650cc2edf0b463 fusion-toggle-no-divider fusion-toggle-boxed-mode\"><div class=\"panel-heading\"><h4 class=\"panel-title toggle\" id=\"toggle_75b650cc2edf0b463\"><a aria-expanded=\"false\" aria-controls=\"75b650cc2edf0b463\" role=\"button\" data-toggle=\"collapse\" data-parent=\"#accordion-338-1\" data-target=\"#75b650cc2edf0b463\" href=\"#75b650cc2edf0b463\"><span class=\"fusion-toggle-icon-wrapper\" aria-hidden=\"true\"><i class=\"fa-fusion-box active-icon awb-icon-minus\" aria-hidden=\"true\"><\/i><i class=\"fa-fusion-box inactive-icon awb-icon-plus\" aria-hidden=\"true\"><\/i><\/span><span class=\"fusion-toggle-heading\">Milling<\/span><\/a><\/h4><\/div><div id=\"75b650cc2edf0b463\" class=\"panel-collapse collapse \" aria-labelledby=\"toggle_75b650cc2edf0b463\"><div class=\"panel-body toggle-content fusion-clearfix\">We can roll in our workshop.<\/div><\/div><\/div><div class=\"fusion-panel panel-default panel-c047bb4c1dd17ea43 fusion-toggle-no-divider fusion-toggle-boxed-mode\"><div class=\"panel-heading\"><h4 class=\"panel-title toggle\" id=\"toggle_c047bb4c1dd17ea43\"><a aria-expanded=\"false\" aria-controls=\"c047bb4c1dd17ea43\" role=\"button\" data-toggle=\"collapse\" data-parent=\"#accordion-338-1\" data-target=\"#c047bb4c1dd17ea43\" href=\"#c047bb4c1dd17ea43\"><span class=\"fusion-toggle-icon-wrapper\" aria-hidden=\"true\"><i class=\"fa-fusion-box active-icon awb-icon-minus\" aria-hidden=\"true\"><\/i><i class=\"fa-fusion-box inactive-icon awb-icon-plus\" aria-hidden=\"true\"><\/i><\/span><span class=\"fusion-toggle-heading\">Surface treatment<\/span><\/a><\/h4><\/div><div id=\"c047bb4c1dd17ea43\" class=\"panel-collapse collapse \" aria-labelledby=\"toggle_c047bb4c1dd17ea43\"><div class=\"panel-body toggle-content fusion-clearfix\">Blasting &#8211; Blast cleaning blisters: By brand Carlo Banfi. Semi-automatic. With 6 slings and recycling units.<\/p>\n<p>Powder coating &#8211; Wagner fully automated electrostatic powder box.<\/p>\n<p>Five-step laundry with passivation &amp; rinse. Good size 900 * 1400mm. New plc-controlled laundry with plc-controlled stove.<\/div><\/div><\/div><\/div><\/div><div class=\"fusion-clearfix\"><\/div><\/div><\/div><\/div><\/div>\n","protected":false},"excerpt":{"rendered":"","protected":false},"author":1,"featured_media":0,"parent":333,"menu_order":0,"comment_status":"closed","ping_status":"closed","template":"","meta":{"footnotes":""},"class_list":["post-338","page","type-page","status-publish","hentry"],"yoast_head":"<!-- This site is optimized with the Yoast SEO plugin v27.5 - https:\/\/yoast.com\/product\/yoast-seo-wordpress\/ -->\n<title>Services - V\u00e4lkommen till Pars Pl\u00e5tgruppen AB<\/title>\n<meta name=\"robots\" content=\"index, follow, max-snippet:-1, max-image-preview:large, max-video-preview:-1\" \/>\n<link rel=\"canonical\" href=\"https:\/\/pars.se\/en\/pars-group\/btt\/services\/\" \/>\n<meta property=\"og:locale\" content=\"en_US\" \/>\n<meta property=\"og:type\" content=\"article\" \/>\n<meta property=\"og:title\" content=\"Services - V\u00e4lkommen till Pars Pl\u00e5tgruppen AB\" \/>\n<meta property=\"og:url\" content=\"https:\/\/pars.se\/en\/pars-group\/btt\/services\/\" \/>\n<meta property=\"og:site_name\" content=\"V\u00e4lkommen till Pars Pl\u00e5tgruppen AB\" \/>\n<meta property=\"article:publisher\" content=\"https:\/\/www.facebook.com\/Parsplatgruppen\" \/>\n<meta property=\"article:modified_time\" content=\"2017-08-22T07:10:01+00:00\" \/>\n<meta property=\"og:image\" content=\"http:\/\/www.pars.se\/wp-content\/uploads\/montering-225x300.jpg\" \/>\n<meta name=\"twitter:card\" content=\"summary_large_image\" \/>\n<meta name=\"twitter:label1\" content=\"Est. reading time\" \/>\n\t<meta name=\"twitter:data1\" content=\"3 minutes\" \/>\n<script type=\"application\/ld+json\" class=\"yoast-schema-graph\">{\"@context\":\"https:\\\/\\\/schema.org\",\"@graph\":[{\"@type\":\"WebPage\",\"@id\":\"https:\\\/\\\/pars.se\\\/en\\\/pars-group\\\/btt\\\/services\\\/\",\"url\":\"https:\\\/\\\/pars.se\\\/en\\\/pars-group\\\/btt\\\/services\\\/\",\"name\":\"Services - V\u00e4lkommen till Pars Pl\u00e5tgruppen AB\",\"isPartOf\":{\"@id\":\"https:\\\/\\\/pars.se\\\/#website\"},\"primaryImageOfPage\":{\"@id\":\"https:\\\/\\\/pars.se\\\/en\\\/pars-group\\\/btt\\\/services\\\/#primaryimage\"},\"image\":{\"@id\":\"https:\\\/\\\/pars.se\\\/en\\\/pars-group\\\/btt\\\/services\\\/#primaryimage\"},\"thumbnailUrl\":\"http:\\\/\\\/www.pars.se\\\/wp-content\\\/uploads\\\/montering-225x300.jpg\",\"datePublished\":\"2017-08-22T07:09:56+00:00\",\"dateModified\":\"2017-08-22T07:10:01+00:00\",\"breadcrumb\":{\"@id\":\"https:\\\/\\\/pars.se\\\/en\\\/pars-group\\\/btt\\\/services\\\/#breadcrumb\"},\"inLanguage\":\"en-US\",\"potentialAction\":[{\"@type\":\"ReadAction\",\"target\":[\"https:\\\/\\\/pars.se\\\/en\\\/pars-group\\\/btt\\\/services\\\/\"]}]},{\"@type\":\"ImageObject\",\"inLanguage\":\"en-US\",\"@id\":\"https:\\\/\\\/pars.se\\\/en\\\/pars-group\\\/btt\\\/services\\\/#primaryimage\",\"url\":\"http:\\\/\\\/www.pars.se\\\/wp-content\\\/uploads\\\/montering-225x300.jpg\",\"contentUrl\":\"http:\\\/\\\/www.pars.se\\\/wp-content\\\/uploads\\\/montering-225x300.jpg\"},{\"@type\":\"BreadcrumbList\",\"@id\":\"https:\\\/\\\/pars.se\\\/en\\\/pars-group\\\/btt\\\/services\\\/#breadcrumb\",\"itemListElement\":[{\"@type\":\"ListItem\",\"position\":1,\"name\":\"Hem\",\"item\":\"https:\\\/\\\/pars.se\\\/en\\\/\"},{\"@type\":\"ListItem\",\"position\":2,\"name\":\"Pars Group\",\"item\":\"https:\\\/\\\/pars.se\\\/en\\\/pars-group\\\/\"},{\"@type\":\"ListItem\",\"position\":3,\"name\":\"BTT\",\"item\":\"https:\\\/\\\/pars.se\\\/en\\\/pars-group\\\/btt\\\/\"},{\"@type\":\"ListItem\",\"position\":4,\"name\":\"Services\"}]},{\"@type\":\"WebSite\",\"@id\":\"https:\\\/\\\/pars.se\\\/#website\",\"url\":\"https:\\\/\\\/pars.se\\\/\",\"name\":\"V\u00e4lkommen till Pars Pl\u00e5tgruppen AB\",\"description\":\"&quot;fr\u00e5n ide till f\u00e4rdig produkt&quot;\",\"publisher\":{\"@id\":\"https:\\\/\\\/pars.se\\\/#organization\"},\"potentialAction\":[{\"@type\":\"SearchAction\",\"target\":{\"@type\":\"EntryPoint\",\"urlTemplate\":\"https:\\\/\\\/pars.se\\\/?s={search_term_string}\"},\"query-input\":{\"@type\":\"PropertyValueSpecification\",\"valueRequired\":true,\"valueName\":\"search_term_string\"}}],\"inLanguage\":\"en-US\"},{\"@type\":\"Organization\",\"@id\":\"https:\\\/\\\/pars.se\\\/#organization\",\"name\":\"Pars Pl\u00e5tgruppen AB\",\"url\":\"https:\\\/\\\/pars.se\\\/\",\"logo\":{\"@type\":\"ImageObject\",\"inLanguage\":\"en-US\",\"@id\":\"https:\\\/\\\/pars.se\\\/#\\\/schema\\\/logo\\\/image\\\/\",\"url\":\"https:\\\/\\\/pars.se\\\/wp-content\\\/uploads\\\/parsred.png\",\"contentUrl\":\"https:\\\/\\\/pars.se\\\/wp-content\\\/uploads\\\/parsred.png\",\"width\":262,\"height\":136,\"caption\":\"Pars Pl\u00e5tgruppen AB\"},\"image\":{\"@id\":\"https:\\\/\\\/pars.se\\\/#\\\/schema\\\/logo\\\/image\\\/\"},\"sameAs\":[\"https:\\\/\\\/www.facebook.com\\\/Parsplatgruppen\",\"https:\\\/\\\/www.linkedin.com\\\/in\\\/pars-pl\u00e5tgruppen-ab-06762114b\\\/\",\"https:\\\/\\\/www.youtube.com\\\/channel\\\/UCZDn5IzDv1xIcAdG5_dN1eg\"]}]}<\/script>\n<!-- \/ Yoast SEO plugin. -->","yoast_head_json":{"title":"Services - V\u00e4lkommen till Pars Pl\u00e5tgruppen AB","robots":{"index":"index","follow":"follow","max-snippet":"max-snippet:-1","max-image-preview":"max-image-preview:large","max-video-preview":"max-video-preview:-1"},"canonical":"https:\/\/pars.se\/en\/pars-group\/btt\/services\/","og_locale":"en_US","og_type":"article","og_title":"Services - V\u00e4lkommen till Pars Pl\u00e5tgruppen AB","og_url":"https:\/\/pars.se\/en\/pars-group\/btt\/services\/","og_site_name":"V\u00e4lkommen till Pars Pl\u00e5tgruppen AB","article_publisher":"https:\/\/www.facebook.com\/Parsplatgruppen","article_modified_time":"2017-08-22T07:10:01+00:00","og_image":[{"url":"http:\/\/www.pars.se\/wp-content\/uploads\/montering-225x300.jpg","type":"","width":"","height":""}],"twitter_card":"summary_large_image","twitter_misc":{"Est. reading time":"3 minutes"},"schema":{"@context":"https:\/\/schema.org","@graph":[{"@type":"WebPage","@id":"https:\/\/pars.se\/en\/pars-group\/btt\/services\/","url":"https:\/\/pars.se\/en\/pars-group\/btt\/services\/","name":"Services - V\u00e4lkommen till Pars Pl\u00e5tgruppen AB","isPartOf":{"@id":"https:\/\/pars.se\/#website"},"primaryImageOfPage":{"@id":"https:\/\/pars.se\/en\/pars-group\/btt\/services\/#primaryimage"},"image":{"@id":"https:\/\/pars.se\/en\/pars-group\/btt\/services\/#primaryimage"},"thumbnailUrl":"http:\/\/www.pars.se\/wp-content\/uploads\/montering-225x300.jpg","datePublished":"2017-08-22T07:09:56+00:00","dateModified":"2017-08-22T07:10:01+00:00","breadcrumb":{"@id":"https:\/\/pars.se\/en\/pars-group\/btt\/services\/#breadcrumb"},"inLanguage":"en-US","potentialAction":[{"@type":"ReadAction","target":["https:\/\/pars.se\/en\/pars-group\/btt\/services\/"]}]},{"@type":"ImageObject","inLanguage":"en-US","@id":"https:\/\/pars.se\/en\/pars-group\/btt\/services\/#primaryimage","url":"http:\/\/www.pars.se\/wp-content\/uploads\/montering-225x300.jpg","contentUrl":"http:\/\/www.pars.se\/wp-content\/uploads\/montering-225x300.jpg"},{"@type":"BreadcrumbList","@id":"https:\/\/pars.se\/en\/pars-group\/btt\/services\/#breadcrumb","itemListElement":[{"@type":"ListItem","position":1,"name":"Hem","item":"https:\/\/pars.se\/en\/"},{"@type":"ListItem","position":2,"name":"Pars Group","item":"https:\/\/pars.se\/en\/pars-group\/"},{"@type":"ListItem","position":3,"name":"BTT","item":"https:\/\/pars.se\/en\/pars-group\/btt\/"},{"@type":"ListItem","position":4,"name":"Services"}]},{"@type":"WebSite","@id":"https:\/\/pars.se\/#website","url":"https:\/\/pars.se\/","name":"V\u00e4lkommen till Pars Pl\u00e5tgruppen AB","description":"&quot;fr\u00e5n ide till f\u00e4rdig produkt&quot;","publisher":{"@id":"https:\/\/pars.se\/#organization"},"potentialAction":[{"@type":"SearchAction","target":{"@type":"EntryPoint","urlTemplate":"https:\/\/pars.se\/?s={search_term_string}"},"query-input":{"@type":"PropertyValueSpecification","valueRequired":true,"valueName":"search_term_string"}}],"inLanguage":"en-US"},{"@type":"Organization","@id":"https:\/\/pars.se\/#organization","name":"Pars Pl\u00e5tgruppen AB","url":"https:\/\/pars.se\/","logo":{"@type":"ImageObject","inLanguage":"en-US","@id":"https:\/\/pars.se\/#\/schema\/logo\/image\/","url":"https:\/\/pars.se\/wp-content\/uploads\/parsred.png","contentUrl":"https:\/\/pars.se\/wp-content\/uploads\/parsred.png","width":262,"height":136,"caption":"Pars Pl\u00e5tgruppen AB"},"image":{"@id":"https:\/\/pars.se\/#\/schema\/logo\/image\/"},"sameAs":["https:\/\/www.facebook.com\/Parsplatgruppen","https:\/\/www.linkedin.com\/in\/pars-pl\u00e5tgruppen-ab-06762114b\/","https:\/\/www.youtube.com\/channel\/UCZDn5IzDv1xIcAdG5_dN1eg"]}]}},"publishpress_future_action":{"enabled":false,"date":"2026-05-10 18:46:55","action":"change-status","newStatus":"draft","terms":[],"taxonomy":"translation_priority","extraData":[]},"publishpress_future_workflow_manual_trigger":{"enabledWorkflows":[]},"_links":{"self":[{"href":"https:\/\/pars.se\/en\/wp-json\/wp\/v2\/pages\/338","targetHints":{"allow":["GET"]}}],"collection":[{"href":"https:\/\/pars.se\/en\/wp-json\/wp\/v2\/pages"}],"about":[{"href":"https:\/\/pars.se\/en\/wp-json\/wp\/v2\/types\/page"}],"author":[{"embeddable":true,"href":"https:\/\/pars.se\/en\/wp-json\/wp\/v2\/users\/1"}],"replies":[{"embeddable":true,"href":"https:\/\/pars.se\/en\/wp-json\/wp\/v2\/comments?post=338"}],"version-history":[{"count":17,"href":"https:\/\/pars.se\/en\/wp-json\/wp\/v2\/pages\/338\/revisions"}],"predecessor-version":[{"id":355,"href":"https:\/\/pars.se\/en\/wp-json\/wp\/v2\/pages\/338\/revisions\/355"}],"up":[{"embeddable":true,"href":"https:\/\/pars.se\/en\/wp-json\/wp\/v2\/pages\/333"}],"wp:attachment":[{"href":"https:\/\/pars.se\/en\/wp-json\/wp\/v2\/media?parent=338"}],"curies":[{"name":"wp","href":"https:\/\/api.w.org\/{rel}","templated":true}]}}