{"id":357,"date":"2017-08-22T09:12:09","date_gmt":"2017-08-22T07:12:09","guid":{"rendered":"http:\/\/www.pars.se\/pars-group\/history\/"},"modified":"2017-08-22T09:12:09","modified_gmt":"2017-08-22T07:12:09","slug":"history","status":"publish","type":"page","link":"https:\/\/pars.se\/en\/pars-group\/history\/","title":{"rendered":"History"},"content":{"rendered":"<h2><img decoding=\"async\" class=\"alignright size-full wp-image-21\" src=\"http:\/\/www.pars.se\/wp-content\/uploads\/historia.jpg\" alt=\"\" width=\"300\" height=\"412\" srcset=\"https:\/\/pars.se\/wp-content\/uploads\/historia-200x275.jpg 200w, https:\/\/pars.se\/wp-content\/uploads\/historia-218x300.jpg 218w, https:\/\/pars.se\/wp-content\/uploads\/historia.jpg 300w\" sizes=\"(max-width: 300px) 100vw, 300px\" \/><\/h2>\n<h1>History<\/h1>\n<p>As early as 1985 the foundation was laid for what is now the Pars Group, then called BTT Pl\u00e5t AB and located in Emmaboda in the province of Sm\u00e5land. Today the Pars Group is made up of four companies and the Pars Group is continuously being developed in a targeted way. Some of the most important milestones in our history are listed here.<\/p>\n<p>1985 \u2013 BTT Pl\u00e5t AB in Emmaboda is acquired by Ali Karimi and the foundation for the Pars Group is laid.<br \/>\n1987 \u2013 KK Metallmekano AB in Motala is purchased by Ali Karimi.<br \/>\n1990 \u2013 AK Verkstads AB in Vaggeryd is purchased by Ali Karimi.<br \/>\n1993 \u2013 The Pars Group is established as a parent company.<br \/>\n1994 \u2013 Ahan in Eskilstuna, previously Volvo BM&#8217;s factory, is purchased by the Pars Group.<br \/>\n1997 \u2013 KA Wiking in Sk\u00e4nninge is purchased by the Pars Group.<br \/>\n1997 \u2013 The Pars Group sells AK Verkstads AB.<br \/>\n1999 \u2013 Acab in Alfta, previously \u00d6SA&#8217;s facility for forest machinery manufacturing, is purchased by the Pars Group.<br \/>\n2000 \u2013 Preform in Lax\u00e5, previously Esab&#8217;s welding shop, is purchased by the Pars Group.<br \/>\n2002 \u2013 ABL in S\u00e4vsj\u00f6 is purchased by the Pars Group.<br \/>\n2003 &#8211; ABL in S\u00e4vsj\u00f6 purchases ABL in Arvika, previously Arvika Mekaniska Verkstad AB.<br \/>\n2004 \u2013 The Pars Group sells KA Wiking.<br \/>\n2013 \u2013 The Pars Group sells Preform AB.<\/p>\n<p>&nbsp;<\/p>\n","protected":false},"excerpt":{"rendered":"<p>History As early as 1985 the foundation was laid for what is now the Pars Group, then called BTT Pl\u00e5t AB and located in Emmaboda in the province of Sm\u00e5land. Today the Pars Group is made up of four companies and the Pars Group is continuously being developed in a targeted way. Some of the<\/p>\n","protected":false},"author":1,"featured_media":0,"parent":306,"menu_order":0,"comment_status":"closed","ping_status":"closed","template":"","meta":{"footnotes":""},"class_list":["post-357","page","type-page","status-publish","hentry"],"yoast_head":"<!-- This site is optimized with the Yoast SEO plugin v27.3 - https:\/\/yoast.com\/product\/yoast-seo-wordpress\/ -->\n<title>History - V\u00e4lkommen till Pars Pl\u00e5tgruppen AB<\/title>\n<meta name=\"robots\" content=\"index, follow, max-snippet:-1, max-image-preview:large, max-video-preview:-1\" \/>\n<link rel=\"canonical\" href=\"https:\/\/pars.se\/en\/pars-group\/history\/\" \/>\n<meta property=\"og:locale\" content=\"en_US\" \/>\n<meta property=\"og:type\" content=\"article\" \/>\n<meta property=\"og:title\" content=\"History - V\u00e4lkommen till Pars Pl\u00e5tgruppen AB\" \/>\n<meta property=\"og:description\" content=\"History As early as 1985 the foundation was laid for what is now the Pars Group, then called BTT Pl\u00e5t AB and located in Emmaboda in the province of Sm\u00e5land. Today the Pars Group is made up of four companies and the Pars Group is continuously being developed in a targeted way. Some of the\" \/>\n<meta property=\"og:url\" content=\"https:\/\/pars.se\/en\/pars-group\/history\/\" \/>\n<meta property=\"og:site_name\" content=\"V\u00e4lkommen till Pars Pl\u00e5tgruppen AB\" \/>\n<meta property=\"article:publisher\" content=\"https:\/\/www.facebook.com\/Parsplatgruppen\" \/>\n<meta property=\"og:image\" content=\"http:\/\/www.pars.se\/wp-content\/uploads\/historia.jpg\" \/>\n<meta name=\"twitter:card\" content=\"summary_large_image\" \/>\n<meta name=\"twitter:label1\" content=\"Est. reading time\" \/>\n\t<meta name=\"twitter:data1\" content=\"1 minute\" \/>\n<script type=\"application\/ld+json\" class=\"yoast-schema-graph\">{\"@context\":\"https:\\\/\\\/schema.org\",\"@graph\":[{\"@type\":\"WebPage\",\"@id\":\"https:\\\/\\\/pars.se\\\/en\\\/pars-group\\\/history\\\/\",\"url\":\"https:\\\/\\\/pars.se\\\/en\\\/pars-group\\\/history\\\/\",\"name\":\"History - V\u00e4lkommen till Pars Pl\u00e5tgruppen AB\",\"isPartOf\":{\"@id\":\"https:\\\/\\\/pars.se\\\/#website\"},\"primaryImageOfPage\":{\"@id\":\"https:\\\/\\\/pars.se\\\/en\\\/pars-group\\\/history\\\/#primaryimage\"},\"image\":{\"@id\":\"https:\\\/\\\/pars.se\\\/en\\\/pars-group\\\/history\\\/#primaryimage\"},\"thumbnailUrl\":\"http:\\\/\\\/www.pars.se\\\/wp-content\\\/uploads\\\/historia.jpg\",\"datePublished\":\"2017-08-22T07:12:09+00:00\",\"breadcrumb\":{\"@id\":\"https:\\\/\\\/pars.se\\\/en\\\/pars-group\\\/history\\\/#breadcrumb\"},\"inLanguage\":\"en-US\",\"potentialAction\":[{\"@type\":\"ReadAction\",\"target\":[\"https:\\\/\\\/pars.se\\\/en\\\/pars-group\\\/history\\\/\"]}]},{\"@type\":\"ImageObject\",\"inLanguage\":\"en-US\",\"@id\":\"https:\\\/\\\/pars.se\\\/en\\\/pars-group\\\/history\\\/#primaryimage\",\"url\":\"http:\\\/\\\/www.pars.se\\\/wp-content\\\/uploads\\\/historia.jpg\",\"contentUrl\":\"http:\\\/\\\/www.pars.se\\\/wp-content\\\/uploads\\\/historia.jpg\"},{\"@type\":\"BreadcrumbList\",\"@id\":\"https:\\\/\\\/pars.se\\\/en\\\/pars-group\\\/history\\\/#breadcrumb\",\"itemListElement\":[{\"@type\":\"ListItem\",\"position\":1,\"name\":\"Hem\",\"item\":\"https:\\\/\\\/pars.se\\\/en\\\/\"},{\"@type\":\"ListItem\",\"position\":2,\"name\":\"Pars Group\",\"item\":\"https:\\\/\\\/pars.se\\\/en\\\/pars-group\\\/\"},{\"@type\":\"ListItem\",\"position\":3,\"name\":\"History\"}]},{\"@type\":\"WebSite\",\"@id\":\"https:\\\/\\\/pars.se\\\/#website\",\"url\":\"https:\\\/\\\/pars.se\\\/\",\"name\":\"V\u00e4lkommen till Pars Pl\u00e5tgruppen AB\",\"description\":\"&quot;fr\u00e5n ide till f\u00e4rdig produkt&quot;\",\"publisher\":{\"@id\":\"https:\\\/\\\/pars.se\\\/#organization\"},\"potentialAction\":[{\"@type\":\"SearchAction\",\"target\":{\"@type\":\"EntryPoint\",\"urlTemplate\":\"https:\\\/\\\/pars.se\\\/?s={search_term_string}\"},\"query-input\":{\"@type\":\"PropertyValueSpecification\",\"valueRequired\":true,\"valueName\":\"search_term_string\"}}],\"inLanguage\":\"en-US\"},{\"@type\":\"Organization\",\"@id\":\"https:\\\/\\\/pars.se\\\/#organization\",\"name\":\"Pars Pl\u00e5tgruppen AB\",\"url\":\"https:\\\/\\\/pars.se\\\/\",\"logo\":{\"@type\":\"ImageObject\",\"inLanguage\":\"en-US\",\"@id\":\"https:\\\/\\\/pars.se\\\/#\\\/schema\\\/logo\\\/image\\\/\",\"url\":\"https:\\\/\\\/pars.se\\\/wp-content\\\/uploads\\\/parsred.png\",\"contentUrl\":\"https:\\\/\\\/pars.se\\\/wp-content\\\/uploads\\\/parsred.png\",\"width\":262,\"height\":136,\"caption\":\"Pars Pl\u00e5tgruppen AB\"},\"image\":{\"@id\":\"https:\\\/\\\/pars.se\\\/#\\\/schema\\\/logo\\\/image\\\/\"},\"sameAs\":[\"https:\\\/\\\/www.facebook.com\\\/Parsplatgruppen\",\"https:\\\/\\\/www.linkedin.com\\\/in\\\/pars-pl\u00e5tgruppen-ab-06762114b\\\/\",\"https:\\\/\\\/www.youtube.com\\\/channel\\\/UCZDn5IzDv1xIcAdG5_dN1eg\"]}]}<\/script>\n<!-- \/ Yoast SEO plugin. -->","yoast_head_json":{"title":"History - V\u00e4lkommen till Pars Pl\u00e5tgruppen AB","robots":{"index":"index","follow":"follow","max-snippet":"max-snippet:-1","max-image-preview":"max-image-preview:large","max-video-preview":"max-video-preview:-1"},"canonical":"https:\/\/pars.se\/en\/pars-group\/history\/","og_locale":"en_US","og_type":"article","og_title":"History - V\u00e4lkommen till Pars Pl\u00e5tgruppen AB","og_description":"History As early as 1985 the foundation was laid for what is now the Pars Group, then called BTT Pl\u00e5t AB and located in Emmaboda in the province of Sm\u00e5land. Today the Pars Group is made up of four companies and the Pars Group is continuously being developed in a targeted way. Some of the","og_url":"https:\/\/pars.se\/en\/pars-group\/history\/","og_site_name":"V\u00e4lkommen till Pars Pl\u00e5tgruppen AB","article_publisher":"https:\/\/www.facebook.com\/Parsplatgruppen","og_image":[{"url":"http:\/\/www.pars.se\/wp-content\/uploads\/historia.jpg","type":"","width":"","height":""}],"twitter_card":"summary_large_image","twitter_misc":{"Est. reading time":"1 minute"},"schema":{"@context":"https:\/\/schema.org","@graph":[{"@type":"WebPage","@id":"https:\/\/pars.se\/en\/pars-group\/history\/","url":"https:\/\/pars.se\/en\/pars-group\/history\/","name":"History - V\u00e4lkommen till Pars Pl\u00e5tgruppen AB","isPartOf":{"@id":"https:\/\/pars.se\/#website"},"primaryImageOfPage":{"@id":"https:\/\/pars.se\/en\/pars-group\/history\/#primaryimage"},"image":{"@id":"https:\/\/pars.se\/en\/pars-group\/history\/#primaryimage"},"thumbnailUrl":"http:\/\/www.pars.se\/wp-content\/uploads\/historia.jpg","datePublished":"2017-08-22T07:12:09+00:00","breadcrumb":{"@id":"https:\/\/pars.se\/en\/pars-group\/history\/#breadcrumb"},"inLanguage":"en-US","potentialAction":[{"@type":"ReadAction","target":["https:\/\/pars.se\/en\/pars-group\/history\/"]}]},{"@type":"ImageObject","inLanguage":"en-US","@id":"https:\/\/pars.se\/en\/pars-group\/history\/#primaryimage","url":"http:\/\/www.pars.se\/wp-content\/uploads\/historia.jpg","contentUrl":"http:\/\/www.pars.se\/wp-content\/uploads\/historia.jpg"},{"@type":"BreadcrumbList","@id":"https:\/\/pars.se\/en\/pars-group\/history\/#breadcrumb","itemListElement":[{"@type":"ListItem","position":1,"name":"Hem","item":"https:\/\/pars.se\/en\/"},{"@type":"ListItem","position":2,"name":"Pars Group","item":"https:\/\/pars.se\/en\/pars-group\/"},{"@type":"ListItem","position":3,"name":"History"}]},{"@type":"WebSite","@id":"https:\/\/pars.se\/#website","url":"https:\/\/pars.se\/","name":"V\u00e4lkommen till Pars Pl\u00e5tgruppen AB","description":"&quot;fr\u00e5n ide till f\u00e4rdig produkt&quot;","publisher":{"@id":"https:\/\/pars.se\/#organization"},"potentialAction":[{"@type":"SearchAction","target":{"@type":"EntryPoint","urlTemplate":"https:\/\/pars.se\/?s={search_term_string}"},"query-input":{"@type":"PropertyValueSpecification","valueRequired":true,"valueName":"search_term_string"}}],"inLanguage":"en-US"},{"@type":"Organization","@id":"https:\/\/pars.se\/#organization","name":"Pars Pl\u00e5tgruppen AB","url":"https:\/\/pars.se\/","logo":{"@type":"ImageObject","inLanguage":"en-US","@id":"https:\/\/pars.se\/#\/schema\/logo\/image\/","url":"https:\/\/pars.se\/wp-content\/uploads\/parsred.png","contentUrl":"https:\/\/pars.se\/wp-content\/uploads\/parsred.png","width":262,"height":136,"caption":"Pars Pl\u00e5tgruppen AB"},"image":{"@id":"https:\/\/pars.se\/#\/schema\/logo\/image\/"},"sameAs":["https:\/\/www.facebook.com\/Parsplatgruppen","https:\/\/www.linkedin.com\/in\/pars-pl\u00e5tgruppen-ab-06762114b\/","https:\/\/www.youtube.com\/channel\/UCZDn5IzDv1xIcAdG5_dN1eg"]}]}},"publishpress_future_action":{"enabled":false,"date":"2026-04-11 08:59:21","action":"change-status","newStatus":"draft","terms":[],"taxonomy":"translation_priority","extraData":[]},"publishpress_future_workflow_manual_trigger":{"enabledWorkflows":[]},"_links":{"self":[{"href":"https:\/\/pars.se\/en\/wp-json\/wp\/v2\/pages\/357","targetHints":{"allow":["GET"]}}],"collection":[{"href":"https:\/\/pars.se\/en\/wp-json\/wp\/v2\/pages"}],"about":[{"href":"https:\/\/pars.se\/en\/wp-json\/wp\/v2\/types\/page"}],"author":[{"embeddable":true,"href":"https:\/\/pars.se\/en\/wp-json\/wp\/v2\/users\/1"}],"replies":[{"embeddable":true,"href":"https:\/\/pars.se\/en\/wp-json\/wp\/v2\/comments?post=357"}],"version-history":[{"count":1,"href":"https:\/\/pars.se\/en\/wp-json\/wp\/v2\/pages\/357\/revisions"}],"predecessor-version":[{"id":1935,"href":"https:\/\/pars.se\/en\/wp-json\/wp\/v2\/pages\/357\/revisions\/1935"}],"up":[{"embeddable":true,"href":"https:\/\/pars.se\/en\/wp-json\/wp\/v2\/pages\/306"}],"wp:attachment":[{"href":"https:\/\/pars.se\/en\/wp-json\/wp\/v2\/media?parent=357"}],"curies":[{"name":"wp","href":"https:\/\/api.w.org\/{rel}","templated":true}]}}