{"id":359,"date":"2017-08-22T09:14:52","date_gmt":"2017-08-22T07:14:52","guid":{"rendered":"http:\/\/www.pars.se\/pars-group\/quality\/"},"modified":"2022-09-01T14:14:31","modified_gmt":"2022-09-01T12:14:31","slug":"quality","status":"publish","type":"page","link":"https:\/\/pars.se\/en\/pars-group\/quality\/","title":{"rendered":"Quality"},"content":{"rendered":"<h2><img decoding=\"async\" class=\"alignright size-full wp-image-31\" src=\"http:\/\/www.pars.se\/wp-content\/uploads\/services.jpg\" alt=\"\" width=\"300\" height=\"363\" srcset=\"https:\/\/pars.se\/wp-content\/uploads\/services-200x242.jpg 200w, https:\/\/pars.se\/wp-content\/uploads\/services-248x300.jpg 248w, https:\/\/pars.se\/wp-content\/uploads\/services.jpg 300w\" sizes=\"(max-width: 300px) 100vw, 300px\" \/><\/h2>\n<h2><\/h2>\n<h2><span style=\"font-family: 'Fira Sans',sans-serif;\">Quality<\/span><\/h2>\n<p style=\"box-sizing: border-box; margin: 0cm 0cm 15.0pt 0cm;\"><span style=\"font-size: 11.5pt; font-family: 'Fira Sans',sans-serif; color: #707070;\">At the Pars group, we always put quality first and our guiding principle is to always fulfill the customer&#8217;s wishes for product quality and delivery quality.\u00a0We work continuously with continuous improvements and preventive work to prevent possible sources of error as early as possible.\u00a0Together with our customers, we want to create that collaboration and be the partner that contributes to the best overall economy with competence, experience and professional skills.<\/span><\/p>\n<p style=\"box-sizing: border-box; margin: 0cm 0cm 15.0pt 0cm;\"><span style=\"font-size: 11.5pt; font-family: 'Fira Sans',sans-serif; color: #707070;\">We work with process control and see it as very important to have clear instructions, aids and have well-adapted stations for each operation.<\/span><\/p>\n<p style=\"box-sizing: border-box; margin: 0cm 0cm 15.0pt 0cm;\"><span style=\"font-size: 11.5pt; font-family: 'Fira Sans',sans-serif; color: #707070;\">We are today certified according to ISO 9001:2015\u00a0<u style=\"box-sizing: border-box;\">ISO 14001<\/u>\u00a0\u00a0ISO 3834-2.<\/span><\/p>\n","protected":false},"excerpt":{"rendered":"<p>Quality At the Pars group, we always put quality first and our guiding principle is to always fulfill the customer&#8217;s wishes for product quality and delivery quality.\u00a0We work continuously with continuous improvements and preventive work to prevent possible sources of error as early as possible.\u00a0Together with our customers, we want to create that collaboration and<\/p>\n","protected":false},"author":1,"featured_media":0,"parent":306,"menu_order":0,"comment_status":"closed","ping_status":"closed","template":"","meta":{"footnotes":""},"class_list":["post-359","page","type-page","status-publish","hentry"],"yoast_head":"<!-- This site is optimized with the Yoast SEO plugin v27.4 - https:\/\/yoast.com\/product\/yoast-seo-wordpress\/ -->\n<title>Quality - V\u00e4lkommen till Pars Pl\u00e5tgruppen AB<\/title>\n<meta name=\"robots\" content=\"index, follow, max-snippet:-1, max-image-preview:large, max-video-preview:-1\" \/>\n<link rel=\"canonical\" href=\"https:\/\/pars.se\/en\/pars-group\/quality\/\" \/>\n<meta property=\"og:locale\" content=\"en_US\" \/>\n<meta property=\"og:type\" content=\"article\" \/>\n<meta property=\"og:title\" content=\"Quality - V\u00e4lkommen till Pars Pl\u00e5tgruppen AB\" \/>\n<meta property=\"og:description\" content=\"Quality At the Pars group, we always put quality first and our guiding principle is to always fulfill the customer&#8217;s wishes for product quality and delivery quality.\u00a0We work continuously with continuous improvements and preventive work to prevent possible sources of error as early as possible.\u00a0Together with our customers, we want to create that collaboration and\" \/>\n<meta property=\"og:url\" content=\"https:\/\/pars.se\/en\/pars-group\/quality\/\" \/>\n<meta property=\"og:site_name\" content=\"V\u00e4lkommen till Pars Pl\u00e5tgruppen AB\" \/>\n<meta property=\"article:publisher\" content=\"https:\/\/www.facebook.com\/Parsplatgruppen\" \/>\n<meta property=\"article:modified_time\" content=\"2022-09-01T12:14:31+00:00\" \/>\n<meta property=\"og:image\" content=\"http:\/\/www.pars.se\/wp-content\/uploads\/services.jpg\" \/>\n<meta name=\"twitter:card\" content=\"summary_large_image\" \/>\n<meta name=\"twitter:label1\" content=\"Est. reading time\" \/>\n\t<meta name=\"twitter:data1\" content=\"1 minute\" \/>\n<script type=\"application\/ld+json\" class=\"yoast-schema-graph\">{\"@context\":\"https:\\\/\\\/schema.org\",\"@graph\":[{\"@type\":\"WebPage\",\"@id\":\"https:\\\/\\\/pars.se\\\/en\\\/pars-group\\\/quality\\\/\",\"url\":\"https:\\\/\\\/pars.se\\\/en\\\/pars-group\\\/quality\\\/\",\"name\":\"Quality - V\u00e4lkommen till Pars Pl\u00e5tgruppen AB\",\"isPartOf\":{\"@id\":\"https:\\\/\\\/pars.se\\\/#website\"},\"primaryImageOfPage\":{\"@id\":\"https:\\\/\\\/pars.se\\\/en\\\/pars-group\\\/quality\\\/#primaryimage\"},\"image\":{\"@id\":\"https:\\\/\\\/pars.se\\\/en\\\/pars-group\\\/quality\\\/#primaryimage\"},\"thumbnailUrl\":\"http:\\\/\\\/www.pars.se\\\/wp-content\\\/uploads\\\/services.jpg\",\"datePublished\":\"2017-08-22T07:14:52+00:00\",\"dateModified\":\"2022-09-01T12:14:31+00:00\",\"breadcrumb\":{\"@id\":\"https:\\\/\\\/pars.se\\\/en\\\/pars-group\\\/quality\\\/#breadcrumb\"},\"inLanguage\":\"en-US\",\"potentialAction\":[{\"@type\":\"ReadAction\",\"target\":[\"https:\\\/\\\/pars.se\\\/en\\\/pars-group\\\/quality\\\/\"]}]},{\"@type\":\"ImageObject\",\"inLanguage\":\"en-US\",\"@id\":\"https:\\\/\\\/pars.se\\\/en\\\/pars-group\\\/quality\\\/#primaryimage\",\"url\":\"http:\\\/\\\/www.pars.se\\\/wp-content\\\/uploads\\\/services.jpg\",\"contentUrl\":\"http:\\\/\\\/www.pars.se\\\/wp-content\\\/uploads\\\/services.jpg\"},{\"@type\":\"BreadcrumbList\",\"@id\":\"https:\\\/\\\/pars.se\\\/en\\\/pars-group\\\/quality\\\/#breadcrumb\",\"itemListElement\":[{\"@type\":\"ListItem\",\"position\":1,\"name\":\"Hem\",\"item\":\"https:\\\/\\\/pars.se\\\/en\\\/\"},{\"@type\":\"ListItem\",\"position\":2,\"name\":\"Pars Group\",\"item\":\"https:\\\/\\\/pars.se\\\/en\\\/pars-group\\\/\"},{\"@type\":\"ListItem\",\"position\":3,\"name\":\"Quality\"}]},{\"@type\":\"WebSite\",\"@id\":\"https:\\\/\\\/pars.se\\\/#website\",\"url\":\"https:\\\/\\\/pars.se\\\/\",\"name\":\"V\u00e4lkommen till Pars Pl\u00e5tgruppen AB\",\"description\":\"&quot;fr\u00e5n ide till f\u00e4rdig produkt&quot;\",\"publisher\":{\"@id\":\"https:\\\/\\\/pars.se\\\/#organization\"},\"potentialAction\":[{\"@type\":\"SearchAction\",\"target\":{\"@type\":\"EntryPoint\",\"urlTemplate\":\"https:\\\/\\\/pars.se\\\/?s={search_term_string}\"},\"query-input\":{\"@type\":\"PropertyValueSpecification\",\"valueRequired\":true,\"valueName\":\"search_term_string\"}}],\"inLanguage\":\"en-US\"},{\"@type\":\"Organization\",\"@id\":\"https:\\\/\\\/pars.se\\\/#organization\",\"name\":\"Pars Pl\u00e5tgruppen AB\",\"url\":\"https:\\\/\\\/pars.se\\\/\",\"logo\":{\"@type\":\"ImageObject\",\"inLanguage\":\"en-US\",\"@id\":\"https:\\\/\\\/pars.se\\\/#\\\/schema\\\/logo\\\/image\\\/\",\"url\":\"https:\\\/\\\/pars.se\\\/wp-content\\\/uploads\\\/parsred.png\",\"contentUrl\":\"https:\\\/\\\/pars.se\\\/wp-content\\\/uploads\\\/parsred.png\",\"width\":262,\"height\":136,\"caption\":\"Pars Pl\u00e5tgruppen AB\"},\"image\":{\"@id\":\"https:\\\/\\\/pars.se\\\/#\\\/schema\\\/logo\\\/image\\\/\"},\"sameAs\":[\"https:\\\/\\\/www.facebook.com\\\/Parsplatgruppen\",\"https:\\\/\\\/www.linkedin.com\\\/in\\\/pars-pl\u00e5tgruppen-ab-06762114b\\\/\",\"https:\\\/\\\/www.youtube.com\\\/channel\\\/UCZDn5IzDv1xIcAdG5_dN1eg\"]}]}<\/script>\n<!-- \/ Yoast SEO plugin. -->","yoast_head_json":{"title":"Quality - V\u00e4lkommen till Pars Pl\u00e5tgruppen AB","robots":{"index":"index","follow":"follow","max-snippet":"max-snippet:-1","max-image-preview":"max-image-preview:large","max-video-preview":"max-video-preview:-1"},"canonical":"https:\/\/pars.se\/en\/pars-group\/quality\/","og_locale":"en_US","og_type":"article","og_title":"Quality - V\u00e4lkommen till Pars Pl\u00e5tgruppen AB","og_description":"Quality At the Pars group, we always put quality first and our guiding principle is to always fulfill the customer&#8217;s wishes for product quality and delivery quality.\u00a0We work continuously with continuous improvements and preventive work to prevent possible sources of error as early as possible.\u00a0Together with our customers, we want to create that collaboration and","og_url":"https:\/\/pars.se\/en\/pars-group\/quality\/","og_site_name":"V\u00e4lkommen till Pars Pl\u00e5tgruppen AB","article_publisher":"https:\/\/www.facebook.com\/Parsplatgruppen","article_modified_time":"2022-09-01T12:14:31+00:00","og_image":[{"url":"http:\/\/www.pars.se\/wp-content\/uploads\/services.jpg","type":"","width":"","height":""}],"twitter_card":"summary_large_image","twitter_misc":{"Est. reading time":"1 minute"},"schema":{"@context":"https:\/\/schema.org","@graph":[{"@type":"WebPage","@id":"https:\/\/pars.se\/en\/pars-group\/quality\/","url":"https:\/\/pars.se\/en\/pars-group\/quality\/","name":"Quality - V\u00e4lkommen till Pars Pl\u00e5tgruppen AB","isPartOf":{"@id":"https:\/\/pars.se\/#website"},"primaryImageOfPage":{"@id":"https:\/\/pars.se\/en\/pars-group\/quality\/#primaryimage"},"image":{"@id":"https:\/\/pars.se\/en\/pars-group\/quality\/#primaryimage"},"thumbnailUrl":"http:\/\/www.pars.se\/wp-content\/uploads\/services.jpg","datePublished":"2017-08-22T07:14:52+00:00","dateModified":"2022-09-01T12:14:31+00:00","breadcrumb":{"@id":"https:\/\/pars.se\/en\/pars-group\/quality\/#breadcrumb"},"inLanguage":"en-US","potentialAction":[{"@type":"ReadAction","target":["https:\/\/pars.se\/en\/pars-group\/quality\/"]}]},{"@type":"ImageObject","inLanguage":"en-US","@id":"https:\/\/pars.se\/en\/pars-group\/quality\/#primaryimage","url":"http:\/\/www.pars.se\/wp-content\/uploads\/services.jpg","contentUrl":"http:\/\/www.pars.se\/wp-content\/uploads\/services.jpg"},{"@type":"BreadcrumbList","@id":"https:\/\/pars.se\/en\/pars-group\/quality\/#breadcrumb","itemListElement":[{"@type":"ListItem","position":1,"name":"Hem","item":"https:\/\/pars.se\/en\/"},{"@type":"ListItem","position":2,"name":"Pars Group","item":"https:\/\/pars.se\/en\/pars-group\/"},{"@type":"ListItem","position":3,"name":"Quality"}]},{"@type":"WebSite","@id":"https:\/\/pars.se\/#website","url":"https:\/\/pars.se\/","name":"V\u00e4lkommen till Pars Pl\u00e5tgruppen AB","description":"&quot;fr\u00e5n ide till f\u00e4rdig produkt&quot;","publisher":{"@id":"https:\/\/pars.se\/#organization"},"potentialAction":[{"@type":"SearchAction","target":{"@type":"EntryPoint","urlTemplate":"https:\/\/pars.se\/?s={search_term_string}"},"query-input":{"@type":"PropertyValueSpecification","valueRequired":true,"valueName":"search_term_string"}}],"inLanguage":"en-US"},{"@type":"Organization","@id":"https:\/\/pars.se\/#organization","name":"Pars Pl\u00e5tgruppen AB","url":"https:\/\/pars.se\/","logo":{"@type":"ImageObject","inLanguage":"en-US","@id":"https:\/\/pars.se\/#\/schema\/logo\/image\/","url":"https:\/\/pars.se\/wp-content\/uploads\/parsred.png","contentUrl":"https:\/\/pars.se\/wp-content\/uploads\/parsred.png","width":262,"height":136,"caption":"Pars Pl\u00e5tgruppen AB"},"image":{"@id":"https:\/\/pars.se\/#\/schema\/logo\/image\/"},"sameAs":["https:\/\/www.facebook.com\/Parsplatgruppen","https:\/\/www.linkedin.com\/in\/pars-pl\u00e5tgruppen-ab-06762114b\/","https:\/\/www.youtube.com\/channel\/UCZDn5IzDv1xIcAdG5_dN1eg"]}]}},"publishpress_future_action":{"enabled":false,"date":"2026-04-28 12:45:36","action":"change-status","newStatus":"draft","terms":[],"taxonomy":"translation_priority","extraData":[]},"publishpress_future_workflow_manual_trigger":{"enabledWorkflows":[]},"_links":{"self":[{"href":"https:\/\/pars.se\/en\/wp-json\/wp\/v2\/pages\/359","targetHints":{"allow":["GET"]}}],"collection":[{"href":"https:\/\/pars.se\/en\/wp-json\/wp\/v2\/pages"}],"about":[{"href":"https:\/\/pars.se\/en\/wp-json\/wp\/v2\/types\/page"}],"author":[{"embeddable":true,"href":"https:\/\/pars.se\/en\/wp-json\/wp\/v2\/users\/1"}],"replies":[{"embeddable":true,"href":"https:\/\/pars.se\/en\/wp-json\/wp\/v2\/comments?post=359"}],"version-history":[{"count":3,"href":"https:\/\/pars.se\/en\/wp-json\/wp\/v2\/pages\/359\/revisions"}],"predecessor-version":[{"id":1934,"href":"https:\/\/pars.se\/en\/wp-json\/wp\/v2\/pages\/359\/revisions\/1934"}],"up":[{"embeddable":true,"href":"https:\/\/pars.se\/en\/wp-json\/wp\/v2\/pages\/306"}],"wp:attachment":[{"href":"https:\/\/pars.se\/en\/wp-json\/wp\/v2\/media?parent=359"}],"curies":[{"name":"wp","href":"https:\/\/api.w.org\/{rel}","templated":true}]}}