{"id":360,"date":"2017-08-22T09:16:20","date_gmt":"2017-08-22T07:16:20","guid":{"rendered":"http:\/\/www.pars.se\/pars-group\/environment\/"},"modified":"2022-09-01T14:09:29","modified_gmt":"2022-09-01T12:09:29","slug":"environment","status":"publish","type":"page","link":"https:\/\/pars.se\/en\/pars-group\/environment\/","title":{"rendered":"Sustainability"},"content":{"rendered":"<h2><img decoding=\"async\" class=\"alignright size-full wp-image-24\" src=\"http:\/\/www.pars.se\/wp-content\/uploads\/miljo.jpg\" alt=\"\" width=\"300\" height=\"321\" srcset=\"https:\/\/pars.se\/wp-content\/uploads\/miljo-200x214.jpg 200w, https:\/\/pars.se\/wp-content\/uploads\/miljo-280x300.jpg 280w, https:\/\/pars.se\/wp-content\/uploads\/miljo.jpg 300w\" sizes=\"(max-width: 300px) 100vw, 300px\" \/><\/h2>\n<h2>Sustainability<\/h2>\n<p><strong>Climate<\/strong><\/p>\n<p>Reducing emissions of greenhouse gases is crucial to being able to meet the climate goals of the Paris Agreement and the sustainability ambitions of the Pars Group.\u00a0One of the most important things we can do is to reduce our industrial emissions.\u00a0The development of solutions that reduce the carbon footprint therefore has the highest priority in our sustainability strategy.<\/p>\n<p>The most important focus areas for reducing the climate footprint within our operations are energy use, waste and chemicals.<\/p>\n<p>Our goal is to annually reduce energy use by 5%.\u00a0We follow up our total energy use monthly and measure the electricity consumption of our most electricity-intensive machines in real time, this to ensure that we address the large energy consumers.<\/p>\n<p>We also work to get more high-strength material into our products, which means both a longer life for the product but also a lighter construction, which in turn reduces the fuel consumption of the machine to which the product belongs.\u00a0Our brand Eco-line buckets are an example of this, a 750 liter ECO-Line bucket weighs approx. 95 kg less than the standard buckets.<\/p>\n<p><strong>Resources<\/strong><\/p>\n<p>Our planet&#8217;s resources are limited.\u00a0Our ambition is to lead by example.\u00a0Circularity is an important factor in a large part of our work with improved resource efficiency.<\/p>\n<p>We recycle all our residual waste and make use of waste heat from our machines for heating our premises.\u00a0Constantly working for increased sheet utilization in our cutting machines is another important part of our endeavor to become more circular.<\/p>\n<p><strong>People<\/strong><\/p>\n<p><strong><em>Security<\/em><\/strong><\/p>\n<p>Safety is always the highest priority in everything we do.\u00a0We have a vision of zero accidents at our workplaces and with our products.\u00a0We believe that workplace accidents, incidents and work-related illnesses can be prevented to minimize both physical and psychological risks.<\/p>\n<p><strong><em>Leadership<\/em><\/strong><\/p>\n<p>Our leadership is based on caring for others, an unselfish desire for good cooperation based on the goals of delivering, improving and learning.\u00a0Our leaders&#8217; most important task is to strengthen the employee&#8217;s conditions, ability and attitude.<\/p>\n<p><strong><em>Utilize our full potential<\/em><\/strong><\/p>\n<p>Our overarching ambition is to\u00a0tap into the potential of each employee and use our individual and collective strengths to drive our current business and transform in a way that suits tomorrow&#8217;s business needs.\u00a0We develop the skills of our staff and encourage them to try new tasks.<\/p>\n<p><strong><em>Diversity and inclusion<\/em><\/strong><\/p>\n<p>We know that an inclusive work environment unlocks the hidden potential of our people and diversity promotes increased performance by enriching our creativity, becoming more innovative and improving our decision-making.\u00a0We all have different backgrounds and experiences that can provide valuable and unique perspectives.<\/p>\n","protected":false},"excerpt":{"rendered":"<p>Sustainability Climate Reducing emissions of greenhouse gases is crucial to being able to meet the climate goals of the Paris Agreement and the sustainability ambitions of the Pars Group.\u00a0One of the most important things we can do is to reduce our industrial emissions.\u00a0The development of solutions that reduce the carbon footprint therefore has the highest<\/p>\n","protected":false},"author":1,"featured_media":0,"parent":306,"menu_order":0,"comment_status":"closed","ping_status":"closed","template":"","meta":{"footnotes":""},"class_list":["post-360","page","type-page","status-publish","hentry"],"yoast_head":"<!-- This site is optimized with the Yoast SEO plugin v27.3 - https:\/\/yoast.com\/product\/yoast-seo-wordpress\/ -->\n<title>Sustainability - V\u00e4lkommen till Pars Pl\u00e5tgruppen AB<\/title>\n<meta name=\"robots\" content=\"index, follow, max-snippet:-1, max-image-preview:large, max-video-preview:-1\" \/>\n<link rel=\"canonical\" href=\"https:\/\/pars.se\/en\/pars-group\/environment\/\" \/>\n<meta property=\"og:locale\" content=\"en_US\" \/>\n<meta property=\"og:type\" content=\"article\" \/>\n<meta property=\"og:title\" content=\"Sustainability - V\u00e4lkommen till Pars Pl\u00e5tgruppen AB\" \/>\n<meta property=\"og:description\" content=\"Sustainability Climate Reducing emissions of greenhouse gases is crucial to being able to meet the climate goals of the Paris Agreement and the sustainability ambitions of the Pars Group.\u00a0One of the most important things we can do is to reduce our industrial emissions.\u00a0The development of solutions that reduce the carbon footprint therefore has the highest\" \/>\n<meta property=\"og:url\" content=\"https:\/\/pars.se\/en\/pars-group\/environment\/\" \/>\n<meta property=\"og:site_name\" content=\"V\u00e4lkommen till Pars Pl\u00e5tgruppen AB\" \/>\n<meta property=\"article:publisher\" content=\"https:\/\/www.facebook.com\/Parsplatgruppen\" \/>\n<meta property=\"article:modified_time\" content=\"2022-09-01T12:09:29+00:00\" \/>\n<meta property=\"og:image\" content=\"http:\/\/www.pars.se\/wp-content\/uploads\/miljo.jpg\" \/>\n<meta name=\"twitter:card\" content=\"summary_large_image\" \/>\n<meta name=\"twitter:label1\" content=\"Est. reading time\" \/>\n\t<meta name=\"twitter:data1\" content=\"3 minutes\" \/>\n<script type=\"application\/ld+json\" class=\"yoast-schema-graph\">{\"@context\":\"https:\\\/\\\/schema.org\",\"@graph\":[{\"@type\":\"WebPage\",\"@id\":\"https:\\\/\\\/pars.se\\\/en\\\/pars-group\\\/environment\\\/\",\"url\":\"https:\\\/\\\/pars.se\\\/en\\\/pars-group\\\/environment\\\/\",\"name\":\"Sustainability - V\u00e4lkommen till Pars Pl\u00e5tgruppen AB\",\"isPartOf\":{\"@id\":\"https:\\\/\\\/pars.se\\\/#website\"},\"primaryImageOfPage\":{\"@id\":\"https:\\\/\\\/pars.se\\\/en\\\/pars-group\\\/environment\\\/#primaryimage\"},\"image\":{\"@id\":\"https:\\\/\\\/pars.se\\\/en\\\/pars-group\\\/environment\\\/#primaryimage\"},\"thumbnailUrl\":\"http:\\\/\\\/www.pars.se\\\/wp-content\\\/uploads\\\/miljo.jpg\",\"datePublished\":\"2017-08-22T07:16:20+00:00\",\"dateModified\":\"2022-09-01T12:09:29+00:00\",\"breadcrumb\":{\"@id\":\"https:\\\/\\\/pars.se\\\/en\\\/pars-group\\\/environment\\\/#breadcrumb\"},\"inLanguage\":\"en-US\",\"potentialAction\":[{\"@type\":\"ReadAction\",\"target\":[\"https:\\\/\\\/pars.se\\\/en\\\/pars-group\\\/environment\\\/\"]}]},{\"@type\":\"ImageObject\",\"inLanguage\":\"en-US\",\"@id\":\"https:\\\/\\\/pars.se\\\/en\\\/pars-group\\\/environment\\\/#primaryimage\",\"url\":\"http:\\\/\\\/www.pars.se\\\/wp-content\\\/uploads\\\/miljo.jpg\",\"contentUrl\":\"http:\\\/\\\/www.pars.se\\\/wp-content\\\/uploads\\\/miljo.jpg\"},{\"@type\":\"BreadcrumbList\",\"@id\":\"https:\\\/\\\/pars.se\\\/en\\\/pars-group\\\/environment\\\/#breadcrumb\",\"itemListElement\":[{\"@type\":\"ListItem\",\"position\":1,\"name\":\"Hem\",\"item\":\"https:\\\/\\\/pars.se\\\/en\\\/\"},{\"@type\":\"ListItem\",\"position\":2,\"name\":\"Pars Group\",\"item\":\"https:\\\/\\\/pars.se\\\/en\\\/pars-group\\\/\"},{\"@type\":\"ListItem\",\"position\":3,\"name\":\"Sustainability\"}]},{\"@type\":\"WebSite\",\"@id\":\"https:\\\/\\\/pars.se\\\/#website\",\"url\":\"https:\\\/\\\/pars.se\\\/\",\"name\":\"V\u00e4lkommen till Pars Pl\u00e5tgruppen AB\",\"description\":\"&quot;fr\u00e5n ide till f\u00e4rdig produkt&quot;\",\"publisher\":{\"@id\":\"https:\\\/\\\/pars.se\\\/#organization\"},\"potentialAction\":[{\"@type\":\"SearchAction\",\"target\":{\"@type\":\"EntryPoint\",\"urlTemplate\":\"https:\\\/\\\/pars.se\\\/?s={search_term_string}\"},\"query-input\":{\"@type\":\"PropertyValueSpecification\",\"valueRequired\":true,\"valueName\":\"search_term_string\"}}],\"inLanguage\":\"en-US\"},{\"@type\":\"Organization\",\"@id\":\"https:\\\/\\\/pars.se\\\/#organization\",\"name\":\"Pars Pl\u00e5tgruppen AB\",\"url\":\"https:\\\/\\\/pars.se\\\/\",\"logo\":{\"@type\":\"ImageObject\",\"inLanguage\":\"en-US\",\"@id\":\"https:\\\/\\\/pars.se\\\/#\\\/schema\\\/logo\\\/image\\\/\",\"url\":\"https:\\\/\\\/pars.se\\\/wp-content\\\/uploads\\\/parsred.png\",\"contentUrl\":\"https:\\\/\\\/pars.se\\\/wp-content\\\/uploads\\\/parsred.png\",\"width\":262,\"height\":136,\"caption\":\"Pars Pl\u00e5tgruppen AB\"},\"image\":{\"@id\":\"https:\\\/\\\/pars.se\\\/#\\\/schema\\\/logo\\\/image\\\/\"},\"sameAs\":[\"https:\\\/\\\/www.facebook.com\\\/Parsplatgruppen\",\"https:\\\/\\\/www.linkedin.com\\\/in\\\/pars-pl\u00e5tgruppen-ab-06762114b\\\/\",\"https:\\\/\\\/www.youtube.com\\\/channel\\\/UCZDn5IzDv1xIcAdG5_dN1eg\"]}]}<\/script>\n<!-- \/ Yoast SEO plugin. -->","yoast_head_json":{"title":"Sustainability - V\u00e4lkommen till Pars Pl\u00e5tgruppen AB","robots":{"index":"index","follow":"follow","max-snippet":"max-snippet:-1","max-image-preview":"max-image-preview:large","max-video-preview":"max-video-preview:-1"},"canonical":"https:\/\/pars.se\/en\/pars-group\/environment\/","og_locale":"en_US","og_type":"article","og_title":"Sustainability - V\u00e4lkommen till Pars Pl\u00e5tgruppen AB","og_description":"Sustainability Climate Reducing emissions of greenhouse gases is crucial to being able to meet the climate goals of the Paris Agreement and the sustainability ambitions of the Pars Group.\u00a0One of the most important things we can do is to reduce our industrial emissions.\u00a0The development of solutions that reduce the carbon footprint therefore has the highest","og_url":"https:\/\/pars.se\/en\/pars-group\/environment\/","og_site_name":"V\u00e4lkommen till Pars Pl\u00e5tgruppen AB","article_publisher":"https:\/\/www.facebook.com\/Parsplatgruppen","article_modified_time":"2022-09-01T12:09:29+00:00","og_image":[{"url":"http:\/\/www.pars.se\/wp-content\/uploads\/miljo.jpg","type":"","width":"","height":""}],"twitter_card":"summary_large_image","twitter_misc":{"Est. reading time":"3 minutes"},"schema":{"@context":"https:\/\/schema.org","@graph":[{"@type":"WebPage","@id":"https:\/\/pars.se\/en\/pars-group\/environment\/","url":"https:\/\/pars.se\/en\/pars-group\/environment\/","name":"Sustainability - V\u00e4lkommen till Pars Pl\u00e5tgruppen AB","isPartOf":{"@id":"https:\/\/pars.se\/#website"},"primaryImageOfPage":{"@id":"https:\/\/pars.se\/en\/pars-group\/environment\/#primaryimage"},"image":{"@id":"https:\/\/pars.se\/en\/pars-group\/environment\/#primaryimage"},"thumbnailUrl":"http:\/\/www.pars.se\/wp-content\/uploads\/miljo.jpg","datePublished":"2017-08-22T07:16:20+00:00","dateModified":"2022-09-01T12:09:29+00:00","breadcrumb":{"@id":"https:\/\/pars.se\/en\/pars-group\/environment\/#breadcrumb"},"inLanguage":"en-US","potentialAction":[{"@type":"ReadAction","target":["https:\/\/pars.se\/en\/pars-group\/environment\/"]}]},{"@type":"ImageObject","inLanguage":"en-US","@id":"https:\/\/pars.se\/en\/pars-group\/environment\/#primaryimage","url":"http:\/\/www.pars.se\/wp-content\/uploads\/miljo.jpg","contentUrl":"http:\/\/www.pars.se\/wp-content\/uploads\/miljo.jpg"},{"@type":"BreadcrumbList","@id":"https:\/\/pars.se\/en\/pars-group\/environment\/#breadcrumb","itemListElement":[{"@type":"ListItem","position":1,"name":"Hem","item":"https:\/\/pars.se\/en\/"},{"@type":"ListItem","position":2,"name":"Pars Group","item":"https:\/\/pars.se\/en\/pars-group\/"},{"@type":"ListItem","position":3,"name":"Sustainability"}]},{"@type":"WebSite","@id":"https:\/\/pars.se\/#website","url":"https:\/\/pars.se\/","name":"V\u00e4lkommen till Pars Pl\u00e5tgruppen AB","description":"&quot;fr\u00e5n ide till f\u00e4rdig produkt&quot;","publisher":{"@id":"https:\/\/pars.se\/#organization"},"potentialAction":[{"@type":"SearchAction","target":{"@type":"EntryPoint","urlTemplate":"https:\/\/pars.se\/?s={search_term_string}"},"query-input":{"@type":"PropertyValueSpecification","valueRequired":true,"valueName":"search_term_string"}}],"inLanguage":"en-US"},{"@type":"Organization","@id":"https:\/\/pars.se\/#organization","name":"Pars Pl\u00e5tgruppen AB","url":"https:\/\/pars.se\/","logo":{"@type":"ImageObject","inLanguage":"en-US","@id":"https:\/\/pars.se\/#\/schema\/logo\/image\/","url":"https:\/\/pars.se\/wp-content\/uploads\/parsred.png","contentUrl":"https:\/\/pars.se\/wp-content\/uploads\/parsred.png","width":262,"height":136,"caption":"Pars Pl\u00e5tgruppen AB"},"image":{"@id":"https:\/\/pars.se\/#\/schema\/logo\/image\/"},"sameAs":["https:\/\/www.facebook.com\/Parsplatgruppen","https:\/\/www.linkedin.com\/in\/pars-pl\u00e5tgruppen-ab-06762114b\/","https:\/\/www.youtube.com\/channel\/UCZDn5IzDv1xIcAdG5_dN1eg"]}]}},"publishpress_future_action":{"enabled":false,"date":"2026-04-15 04:09:20","action":"change-status","newStatus":"draft","terms":[],"taxonomy":"translation_priority","extraData":[]},"publishpress_future_workflow_manual_trigger":{"enabledWorkflows":[]},"_links":{"self":[{"href":"https:\/\/pars.se\/en\/wp-json\/wp\/v2\/pages\/360","targetHints":{"allow":["GET"]}}],"collection":[{"href":"https:\/\/pars.se\/en\/wp-json\/wp\/v2\/pages"}],"about":[{"href":"https:\/\/pars.se\/en\/wp-json\/wp\/v2\/types\/page"}],"author":[{"embeddable":true,"href":"https:\/\/pars.se\/en\/wp-json\/wp\/v2\/users\/1"}],"replies":[{"embeddable":true,"href":"https:\/\/pars.se\/en\/wp-json\/wp\/v2\/comments?post=360"}],"version-history":[{"count":4,"href":"https:\/\/pars.se\/en\/wp-json\/wp\/v2\/pages\/360\/revisions"}],"predecessor-version":[{"id":1932,"href":"https:\/\/pars.se\/en\/wp-json\/wp\/v2\/pages\/360\/revisions\/1932"}],"up":[{"embeddable":true,"href":"https:\/\/pars.se\/en\/wp-json\/wp\/v2\/pages\/306"}],"wp:attachment":[{"href":"https:\/\/pars.se\/en\/wp-json\/wp\/v2\/media?parent=360"}],"curies":[{"name":"wp","href":"https:\/\/api.w.org\/{rel}","templated":true}]}}